{"id":113,"date":"2016-02-14T12:29:43","date_gmt":"2016-02-14T11:29:43","guid":{"rendered":"http:\/\/www.druckundwerbung.at\/wordpress\/?page_id=113"},"modified":"2018-03-02T15:12:47","modified_gmt":"2018-03-02T14:12:47","slug":"privatsphaere-und-datenschutz","status":"publish","type":"page","link":"https:\/\/www.druckundwerbung.at\/wordpress\/privatsphaere-und-datenschutz\/","title":{"rendered":"Privatsph\u00e4re und Datenschutz"},"content":{"rendered":"<div class=\"wpb-content-wrapper\"><p>[vc_row margin_top=&#8220;-50px&#8220;][vc_column][vc_column_text]<\/p>\n<h1>Privatsph\u00e4re und Datenschutz<\/h1>\n<p>[\/vc_column_text][\/vc_column][vc_column][ultimate_spacer height=&#8220;55&#8243;][\/vc_column][\/vc_row][vc_row][vc_column][vc_column_text]Products4more Vertriebs- und System GmbH verpflichtet sich, Ihre Privatsph\u00e4re und Ihre pers\u00f6nlichen Daten zu sch\u00fctzen. Ihre personenbezogenen Daten werden ausschlie\u00dflich nach den strengen Vorschriften des europ\u00e4ischen Datenschutzrechts erhoben, verarbeitet und genutzt. Wir verwenden die uns \u00fcberlassenen Daten lediglich zur Abwicklung der Bestellung und nur mit Einwilligung unserer Kunden.<\/p>\n<p>Products4more Vertriebs- und System GmbH verkauft keine pers\u00f6nlichen Daten der Kunden und \u00fcberl\u00e4sst diese Daten nicht Dritten, es sei denn, es handelt sich um Partnerunternehmungen, die uns bei der Abwicklung der Bestellung unterst\u00fctzen, wie z.B. Post AG, GLS.<\/p>\n<p>Mit Absenden der Bestellung erkl\u00e4ren Sie sich damit einverstanden, dass Ihre Daten zum Zwecke der Abwicklung der Bestellung von uns erhoben, verarbeitet und genutzt werden.<\/p>\n<p>Um einen optimalen Schutz der uns zur Verf\u00fcgung gestellten Daten zu gew\u00e4hrleisten, haben wir eine Reihe von Ma\u00dfnahmen getroffen:<\/p>\n<p>Welche Kundeninformationen ben\u00f6tigt Products4more Vertriebs- und System GmbH? Um Sie schnell und einfach beliefern zu k\u00f6nnen, ben\u00f6tigen wir Ihren vollen Namen, Ihre E-Mail Adresse, die Rechnungs- und evtl. die Lieferadresse, sowie ggf. Ihre Kreditkartendaten. Nur so k\u00f6nnen wir Ihre Bestellung abwickeln und Sie \u00fcber den Status Ihrer Bestellung auf dem Laufenden halten. Einige Minuten nach Absenden der Bestellung senden wir Ihnen zur Information eine E-Mail mit Ihren vollst\u00e4ndigen Bestelldaten zu.<\/p>\n<p>Wozu werden die Daten weiterhin genutzt? Die gespeicherten Informationen verwendet Products4more Vertriebs- und System GmbH, um Sie ab und zu \u00fcber \u00c4nderungen auf unserer Website, die neuesten Products4more Vertriebs- und System GmbH &#8211; Services und interessante, topaktuelle Angebote zu informieren. Damit wir Ihre Bestellung ausf\u00fchren k\u00f6nnen, m\u00fcssen wir m\u00f6glicherweise Daten an unsere Logistikpartner (z.B. Post) weiterleiten. Dies geschieht jedoch selbstverst\u00e4ndlich unter strenger Wahrung der Vertraulichkeit Ihrer Daten.<\/p>\n<p>Wir verwenden Cookies. Cookies werden von Ihrem Browser auf der Festplatte Ihres Computers gespeichert. Cookies sind die Voraussetzung f\u00fcr die Benutzung unseres Warenkorbsystems. Unsere Cookies enthalten keine personenspezifischen Informationen, so dass Ihre Privatsph\u00e4re gesch\u00fctzt ist. Unsere Cookies bleiben auf Ihrem Computer auch nur solange existent, bis Sie ihren Web-Browser wieder schlie\u00dfen. Die meisten Web-Browser akzeptieren Cookies automatisch. Sie k\u00f6nnen die Einstellungen Ihres Browsers jedoch individuell \u00e4ndern, um dies zu vermeiden. F\u00fcr mehr Informationen \u00fcber Cookies klicken Sie <a href=\"https:\/\/www.druckundwerbung.at\/wordpress\/?page_id=298\" target=\"_blank\">hier<\/a>.<\/p>\n<p>Sollte k\u00fcnftig eine \u00c4nderung dieser Datenschutzinformationen n\u00f6tig werden, so finden Sie an dieser Stelle stets den aktuellen Stand.[\/vc_column_text][\/vc_column][\/vc_row]<\/p>\n<\/div>","protected":false},"excerpt":{"rendered":"<p>[vc_row margin_top=&#8220;-50px&#8220;][vc_column][vc_column_text] Privatsph\u00e4re und Datenschutz [\/vc_column_text][\/vc_column][vc_column][ultimate_spacer height=&#8220;55&#8243;][\/vc_column][\/vc_row][vc_row][vc_column][vc_column_text]Products4more Vertriebs- und System GmbH verpflichtet sich, Ihre Privatsph\u00e4re und Ihre pers\u00f6nlichen Daten zu sch\u00fctzen. Ihre personenbezogenen Daten werden ausschlie\u00dflich nach den strengen Vorschriften des europ\u00e4ischen Datenschutzrechts erhoben, verarbeitet und genutzt. Wir verwenden die uns \u00fcberlassenen Daten lediglich zur Abwicklung der Bestellung und nur mit Einwilligung unserer Kunden. Products4more&hellip;<\/p>\n","protected":false},"author":1,"featured_media":0,"parent":0,"menu_order":0,"comment_status":"closed","ping_status":"closed","template":"","meta":{"footnotes":""},"class_list":["post-113","page","type-page","status-publish","hentry","description-off"],"_links":{"self":[{"href":"https:\/\/www.druckundwerbung.at\/wordpress\/wp-json\/wp\/v2\/pages\/113","targetHints":{"allow":["GET"]}}],"collection":[{"href":"https:\/\/www.druckundwerbung.at\/wordpress\/wp-json\/wp\/v2\/pages"}],"about":[{"href":"https:\/\/www.druckundwerbung.at\/wordpress\/wp-json\/wp\/v2\/types\/page"}],"author":[{"embeddable":true,"href":"https:\/\/www.druckundwerbung.at\/wordpress\/wp-json\/wp\/v2\/users\/1"}],"replies":[{"embeddable":true,"href":"https:\/\/www.druckundwerbung.at\/wordpress\/wp-json\/wp\/v2\/comments?post=113"}],"version-history":[{"count":1,"href":"https:\/\/www.druckundwerbung.at\/wordpress\/wp-json\/wp\/v2\/pages\/113\/revisions"}],"predecessor-version":[{"id":1251,"href":"https:\/\/www.druckundwerbung.at\/wordpress\/wp-json\/wp\/v2\/pages\/113\/revisions\/1251"}],"wp:attachment":[{"href":"https:\/\/www.druckundwerbung.at\/wordpress\/wp-json\/wp\/v2\/media?parent=113"}],"curies":[{"name":"wp","href":"https:\/\/api.w.org\/{rel}","templated":true}]}}