{"id":118,"date":"2016-02-14T12:32:51","date_gmt":"2016-02-14T11:32:51","guid":{"rendered":"http:\/\/www.druckundwerbung.at\/wordpress\/?page_id=118"},"modified":"2025-12-09T06:09:47","modified_gmt":"2025-12-09T05:09:47","slug":"widerruf","status":"publish","type":"page","link":"https:\/\/www.druckundwerbung.at\/wordpress\/widerruf\/","title":{"rendered":"Widerruf"},"content":{"rendered":"<div class=\"wpb-content-wrapper\"><p>[vc_row margin_top=&#8220;-50px&#8220;][vc_column][vc_column_text]<\/p>\n<h1>Widerruf<\/h1>\n<p>[\/vc_column_text][\/vc_column][vc_column][vc_column_text][ultimate_spacer height=&#8220;35&#8243;][\/vc_column_text][\/vc_column][\/vc_row][vc_row][vc_column][vc_column_text css=&#8220;&#8220;]Hier k\u00f6nnen Sie Ihr Widerrufsrecht in Anspruch nehmen. F\u00fcr genauere Informationen zum Widerrufsrecht klicken Sie bitte <a href=\"https:\/\/www.druckundwerbung.at\/wordpress\/allgemeine-geschaeftsbedingungen\/\" target=\"_blank\" rel=\"noopener noreferrer\">hier<\/a>.<\/p>\n<p>Wenn Sie einen Vertrag widerrufen wollen, dann f\u00fcllen Sie bitte das nachfolgende Formular online aus oder laden Sie sich unser Widerrufsformular <a href=\"https:\/\/www.druckundwerbung.at\/wordpress\/wp-content\/uploads\/2016\/03\/Muster-Widerrufsformular.pdf\" target=\"_blank\" rel=\"noopener noreferrer\">hier<\/a>\u00a0als PDF herunter und senden es an untenstehende Adresse bzw. E-Mail-Adresse.<\/p>\n<p><em>Um die zum Download angebotenen PDF-Dateien zu \u00f6ffnen, ben\u00f6tigen Sie ein Zusatzprogramm, wie zum Beispiel den Adobe Acrobat Reader, welchen Sie im Internet kostenfrei herunterladen k\u00f6nnen. Die aktuelle Version des Adobe Acrobat Readers finden Sie\u00a0<a href=\"https:\/\/get.adobe.com\/de\/reader\/\" target=\"_blank\" rel=\"noopener noreferrer\"><u>hier<\/u><\/a>.<\/em><\/p>\n<p>Products4more Vertriebs- und System GmbH<br \/>\nMartin M\u00fcller<br \/>\nMolkereistra\u00dfe 6<br \/>\n2700 Wiener Neustadt<br \/>\n\u00d6sterreich<\/p>\n<p>Fax: 02622 69467-7<br \/>\nE-Mail: <a class=\"linkNorm\" href=\"mailto:duw@meindrucker.net\">onlineshop@druckundwerbung.at<\/a>[\/vc_column_text][\/vc_column][\/vc_row][vc_row][vc_column][vc_empty_space]\n<div class=\"wpcf7 no-js\" id=\"wpcf7-f207-o1\" lang=\"de-DE\" dir=\"ltr\" data-wpcf7-id=\"207\">\n<div class=\"screen-reader-response\"><p role=\"status\" aria-live=\"polite\" aria-atomic=\"true\"><\/p> <ul><\/ul><\/div>\n<form action=\"\/wordpress\/wp-json\/wp\/v2\/pages\/118#wpcf7-f207-o1\" method=\"post\" class=\"wpcf7-form init\" aria-label=\"Kontaktformular\" novalidate=\"novalidate\" data-status=\"init\">\n<fieldset class=\"hidden-fields-container\"><input type=\"hidden\" name=\"_wpcf7\" value=\"207\" \/><input type=\"hidden\" name=\"_wpcf7_version\" value=\"6.1.5\" \/><input type=\"hidden\" name=\"_wpcf7_locale\" value=\"de_DE\" \/><input type=\"hidden\" name=\"_wpcf7_unit_tag\" value=\"wpcf7-f207-o1\" \/><input type=\"hidden\" name=\"_wpcf7_container_post\" value=\"0\" \/><input type=\"hidden\" name=\"_wpcf7_posted_data_hash\" value=\"\" \/><input type=\"hidden\" name=\"_wpcf7_recaptcha_response\" value=\"\" \/>\n<\/fieldset>\n<p>Hiermit widerrufe ich den von mir abgeschlossenen Vertrag \u00fcber den Kauf der folgenden Waren\/die Erbringung der folgenden Dienstleistung:*\n<\/p>\n<p><span class=\"wpcf7-form-control-wrap\" data-name=\"Widerrufsware\"><input size=\"40\" maxlength=\"400\" class=\"wpcf7-form-control wpcf7-text wpcf7-validates-as-required\" aria-required=\"true\" aria-invalid=\"false\" value=\"\" type=\"text\" name=\"Widerrufsware\" \/><\/span>\n<\/p>\n<p><span class=\"wpcf7-form-control-wrap\" data-name=\"EBDatum\"><span class=\"wpcf7-form-control wpcf7-checkbox wpcf7-validates-as-required wpcf7-exclusive-checkbox\"><span class=\"wpcf7-list-item first\"><input type=\"checkbox\" name=\"EBDatum\" value=\"Bestellt am\" \/><span class=\"wpcf7-list-item-label\">Bestellt am<\/span><\/span><span class=\"wpcf7-list-item last\"><input type=\"checkbox\" name=\"EBDatum\" value=\"Erhalten am*\" \/><span class=\"wpcf7-list-item-label\">Erhalten am*<\/span><\/span><\/span><\/span>\n<\/p>\n<p><br \/>\n<span class=\"wpcf7-form-control-wrap\" data-name=\"Datum\"><input size=\"40\" maxlength=\"400\" class=\"wpcf7-form-control wpcf7-text wpcf7-validates-as-required\" aria-required=\"true\" aria-invalid=\"false\" value=\"\" type=\"text\" name=\"Datum\" \/><\/span>\n<\/p>\n<p>Name des\/der Verbraucher(s):\n<\/p>\n<p><span class=\"wpcf7-form-control-wrap\" data-name=\"Anrede\"><span class=\"wpcf7-form-control wpcf7-checkbox wpcf7-validates-as-required wpcf7-exclusive-checkbox\"><span class=\"wpcf7-list-item first\"><input type=\"checkbox\" name=\"Anrede\" value=\"Herr\" \/><span class=\"wpcf7-list-item-label\">Herr<\/span><\/span><span class=\"wpcf7-list-item last\"><input type=\"checkbox\" name=\"Anrede\" value=\"Frau*\" \/><span class=\"wpcf7-list-item-label\">Frau*<\/span><\/span><\/span><\/span>\n<\/p>\n<p>Vorname*\n<\/p>\n<p><span class=\"wpcf7-form-control-wrap\" data-name=\"Vorname\"><input size=\"40\" maxlength=\"400\" class=\"wpcf7-form-control wpcf7-text wpcf7-validates-as-required\" aria-required=\"true\" aria-invalid=\"false\" value=\"\" type=\"text\" name=\"Vorname\" \/><\/span>\n<\/p>\n<p>Nachname*\n<\/p>\n<p><span class=\"wpcf7-form-control-wrap\" data-name=\"Nachname\"><input size=\"40\" maxlength=\"400\" class=\"wpcf7-form-control wpcf7-text wpcf7-validates-as-required\" aria-required=\"true\" aria-invalid=\"false\" value=\"\" type=\"text\" name=\"Nachname\" \/><\/span>\n<\/p>\n<p>Anschrift des\/der Verbraucher(s):\n<\/p>\n<p>Stra\u00dfe, Nr.*\n<\/p>\n<p><span class=\"wpcf7-form-control-wrap\" data-name=\"Strasse\"><input size=\"40\" maxlength=\"400\" class=\"wpcf7-form-control wpcf7-text wpcf7-validates-as-required\" aria-required=\"true\" aria-invalid=\"false\" value=\"\" type=\"text\" name=\"Strasse\" \/><\/span>\n<\/p>\n<p>PLZ, Ort*\n<\/p>\n<p><span class=\"wpcf7-form-control-wrap\" data-name=\"Ort\"><input size=\"40\" maxlength=\"400\" class=\"wpcf7-form-control wpcf7-text wpcf7-validates-as-required\" aria-required=\"true\" aria-invalid=\"false\" value=\"\" type=\"text\" name=\"Ort\" \/><\/span>\n<\/p>\n<p>Land (nur bei Verbrauchern aus dem Ausland)\n<\/p>\n<p><span class=\"wpcf7-form-control-wrap\" data-name=\"Land\"><input size=\"40\" maxlength=\"400\" class=\"wpcf7-form-control wpcf7-text\" aria-invalid=\"false\" value=\"\" type=\"text\" name=\"Land\" \/><\/span>\n<\/p>\n<p>Ihre E-Mail-Adresse, um den Erhalt des Widerrufs unverz\u00fcglich zu best\u00e4tigen:*\n<\/p>\n<p><span class=\"wpcf7-form-control-wrap\" data-name=\"E-Mail\"><input size=\"40\" maxlength=\"400\" class=\"wpcf7-form-control wpcf7-email wpcf7-validates-as-required wpcf7-text wpcf7-validates-as-email\" aria-required=\"true\" aria-invalid=\"false\" value=\"\" type=\"email\" name=\"E-Mail\" \/><\/span>\n<\/p>\n<p>Widerrufsdatum*\n<\/p>\n<p><span class=\"wpcf7-form-control-wrap\" data-name=\"Widerrufsdatum\"><input size=\"40\" maxlength=\"400\" class=\"wpcf7-form-control wpcf7-text wpcf7-validates-as-required\" aria-required=\"true\" aria-invalid=\"false\" value=\"\" type=\"text\" name=\"Widerrufsdatum\" \/><\/span>\n<\/p>\n<p>*Pflichtfelder\n<\/p>\n<div>\n<div class=\"wpcf7-turnstile cf-turnstile\" data-sitekey=\"0x4AAAAAACKJflP6DS0b8kCH\" data-response-field-name=\"_wpcf7_turnstile_response\"><\/div>\n<\/div>\n<p><input class=\"wpcf7-form-control wpcf7-submit has-spinner\" type=\"submit\" value=\"Widerruf erkl\u00e4ren\" \/>\n<\/p><div class=\"wpcf7-response-output\" aria-hidden=\"true\"><\/div>\n<\/form>\n<\/div>\n[\/vc_column][\/vc_row][vc_row][vc_column][\/vc_column][\/vc_row]<\/p>\n<\/div>","protected":false},"excerpt":{"rendered":"<p>[vc_row margin_top=&#8220;-50px&#8220;][vc_column][vc_column_text] Widerruf [\/vc_column_text][\/vc_column][vc_column][vc_column_text][ultimate_spacer height=&#8220;35&#8243;][\/vc_column_text][\/vc_column][\/vc_row][vc_row][vc_column][vc_column_text css=&#8220;&#8220;]Hier k\u00f6nnen Sie Ihr Widerrufsrecht in Anspruch nehmen. F\u00fcr genauere Informationen zum Widerrufsrecht klicken Sie bitte hier. Wenn Sie einen Vertrag widerrufen wollen, dann f\u00fcllen Sie bitte das nachfolgende Formular online aus oder laden Sie sich unser Widerrufsformular hier\u00a0als PDF herunter und senden es an untenstehende Adresse bzw. E-Mail-Adresse. Um&hellip;<\/p>\n","protected":false},"author":1,"featured_media":0,"parent":0,"menu_order":0,"comment_status":"closed","ping_status":"closed","template":"","meta":{"footnotes":""},"class_list":["post-118","page","type-page","status-publish","hentry","description-off"],"_links":{"self":[{"href":"https:\/\/www.druckundwerbung.at\/wordpress\/wp-json\/wp\/v2\/pages\/118","targetHints":{"allow":["GET"]}}],"collection":[{"href":"https:\/\/www.druckundwerbung.at\/wordpress\/wp-json\/wp\/v2\/pages"}],"about":[{"href":"https:\/\/www.druckundwerbung.at\/wordpress\/wp-json\/wp\/v2\/types\/page"}],"author":[{"embeddable":true,"href":"https:\/\/www.druckundwerbung.at\/wordpress\/wp-json\/wp\/v2\/users\/1"}],"replies":[{"embeddable":true,"href":"https:\/\/www.druckundwerbung.at\/wordpress\/wp-json\/wp\/v2\/comments?post=118"}],"version-history":[{"count":3,"href":"https:\/\/www.druckundwerbung.at\/wordpress\/wp-json\/wp\/v2\/pages\/118\/revisions"}],"predecessor-version":[{"id":1381,"href":"https:\/\/www.druckundwerbung.at\/wordpress\/wp-json\/wp\/v2\/pages\/118\/revisions\/1381"}],"wp:attachment":[{"href":"https:\/\/www.druckundwerbung.at\/wordpress\/wp-json\/wp\/v2\/media?parent=118"}],"curies":[{"name":"wp","href":"https:\/\/api.w.org\/{rel}","templated":true}]}}