{"id":1308,"date":"2020-05-31T20:02:00","date_gmt":"2020-05-31T18:02:00","guid":{"rendered":"https:\/\/www.druckundwerbung.at\/wordpress\/?page_id=1308"},"modified":"2020-05-31T20:54:13","modified_gmt":"2020-05-31T18:54:13","slug":"umzug-neuer-standort","status":"publish","type":"page","link":"https:\/\/www.druckundwerbung.at\/wordpress\/umzug-neuer-standort\/","title":{"rendered":"Umzug \/ neuer Standort"},"content":{"rendered":"<div class=\"wpb-content-wrapper\"><p>[vc_row margin_bottom=&#8220;-60&#8243; css=&#8220;.vc_custom_1590947893488{margin-bottom: -30px !important;}&#8220;][vc_column][vc_column_text]<\/p>\n<h1>Standortverlegung<br \/>\nin Wiener Neustadt<\/h1>\n<p>[\/vc_column_text][vc_column_text css_animation=&#8220;slideInUp&#8220;]Nach langen Jahre CopyShop &#8222;Druck und Werbung&#8220; (ehemals Firma Rauch) in der Fischauer Gasse 209, \u00fcbersiedeln wir ab 12. Juni 2020 in die <a href=\"https:\/\/www.google.at\/maps\/place\/MeinDrucker.net\/@47.793856,16.2198598,17z\/data=!4m12!1m6!3m5!1s0x476dcc6d43f189c3:0x7f717e139f8e8097!2sMeinDrucker.net!8m2!3d47.793856!4d16.2220485!3m4!1s0x476dcc6d43f189c3:0x7f717e139f8e8097!8m2!3d47.793856!4d16.2220485\" target=\"_blank\" rel=\"noopener noreferrer\">Molkereistra\u00dfe 6, Wiener Neustadt<\/a>, in die R\u00e4umlichkeiten unserer Mutterfirma <a href=\"https:\/\/www.meindrucker.net\">MeinDrucker.net<\/a>[\/vc_column_text][\/vc_column][\/vc_row][vc_row][vc_column][vc_column_text css=&#8220;.vc_custom_1590950718614{padding-top: 20px !important;}&#8220;]<\/p>\n<h2><strong>Was kommt? <\/strong><\/h2>\n<p>F\u00fcr Sie bringt dieser Umzug <strong>mehr Vorteile:<\/strong>[\/vc_column_text]<div class=\"standard-arrow list-divider bullet-top\"><ul>\n<li><strong>mehr Angebot, mehr M\u00f6glichkeiten<\/strong><\/li>\n<li><strong>mehr Mitarbeiter<\/strong> die sich um Ihre Anliegen annehmen<\/li>\n<li><strong>mehr Service<\/strong><\/li>\n<li><strong>mehr Parkpl\u00e4tze<\/strong><\/li>\n<li><strong>Abholungen<\/strong> auch <strong>au\u00dferhalb<\/strong> der regul\u00e4ren <strong>CopyShop-\u00d6ffnungszeiten<\/strong><br \/>\n(von 6.30 bis 17 Uhr) m\u00f6glich &#8211; jedoch kein SelfCopy-Service<\/li>\n<li>nach Absprache <strong>Termine<\/strong> auch <strong>au\u00dferhalb<\/strong> der regul\u00e4ren <strong>\u00d6ffnungszeiten<\/strong><br \/>\n(von 6 bis 8 Uhr und 17 bis 19 Uhr) m\u00f6glich &#8211; jedoch kein SelfCopy-Service<\/li>\n<\/ul>\n<\/div>[vc_column_text css=&#8220;.vc_custom_1590950701681{padding-top: 40px !important;}&#8220;]<\/p>\n<h2><strong>Was bleibt? <\/strong><\/h2>\n<p>[\/vc_column_text]<div class=\"standard-arrow list-divider bullet-top\"><ul>\n<li>SelfCopy-Bereich<\/li>\n<li>Ihre <strong>vertrauten Ansprechpartner<\/strong><\/li>\n<li>das gewohnte Angebot &#8211; und mehr, falls das gewohnte Angebot nicht ausreicht<\/li>\n<\/ul>\n<\/div>[vc_column_text css=&#8220;.vc_custom_1590950692422{padding-top: 40px !important;}&#8220;]<\/p>\n<h2><strong>Was sich \u00e4ndert? <\/strong><\/h2>\n<p>[\/vc_column_text]<div class=\"standard-arrow list-divider bullet-top\"><ul>\n<li>kein DPD-Shop mehr<\/li>\n<li>neuer Standort im S\u00fcd-Westen Wiener Neustadt (statt im Nord-Westen)<\/li>\n<\/ul>\n<\/div>[ultimate_spacer height=&#8220;20&#8243;][vc_column_text css=&#8220;.vc_custom_1590950825617{padding-bottom: 10px !important;}&#8220;]<\/p>\n<h2><strong>Warum eigentlich? <\/strong><\/h2>\n<p>Wir steigern mit dem Umzug unsere Effizienz und Verl\u00e4sslichkeit und optimieren die internen Abl\u00e4ufe. Durch die gestrafften Strukturen k\u00f6nnen wir schneller produzieren &#8211; dadurch <strong>erhalten Sie Ihre Drucksorten noch schneller und mit h\u00f6herer Qualit\u00e4t als bisher.<\/strong><\/p>\n<p>&nbsp;<\/p>\n<div class=\"hr-thin\"><\/div>\n<p>&nbsp;<\/p>\n<h3><strong>Wir freuen uns, Sie bald in unseren neuen R\u00e4umlichkeiten begr\u00fc\u00dfen zu d\u00fcrfen!<\/strong><\/h3>\n<p>&nbsp;<\/p>\n<div class=\"hr-thin\"><\/div>\n<p>[\/vc_column_text][\/vc_column][\/vc_row]<\/p>\n<\/div>","protected":false},"excerpt":{"rendered":"<p>[vc_row margin_bottom=&#8220;-60&#8243; css=&#8220;.vc_custom_1590947893488{margin-bottom: -30px !important;}&#8220;][vc_column][vc_column_text] Standortverlegung in Wiener Neustadt [\/vc_column_text][vc_column_text css_animation=&#8220;slideInUp&#8220;]Nach langen Jahre CopyShop &#8222;Druck und Werbung&#8220; (ehemals Firma Rauch) in der Fischauer Gasse 209, \u00fcbersiedeln wir ab 12. Juni 2020 in die Molkereistra\u00dfe 6, Wiener Neustadt, in die R\u00e4umlichkeiten unserer Mutterfirma MeinDrucker.net[\/vc_column_text][\/vc_column][\/vc_row][vc_row][vc_column][vc_column_text css=&#8220;.vc_custom_1590950718614{padding-top: 20px !important;}&#8220;] Was kommt? F\u00fcr Sie bringt dieser Umzug mehr Vorteile:[\/vc_column_text][vc_column_text&hellip;<\/p>\n","protected":false},"author":1,"featured_media":0,"parent":0,"menu_order":0,"comment_status":"closed","ping_status":"closed","template":"","meta":{"footnotes":""},"class_list":["post-1308","page","type-page","status-publish","hentry","description-off"],"_links":{"self":[{"href":"https:\/\/www.druckundwerbung.at\/wordpress\/wp-json\/wp\/v2\/pages\/1308","targetHints":{"allow":["GET"]}}],"collection":[{"href":"https:\/\/www.druckundwerbung.at\/wordpress\/wp-json\/wp\/v2\/pages"}],"about":[{"href":"https:\/\/www.druckundwerbung.at\/wordpress\/wp-json\/wp\/v2\/types\/page"}],"author":[{"embeddable":true,"href":"https:\/\/www.druckundwerbung.at\/wordpress\/wp-json\/wp\/v2\/users\/1"}],"replies":[{"embeddable":true,"href":"https:\/\/www.druckundwerbung.at\/wordpress\/wp-json\/wp\/v2\/comments?post=1308"}],"version-history":[{"count":8,"href":"https:\/\/www.druckundwerbung.at\/wordpress\/wp-json\/wp\/v2\/pages\/1308\/revisions"}],"predecessor-version":[{"id":1322,"href":"https:\/\/www.druckundwerbung.at\/wordpress\/wp-json\/wp\/v2\/pages\/1308\/revisions\/1322"}],"wp:attachment":[{"href":"https:\/\/www.druckundwerbung.at\/wordpress\/wp-json\/wp\/v2\/media?parent=1308"}],"curies":[{"name":"wp","href":"https:\/\/api.w.org\/{rel}","templated":true}]}}