{"id":15,"date":"2016-02-12T19:45:00","date_gmt":"2016-02-12T18:45:00","guid":{"rendered":"http:\/\/www.druckundwerbung.at\/wordpress\/?page_id=15"},"modified":"2025-12-09T06:08:31","modified_gmt":"2025-12-09T05:08:31","slug":"kontakt","status":"publish","type":"page","link":"https:\/\/www.druckundwerbung.at\/wordpress\/kontakt\/","title":{"rendered":"Kontakt &#038; Anfrage"},"content":{"rendered":"<div class=\"wpb-content-wrapper\"><p>[vc_row margin_top=&#8220;-50px&#8220;][vc_column][vc_column_text]<\/p>\n<h1>Kontakt &amp; Anfrage<\/h1>\n<p>[\/vc_column_text][\/vc_column][vc_column][vc_column_text][ultimate_spacer height=&#8220;65&#8243;][\/vc_column_text][\/vc_column][\/vc_row][vc_row][vc_column width=&#8220;2\/3&#8243;][vc_column_text css=&#8220;&#8220;]<\/p>\n<h2><strong>Kontakt<\/strong><\/h2>\n<p><strong>Telefon:<\/strong> <a href=\"tel:+4326226946700\">+43 (0) 2622 \/ 69 4 6700<\/a><br \/>\n<strong>E-Mail:<\/strong>\u00a0<a href=\"mailto:duw@meindrucker.net\">office@druckundwerbung.at<\/a><\/p>\n<p>Zum<strong> Online-Kontaktformular <\/strong>geht&#8217;s <a href=\"#kontaktformular\">hier<\/a>.<\/p>\n<p>&nbsp;<\/p>\n<h2><strong>Anfahrt<\/strong><\/h2>\n<p>Molkereistra\u00dfe 6 (MeinDrucker.net)<br \/>\n2700 Wiener Neustadt<br \/>\n\u00d6sterreich<\/p>\n<p>&nbsp;<\/p>\n<h2><strong>\u00d6ffnungszeiten<\/strong><\/h2>\n<p>Montag bis Freitag von 8 bis 16 Uhr<br \/>\nSamstag, Sonn- und Feiertag geschlossen<\/p>\n<p>&nbsp;<\/p>\n<h2><strong>Daten\u00fcbernahme<\/strong><\/h2>\n<p>N\u00fctzen Sie das <strong><a href=\"#kontaktformular\">Online-Kontaktformular<\/a><\/strong> unten oder schreiben Sie uns eine <strong>E-Mail<\/strong>\u00a0mit Ihren Dateien im Anhang an <a href=\"mailto:duw@meindrucker.net\">office@druckundwerbung.at<\/a>.<\/p>\n<p>F\u00fcr gro\u00dfe Datennmengen nutzen Sie ein freies Datensende-Service zum Beispiel <a href=\"https:\/\/www.wetransfer.com\" target=\"_blank\" rel=\"noopener noreferrer\">WeTransfer.com<\/a> oder<\/p>\n<p><strong>\u00a0<\/strong>Nach dem Hochladen senden Sie uns bitte ein <strong>kurzes Mail<\/strong> an <a href=\"mailto:duw@meindrucker.net\">office@druckundwerbung.at<\/a>!<\/p>\n<p>&nbsp;<\/p>\n<p>&nbsp;[\/vc_column_text][\/vc_column][vc_column width=&#8220;1\/3&#8243;][vc_gmaps link=&#8220;#E-8_JTNDaWZyYW1lJTIwc3JjJTNEJTIyaHR0cHMlM0ElMkYlMkZ3d3cuZ29vZ2xlLmNvbSUyRm1hcHMlMkZlbWJlZCUzRnBiJTNEJTIxMW0xOCUyMTFtMTIlMjExbTMlMjExZDI2ODAuMzYwMDQ1MTYwMzA5JTIxMmQxNi4yMTk4NTk4MTU2MzcwODMlMjEzZDQ3Ljc5Mzg1NTk3OTE5NzQ5NSUyMTJtMyUyMTFmMCUyMTJmMCUyMTNmMCUyMTNtMiUyMTFpMTAyNCUyMTJpNzY4JTIxNGYxMy4xJTIxM20zJTIxMW0yJTIxMXMweDQ3NmRjYzZkNDNmMTg5YzMlMjUzQTB4N2Y3MTdlMTM5ZjhlODA5NyUyMTJzTWVpbkRydWNrZXIubmV0JTIxNWUwJTIxM20yJTIxMXNkZSUyMTJzYXQlMjE0djE1OTA5NDA0NjA1NTElMjE1bTIlMjExc2RlJTIxMnNhdCUyMiUyMHdpZHRoJTNEJTIyNjAwJTIyJTIwaGVpZ2h0JTNEJTIyNDUwJTIyJTIwZnJhbWVib3JkZXIlM0QlMjIwJTIyJTIwc3R5bGUlM0QlMjJib3JkZXIlM0EwJTNCJTIyJTIwYWxsb3dmdWxsc2NyZWVuJTNEJTIyJTIyJTIwYXJpYS1oaWRkZW4lM0QlMjJmYWxzZSUyMiUyMHRhYmluZGV4JTNEJTIyMCUyMiUzRSUzQyUyRmlmcmFtZSUzRQ==&#8220; size=&#8220;350&#8243; css_animation=&#8220;bounceInRight&#8220; css=&#8220;.vc_custom_1590940743133{padding-top: 30px !important;}&#8220;][vc_empty_space height=&#8220;50px&#8220;][vc_single_image image=&#8220;1301&#8243; img_size=&#8220;large&#8220; alignment=&#8220;center&#8220; css_animation=&#8220;fadeIn&#8220;][vc_column_text css=&#8220;.vc_custom_1455447697358{padding-top: 10px !important;}&#8220;]<\/p>\n<p style=\"text-align: center;\">Holen Sie sich die Kontaktdaten auf Ihr Handy!<\/p>\n<p>[\/vc_column_text][\/vc_column][\/vc_row][vc_row][vc_column][vc_empty_space][\/vc_column][\/vc_row][vc_row][vc_column][vc_empty_space][\/vc_column][\/vc_row][vc_row anchor=&#8220;#kontaktformular&#8220;][vc_column][vc_column_text]<\/p>\n<h2>Kontaktformular<\/h2>\n<p>[\/vc_column_text][\/vc_column][\/vc_row][vc_row][vc_column][vc_empty_space][\/vc_column][\/vc_row][vc_row][vc_column width=&#8220;1\/2&#8243;]\n<div class=\"wpcf7 no-js\" id=\"wpcf7-f205-o1\" lang=\"de-DE\" dir=\"ltr\" data-wpcf7-id=\"205\">\n<div class=\"screen-reader-response\"><p role=\"status\" aria-live=\"polite\" aria-atomic=\"true\"><\/p> <ul><\/ul><\/div>\n<form action=\"\/wordpress\/wp-json\/wp\/v2\/pages\/15#wpcf7-f205-o1\" method=\"post\" class=\"wpcf7-form init\" aria-label=\"Kontaktformular\" novalidate=\"novalidate\" data-status=\"init\">\n<fieldset class=\"hidden-fields-container\"><input type=\"hidden\" name=\"_wpcf7\" value=\"205\" \/><input type=\"hidden\" name=\"_wpcf7_version\" value=\"6.1.5\" \/><input type=\"hidden\" name=\"_wpcf7_locale\" value=\"de_DE\" \/><input type=\"hidden\" name=\"_wpcf7_unit_tag\" value=\"wpcf7-f205-o1\" \/><input type=\"hidden\" name=\"_wpcf7_container_post\" value=\"0\" \/><input type=\"hidden\" name=\"_wpcf7_posted_data_hash\" value=\"\" \/><input type=\"hidden\" name=\"_wpcf7_recaptcha_response\" value=\"\" \/>\n<\/fieldset>\n<p><span class=\"wpcf7-form-control-wrap\" data-name=\"Anrede\"><span class=\"wpcf7-form-control wpcf7-checkbox wpcf7-validates-as-required wpcf7-exclusive-checkbox\"><span class=\"wpcf7-list-item first\"><input type=\"checkbox\" name=\"Anrede\" value=\"Herr\" \/><span class=\"wpcf7-list-item-label\">Herr<\/span><\/span><span class=\"wpcf7-list-item last\"><input type=\"checkbox\" name=\"Anrede\" value=\"Frau*\" \/><span class=\"wpcf7-list-item-label\">Frau*<\/span><\/span><\/span><\/span>\n<\/p>\n<p>Titel\n<\/p>\n<p><span class=\"wpcf7-form-control-wrap\" data-name=\"Titel\"><input size=\"40\" maxlength=\"400\" class=\"wpcf7-form-control wpcf7-text\" aria-invalid=\"false\" value=\"\" type=\"text\" name=\"Titel\" \/><\/span>\n<\/p>\n<p>Vorname*\n<\/p>\n<p><span class=\"wpcf7-form-control-wrap\" data-name=\"Vorname\"><input size=\"40\" maxlength=\"400\" class=\"wpcf7-form-control wpcf7-text wpcf7-validates-as-required\" aria-required=\"true\" aria-invalid=\"false\" value=\"\" type=\"text\" name=\"Vorname\" \/><\/span>\n<\/p>\n<p>Nachname*\n<\/p>\n<p><span class=\"wpcf7-form-control-wrap\" data-name=\"Nachname\"><input size=\"40\" maxlength=\"400\" class=\"wpcf7-form-control wpcf7-text wpcf7-validates-as-required\" aria-required=\"true\" aria-invalid=\"false\" value=\"\" type=\"text\" name=\"Nachname\" \/><\/span>\n<\/p>\n<p>Firma\n<\/p>\n<p><span class=\"wpcf7-form-control-wrap\" data-name=\"Firma\"><input size=\"40\" maxlength=\"400\" class=\"wpcf7-form-control wpcf7-text\" aria-invalid=\"false\" value=\"\" type=\"text\" name=\"Firma\" \/><\/span>\n<\/p>\n<p>E-Mail*\n<\/p>\n<p><span class=\"wpcf7-form-control-wrap\" data-name=\"Email\"><input size=\"40\" maxlength=\"400\" class=\"wpcf7-form-control wpcf7-email wpcf7-validates-as-required wpcf7-text wpcf7-validates-as-email\" aria-required=\"true\" aria-invalid=\"false\" value=\"\" type=\"email\" name=\"Email\" \/><\/span>\n<\/p>\n<p>Telefon\n<\/p>\n<p><span class=\"wpcf7-form-control-wrap\" data-name=\"Telefon\"><input size=\"40\" maxlength=\"400\" class=\"wpcf7-form-control wpcf7-email wpcf7-text wpcf7-validates-as-email\" aria-invalid=\"false\" value=\"\" type=\"email\" name=\"Telefon\" \/><\/span>\n<\/p>\n<p>Betreff*\n<\/p>\n<p><span class=\"wpcf7-form-control-wrap\" data-name=\"Betreff\"><input size=\"40\" maxlength=\"400\" class=\"wpcf7-form-control wpcf7-text wpcf7-validates-as-required\" aria-required=\"true\" aria-invalid=\"false\" value=\"\" type=\"text\" name=\"Betreff\" \/><\/span>\n<\/p>\n<p>Nachricht*\n<\/p>\n<p><span class=\"wpcf7-form-control-wrap\" data-name=\"Nachricht\"><textarea cols=\"40\" rows=\"10\" maxlength=\"2000\" class=\"wpcf7-form-control wpcf7-textarea wpcf7-validates-as-required\" aria-required=\"true\" aria-invalid=\"false\" name=\"Nachricht\"><\/textarea><\/span>\n<\/p>\n<div>\n<div class=\"wpcf7-turnstile cf-turnstile\" data-sitekey=\"0x4AAAAAACKJflP6DS0b8kCH\" data-response-field-name=\"_wpcf7_turnstile_response\"><\/div>\n<\/div>\n<p><input class=\"wpcf7-form-control wpcf7-submit has-spinner\" type=\"submit\" value=\"Senden\" \/>\n<\/p><div class=\"wpcf7-response-output\" aria-hidden=\"true\"><\/div>\n<\/form>\n<\/div>\n[\/vc_column][\/vc_row]<\/p>\n<\/div>","protected":false},"excerpt":{"rendered":"<p>[vc_row margin_top=&#8220;-50px&#8220;][vc_column][vc_column_text] Kontakt &amp; Anfrage [\/vc_column_text][\/vc_column][vc_column][vc_column_text][ultimate_spacer height=&#8220;65&#8243;][\/vc_column_text][\/vc_column][\/vc_row][vc_row][vc_column width=&#8220;2\/3&#8243;][vc_column_text css=&#8220;&#8220;] Kontakt Telefon: +43 (0) 2622 \/ 69 4 6700 E-Mail:\u00a0office@druckundwerbung.at Zum Online-Kontaktformular geht&#8217;s hier. &nbsp; Anfahrt Molkereistra\u00dfe 6 (MeinDrucker.net) 2700 Wiener Neustadt \u00d6sterreich &nbsp; \u00d6ffnungszeiten Montag bis Freitag von 8 bis 16 Uhr Samstag, Sonn- und Feiertag geschlossen &nbsp; Daten\u00fcbernahme N\u00fctzen Sie das Online-Kontaktformular unten oder&hellip;<\/p>\n","protected":false},"author":1,"featured_media":0,"parent":0,"menu_order":0,"comment_status":"closed","ping_status":"closed","template":"","meta":{"footnotes":""},"class_list":["post-15","page","type-page","status-publish","hentry","description-off"],"_links":{"self":[{"href":"https:\/\/www.druckundwerbung.at\/wordpress\/wp-json\/wp\/v2\/pages\/15","targetHints":{"allow":["GET"]}}],"collection":[{"href":"https:\/\/www.druckundwerbung.at\/wordpress\/wp-json\/wp\/v2\/pages"}],"about":[{"href":"https:\/\/www.druckundwerbung.at\/wordpress\/wp-json\/wp\/v2\/types\/page"}],"author":[{"embeddable":true,"href":"https:\/\/www.druckundwerbung.at\/wordpress\/wp-json\/wp\/v2\/users\/1"}],"replies":[{"embeddable":true,"href":"https:\/\/www.druckundwerbung.at\/wordpress\/wp-json\/wp\/v2\/comments?post=15"}],"version-history":[{"count":8,"href":"https:\/\/www.druckundwerbung.at\/wordpress\/wp-json\/wp\/v2\/pages\/15\/revisions"}],"predecessor-version":[{"id":1380,"href":"https:\/\/www.druckundwerbung.at\/wordpress\/wp-json\/wp\/v2\/pages\/15\/revisions\/1380"}],"wp:attachment":[{"href":"https:\/\/www.druckundwerbung.at\/wordpress\/wp-json\/wp\/v2\/media?parent=15"}],"curies":[{"name":"wp","href":"https:\/\/api.w.org\/{rel}","templated":true}]}}