{"id":19,"date":"2016-02-12T19:46:28","date_gmt":"2016-02-12T18:46:28","guid":{"rendered":"http:\/\/www.druckundwerbung.at\/wordpress\/?page_id=19"},"modified":"2018-03-02T15:08:45","modified_gmt":"2018-03-02T14:08:45","slug":"vorlagen-und-anleitungen","status":"publish","type":"page","link":"https:\/\/www.druckundwerbung.at\/wordpress\/vorlagen-und-anleitungen\/","title":{"rendered":"Druckaufbereitung"},"content":{"rendered":"<div class=\"wpb-content-wrapper\"><p>[vc_row margin_top=&#8220;-50px&#8220;][vc_column][vc_column_text]<\/p>\n<h1>Tipps zur Druckaufbereitung<\/h1>\n<p>[\/vc_column_text][\/vc_column][vc_column][ultimate_spacer height=&#8220;20&#8243;][vc_column_text]<a href=\"#farben\">FARBEN<\/a>\u00a0| <a href=\"#aufl\u00f6sung\">AUFL\u00d6SUNG<\/a> | <a href=\"#druckdaten\">DRUCK-DATEN<\/a> | <a href=\"#pdf\">PDF-ERSTELLUNG<\/a> | <a href=\"https:\/\/www.druckundwerbung.at\/wordpress\/formatvorlagen\/\" target=\"_blank\">FORMATVORLAGEN<\/a>[\/vc_column_text][\/vc_column][\/vc_row][vc_row][vc_column][ultimate_spacer height=&#8220;50&#8243;][\/vc_column][\/vc_row][vc_row][vc_column][vc_column_text]Um die bestm\u00f6gliche\u00a0Qualit\u00e4t f\u00fcr Ihre Drucksorten bieten zu k\u00f6nnen, finden Sie hier\u00a0einige Tipps zum Thema Druckaufbereitung.<\/p>\n<p>Die unten angef\u00fchrten Hinweise und Anleitungen zur PDF-Erstellung garantieren nicht die richtige Erstellung Ihrer Druckdaten, sondern dienen nur als Hilfestellung.<\/p>\n<p>Die exakten Daten-Anforderungen zu Ihrem gew\u00fcnschten Produkt finden Sie in der Beschreibung des jeweiligen Produktes. Bitte beachten Sie, dass es bei einzelnen Produkten zu leichten Abweichungen (Farbmodus, Aufl\u00f6sung, Beschnittzugaben etc.) im Vergleich zur untenstehenden Auflistung kommen kann.<\/p>\n<p>Nat\u00fcrlich stehen wir Ihnen bei Fragen gerne zu Verf\u00fcgung und \u00fcbernehmen f\u00fcr Sie (gegen Mehraufwand) die Erstellung Ihrer Dateien auch gerne.[\/vc_column_text][ultimate_spacer height=&#8220;50&#8243;][\/vc_column][\/vc_row][vc_row anchor=&#8220;#farben&#8220;][vc_column][vc_column_text]<\/p>\n<h2>Farben<\/h2>\n<p>[\/vc_column_text][ultimate_spacer height=&#8220;20&#8243;][\/vc_column][\/vc_row][vc_row][vc_column][vc_column_text]Grunds\u00e4tzlich sollten <strong>alle Schriften und Bilder in CMYK<\/strong> (Druckfarben) und nicht in RGB (Bildschirmdarstellung) angelegt werden.<\/p>\n<p>Fotos und <strong>Microsoft Office Dokumente<\/strong> sind generell immer in RGB definiert. Da der RGB-Farbraum nur f\u00fcr Bildschirmdarstellungen gedacht ist, kann er nicht gedruckt werden, sondern wird von den jeweiligen Druckertreibern oder Programmen immer in CMYK konvertiert. Somit muss mit <strong>Farbabweichungen<\/strong> gerechnet werden! Knallige sowie bunte Farben werden dunkler aussehen!<\/p>\n<p>Bitte beachten Sie auch, dass es auch zu <strong>Farbunterschieden zwischen den einzelnen Druckverfahren <\/strong>(Digital, Offset, Tintenstrahl, Sublimation etc.), sowie zwischen den <strong>verschiedenen Drucktr\u00e4gern<\/strong> (Papier, Karton, Etiketten etc.) kommen kann.<\/p>\n<p><strong>PANTONE und HKS-Farben, sowie Gold und Silber k\u00f6nnen nur im Offsetdruck reproduziert werden<\/strong> und m\u00fcssen dementsprechend in Ihrem Dokument definiert werden. Dies ist in Microsoft Office Programmen nicht m\u00f6glich.<\/p>\n<p>Farbdeckungen unter 10% (z.B.: C10\/M0\/Y0\/K0) sind kaum bis gar nicht sichtbar.<\/p>\n<p>Die Farbe Schwarz sollte f\u00fcr Texte immer als einfaches schwarz (C0\/M0\/Y0\/K100) definiert werden.[\/vc_column_text][ultimate_spacer height=&#8220;50&#8243;][\/vc_column][\/vc_row][vc_row anchor=&#8220;#aufl\u00f6sung&#8220;][vc_column][vc_column_text]<\/p>\n<h2>Aufl\u00f6sung<\/h2>\n<p>[\/vc_column_text][ultimate_spacer height=&#8220;20&#8243;][\/vc_column][\/vc_row][vc_row][vc_column][vc_column_text]Die <strong>Aufl\u00f6sung<\/strong> von Fotos und Grafiken sollte Originalgr\u00f6\u00dfe (\u00fcblicherweise <strong>300 DPI)<\/strong> oder etwas mehr betragen. Bei Gro\u00dfformaten (Plakate, Transparente etc.) ist auch eine geringere Aufl\u00f6sung m\u00f6glich. (Siehe Tabelle)[\/vc_column_text][vc_single_image image=&#8220;382&#8243; img_size=&#8220;full&#8220; css=&#8220;.vc_custom_1456077104214{padding-top: 20px !important;padding-bottom: 20px !important;}&#8220;][vc_column_text]<strong>Feststellen der Aufl\u00f6sung:<\/strong> Klicken Sie mit der rechten Maustaste auf das Bild, welches Sie verwenden m\u00f6chten. W\u00e4hlen Sie \u201e<em>Eigenschaften<\/em>\u201c und \u00f6ffnen Sie den Reiter \u201e<em>Dateiinfo<\/em>\u201c. Besitzt das Bild in der gew\u00fcnschten Gr\u00f6\u00dfe eine Aufl\u00f6sung von 300 dpi ist Ihr Bild geeignet.<\/p>\n<p>Sollte das Bild auf Ihrem Bildschirm bereits nach 2-3 Zoomstufen verpixelt sein, ist es f\u00fcr den Druck nicht geeignet.<\/p>\n<p>Um die <strong>Qualit\u00e4t des Fotos etwas zu verbessern<\/strong>, achten Sie beim Bearbeiten der Fotos darauf, <strong>nicht nur die Bildgr\u00f6\u00dfe, sondern auch die DPI-Anzahl zu erh\u00f6hen<\/strong>. Dadurch wird das Bild zwar unscharf, aber es sind meistens keine Pixel mehr zu erkennen.<\/p>\n<p><strong>Fotos aus dem Internet sind meistens nicht zum Druck geeignet<\/strong>, da Sie eine niedrige Aufl\u00f6sung aufweisen, um Ihnen ein rasches Laden der Internetseite zu erm\u00f6glichen. Beachten Sie au\u00dferdem, dass die meisten Fotos einem Copyright unterliegen und somit nicht vervielf\u00e4ltigt werden d\u00fcrfen![\/vc_column_text][ultimate_spacer height=&#8220;50&#8243;][\/vc_column][\/vc_row][vc_row anchor=&#8220;#druckdaten&#8220;][vc_column][vc_column_text]<\/p>\n<h2>Welche Daten sind f\u00fcr den Druck geeignet?<\/h2>\n<p>[\/vc_column_text][ultimate_spacer height=&#8220;30&#8243;][\/vc_column][\/vc_row][vc_row][vc_column][vc_column_text]<strong>PDF<\/strong><\/p>\n<p>F\u00fcr alle Drucksorten (Flyer, Plakate, Visitenkarten etc.)<\/p>\n<p>&nbsp;<\/p>\n<p><strong>Vektorisiertes PDF<\/strong><\/p>\n<p>Zus\u00e4tzlich f\u00fcr Stick, Flock, Flex, Digiflex, Werbeartikel (sofern nicht anders angegeben)<\/p>\n<p>&nbsp;<\/p>\n<p><strong>Vektorisiertes EPS<\/strong> (NICHT Photoshop-EPS)<\/p>\n<p>Stick, Flock, Flex, Digiflex, Werbeartikel, Fahrzeugbeschriftungen<\/p>\n<p>&nbsp;<\/p>\n<p><strong>JPG<\/strong><\/p>\n<p>F\u00fcr alle Drucksorten (Flyer, Plakate, Visitenkarten etc.)<\/p>\n<p>Nicht geeignet f\u00fcr Produkte, welche einen Konturschnitt verlangen. (SK-Folie, Flex etc.)<br \/>\nBei diesen Produkten muss zus\u00e4tzlich ein Pfad f\u00fcr den Konturschnitt als vektorisiertes EPS erstellt werden.<\/p>\n<p>Bitte auf Aufl\u00f6sung und Farbmodus achten. JPG sind nur bedingt weiter bearbeitbar.<\/p>\n<p>&nbsp;<\/p>\n<p><strong>TIFF<\/strong><\/p>\n<p>F\u00fcr Stempel (Aufl\u00f6sung 600 dpi, in 100% schwarz! Keine Graustufen\/Raster!)<\/p>\n<p>&nbsp;<\/p>\n<p><strong>CDR<\/strong><\/p>\n<p>F\u00fcr alle Drucksorten, Textilbeschriftungen, Fahrzeugbeschriftungen etc.[\/vc_column_text][ultimate_spacer height=&#8220;20&#8243;][vc_column_text]<strong>Microsoft Office Dokumente (Excel, Word, Powerpoint etc.) sind nur bedingt f\u00fcr den Druck geeignet<\/strong>, da der Farbmodus in RGB definiert ist, Schriften nicht eingebettet werden und es zu Verschiebungen von Zeilen und Bildern kommen kann.<\/p>\n<p>Um das Fehlen von Schriften und das Verschieben von Zeilen zu verhindern, bitten wir Sie die Daten <strong>f\u00fcr Ihre Drucke als PDF speichern<\/strong>. (Anleitung siehe <a href=\"#pdf\">weiter unten<\/a>.)<\/p>\n<p>Beim Erstellen der gew\u00fcnschten Drucksorten mit Microsoft Office Programmen, sollte <strong>folgendes beachtet<\/strong> werden:<\/p>\n<p>&nbsp;<\/p>\n<p><strong>Microsoft Word:<\/strong><\/p>\n<p><strong>Die Seitengr\u00f6\u00dfe auf Ihr gew\u00fcnschtes Format definieren<\/strong>. (Bei randlosen Drucken, das Seitenformat um jeweils 2 mm vergr\u00f6\u00dfern und Elemente, wie Bilder oder Hintergr\u00fcnde bis zur Datenformat-Kante setzen. z.B.: gew\u00fcnschtes Endformat randlos A4 (210 x 297 mm), Daten-\/Seitenformat auf 214 x 301 mm definieren.) Beachten Sie aber, dass diese 2 mm nur f\u00fcr die Produktion gedacht sind, und wieder weggeschnitten werden.<\/p>\n<p>Beim Erstellen von Foldern mit Spalten, stellen Sie die Seitenr\u00e4nder und den Zwischenabstand der Spalten auf 0. Achten Sie aber trotzdem darauf, einen <strong>Mindestabstand von 4-5 mm zum Endformat-Rand<\/strong> einzuhalten.<\/p>\n<p>&nbsp;<\/p>\n<p><strong>Microsoft Powerpoint:<\/strong><\/p>\n<p>Das Seitenformat in Powerpoint entspricht <strong>standardm\u00e4\u00dfig NICHT A4<\/strong> (210 x 297 mm), sondern 254 x 190,5 mm.<\/p>\n<p>Somit bitte vor Arbeitsbeginn unbedingt auf das <strong>gew\u00fcnschte Format definieren<\/strong>. (Bei randlosen Drucken, das Seitenformat um jeweils 2 mm vergr\u00f6\u00dfern und Elemente, wie Bilder oder Hintergr\u00fcnde bis zur Datenformat-Kante setzen. z.B.: gew\u00fcnschtes Endformat randlos A4 (210 x 297 mm), Daten-\/Seitenformat auf 214 x 301 mm definieren.) Beachten Sie aber, dass diese 2 mm nur f\u00fcr die Produktion gedacht sind, und wieder weggeschnitten werden.[\/vc_column_text][\/vc_column][vc_column][ultimate_spacer height=&#8220;50&#8243;][\/vc_column][\/vc_row][vc_row anchor=&#8220;#pdf&#8220;][vc_column][vc_column_text]<\/p>\n<h2>PDF-Erstellung<\/h2>\n<p>[\/vc_column_text][ultimate_spacer height=&#8220;20&#8243;][\/vc_column][\/vc_row][vc_row][vc_column][vc_column_text]<\/p>\n<h3>Was ist eine PDF-Datei<\/h3>\n<p>[\/vc_column_text][ultimate_spacer height=&#8220;20&#8243;][\/vc_column][\/vc_row][vc_row][vc_column][vc_column_text]PDF (= Portable Document Format)<br \/>\nEin PDF kann aus nahezu jedem beliebigen Programm heraus erstellt werden. Mit dieser Datei k\u00f6nnen unterschiedlichste Dokumente (Texte, Tabellen, Zeichnungen, Bewerbungen) elektronisch gespeichert werden.<\/p>\n<p>Der <strong>Vorteil<\/strong> ist, dass das PDF<strong> immer gleich aussieht,\u00a0<\/strong>egal auf welchen PC Sie das Dokument \u00f6ffnen, da es die Originalansicht beibeh\u00e4lt. Alle Bildverkn\u00fcpfungen sowie Schriften &#8211; sofern sie eingebettet wurden &#8211; m\u00fcssen nicht seperat mitgesendet werden.[\/vc_column_text][\/vc_column][\/vc_row][vc_row][vc_column][ultimate_spacer height=&#8220;50&#8243;][vc_column_text]<\/p>\n<h3>Was ist\u00a0bei der Erstellung einer PDF-Datei zu beachten?<\/h3>\n<p>[\/vc_column_text][ultimate_spacer height=&#8220;20&#8243;][\/vc_column][\/vc_row][vc_row][vc_column][vc_column_text]<\/p>\n<ul>\n<li>Verwenden Sie f\u00fcr die Erstellung von PDF-Dateien m\u00f6glichst <strong>keine kostenlosen Zusatzprogramme<\/strong>, da diese in der Regel qualitativ schlechte PDF-Daten erzeugen. Sollten Sie dennoch ein Zusatzprogramm verwenden, beachten Sie bitte die gleichen Export-Einstellungen wie unten beschrieben.<\/li>\n<li>Bitte verwenden Sie keine <strong>Sonderzeichen im Namen<\/strong> des Dokuments (&amp;, %, \u00a7, @, ~).<\/li>\n<li>Alle <strong>Schriften<\/strong>, sofern m\u00f6glich, bitte <strong>in Pfade<\/strong> konvertieren (sofern m\u00f6glich)<\/li>\n<li>Alles auf <strong>1 Ebene reduzieren<\/strong>.<\/li>\n<li><strong>Keine Verschl\u00fcsselungen<\/strong> (Passw\u00f6rter)<\/li>\n<li>Legen Sie <strong>keine Falz-, Schneide- oder Passmarken innerhalb des<br \/>\nDatenformates<\/strong> an<\/li>\n<li>Wenn m\u00f6glich <strong>immer als PDF\/X-1a speichern<\/strong><\/li>\n<li>Grafiken, die bis zum bedruckbaren Rand gehen, brauchen eine <strong>Beschnittzugabe<\/strong> von 2 mm sowie Schneidmarken (sofern in der Layoutvorlage nicht anders angegeben)<\/li>\n<li><strong>Keine Kommentare<\/strong> anlegen (diese werden nicht mitgedruckt)<\/li>\n<\/ul>\n<p>[\/vc_column_text][ultimate_spacer height=&#8220;50&#8243;][\/vc_column][\/vc_row][vc_row][vc_column][vc_column_text]<\/p>\n<h3>Wie erstelle ich ein PDF?<\/h3>\n<p>[\/vc_column_text][ultimate_spacer height=&#8220;20&#8243;][\/vc_column][\/vc_row][vc_column][\/vc_column][vc_row][vc_column][vc_column_text]Es gibt verschiedene M\u00f6glichkeiten ein PDF zu erstellen.<\/p>\n<p>&nbsp;<\/p>\n<p><strong>CorelDraw:<\/strong><\/p>\n<ul>\n<li><strong>Konvertieren<\/strong> Sie bevor das PDF erstellt wird\u00a0<strong>alle Schriften in Kurven<\/strong> oder w\u00e4hlen Sie bei der PDF-Erstellung im Register<em>\u201e<\/em><em>Objekte<em>\u201c<\/em> &gt;\u00a0<em>\u201e<\/em><\/em><em>Allen Text als Kurven exportieren<em><em>\u201c<\/em><\/em><\/em>\u00a0aus.<\/li>\n<li><strong>Transparenzen m\u00fcssen entfernt bzw. als Bitmap konvertiert werden<\/strong><\/li>\n<li>Im Men\u00fc\u00a0<em>\u201e<\/em><em>Datei<em><em>\u201c<\/em><\/em><\/em>\u00a0k\u00f6nnen Sie das PDF unter dem Men\u00fcpunkt\u00a0<em>\u201e<\/em><em>als PDF freigeben<em><em>\u201c<\/em><\/em><\/em>\u00a0erstellen.<\/li>\n<li>W\u00e4hlen Sie unter <strong>PDF-Voreinstellung das Format PDF\/X-1a<\/strong>.<\/li>\n<li>Im Register\u00a0<em>\u201e<\/em><em>Farbe<em><em>\u201c<\/em><\/em><\/em>\u00a0w\u00e4hlen Sie die Einstellung <em>\u201e<\/em><em>Farbeinstellungen des Dokuments verwenden<em><em>\u201c<\/em><\/em><\/em>, Farben ausgeben als\u00a0<em>\u201e<\/em><em>CMYK<em><em>\u201c<\/em><\/em><\/em>\u00a0und\u00a0<em>\u201e<\/em><em>Farbprofil einbetten: ISO Coated v2 (ECI)<em><em>\u201c<\/em><\/em><\/em>.<\/li>\n<li>Schmuckfarben bleiben als solche erhalten. Alle anderen Farbr\u00e4ume werden automatisch in CMYK konvertiert. Sollten Sie Schmuckfarben verwenden, diese aber als CMYK gedruckt haben m\u00f6chten, konvertieren Sie diese vorab bereits in CMYK.<\/li>\n<li>Im Men\u00fcpunkt\u00a0<em>\u201e<\/em><em>Druckvorstufe<em><em>\u201c<\/em><\/em><\/em>\u00a0besteht die M\u00f6glichkeit eine Randanschnittsgrenze (ist nur notwendig, wenn Sie Ihre Datei dementsprechend erstellt haben) und Schneidmarken zu definieren.<\/li>\n<\/ul>\n<p>&nbsp;<\/p>\n<p><strong>Microsoft Office (Word, Excel, Power Point usw.) ab 2007<\/strong><\/p>\n<p>Wie bereits oben erw\u00e4hnt, sind alle Microsoft Office-Programme f\u00fcr Monitore konzipiert und verwenden den <strong>RGB-Farbraum<\/strong>. Dieser\u00a0<strong>wird auch in das PDF \u00fcbernommen<\/strong>. Dadurch k\u00f6nnen <strong>Farbabweichungen<\/strong> beim Drucken entstehen.<\/p>\n<p>Bitte kontrollieren Sie, dass in den <strong>Word-Optionen<\/strong> im Register \u201e<em>Speichern<em><em>\u201c<\/em><\/em><\/em>\u00a0die Boxen <strong><em>\u201eSchriftarten in der Datei einbetten<em><em>\u201c<\/em><\/em><\/em><\/strong>\u00a0und falls vorhanden <em><strong>\u201eAlle Zeichen einbetten<em><em>\u201c<\/em><\/em><\/strong><\/em>\u00a0aktiviert sind. Ohne diese Einstellungen besteht die M\u00f6glichkeit, dass Schriftarten fehlen bzw. durch andere ersetzt werden.<\/p>\n<ul>\n<li>Im Hauptmen\u00fc (Schaltfl\u00e4che\u00a0<em>\u201e<\/em>Office<em><em>\u201c<\/em><\/em>) w\u00e4hlen Sie <em><strong>\u201eSpeichern unter\u201c<\/strong><\/em> &#8211; <em><strong>\u201ePDF oder XPS\u201c<\/strong><\/em> (Sollte diese Funktion bei Ihnen nicht sichtbar sein, k\u00f6nnen Sie sich im Internet das \u201eAdd-In\u201c herunterladen: <a href=\"https:\/\/www.microsoft.com\/de-de\/download\/details.aspx?id=7\" target=\"_blank\">https:\/\/www.microsoft.com\/de-de\/download\/details.aspx?id=7<\/a><\/li>\n<li>Unter \u201e<em>Dateityp<\/em>\u201c w\u00e4hlen Sie das <strong>Format\u00a0<em>\u201e<\/em><em>PDF<em><em>\u201c<\/em><\/em><\/em><\/strong>\u00a0und darunter\u00a0<strong><em>\u201e<\/em><\/strong><em><strong>Optimieren f\u00fcr Standard<em><em>\u201c<\/em><\/em><\/strong><\/em><\/li>\n<li>Unter<em>\u201e<\/em><em>Optionen<em><em>\u201c<\/em><\/em><\/em>\u00a0&gt;\u00a0<em>\u201e<\/em><em>PDF-Optionen<em><em>\u201c\u00a0<\/em><\/em><\/em>markieren Sie bitte\u00a0<em>\u201e<\/em><em>Text als Bitmap speichern, wenn Schriftarten nicht eingebettet werden k\u00f6nnen\u201c<br \/>\n<\/em><br \/>\n<strong>ACHTUNG: Ein PDF ist eine Druckdatei in der Sie keine \u00c4nderungen vornehmen k\u00f6nnen!<\/strong><\/li>\n<\/ul>\n<p>Um Ihre PDF-Datei kontrollieren zu k\u00f6nnen, \u00f6ffnen Sie die Datei mit dem Programm\u00a0<em>\u201e<\/em>Adobe Acrobat Reader<em><em>\u201c<\/em><\/em>. Sollten Sie das Programm nicht installiert haben, finden Sie den kostenlosen Download unter folgendem Link: <a href=\"https:\/\/get.adobe.com\/de\/reader\/\" target=\"_blank\">https:\/\/get.adobe.com\/de\/reader\/<\/a>[\/vc_column_text][\/vc_column][\/vc_row]<\/p>\n<\/div>","protected":false},"excerpt":{"rendered":"<p>[vc_row margin_top=&#8220;-50px&#8220;][vc_column][vc_column_text] Tipps zur Druckaufbereitung [\/vc_column_text][\/vc_column][vc_column][ultimate_spacer height=&#8220;20&#8243;][vc_column_text]FARBEN\u00a0| AUFL\u00d6SUNG | DRUCK-DATEN | PDF-ERSTELLUNG | FORMATVORLAGEN[\/vc_column_text][\/vc_column][\/vc_row][vc_row][vc_column][ultimate_spacer height=&#8220;50&#8243;][\/vc_column][\/vc_row][vc_row][vc_column][vc_column_text]Um die bestm\u00f6gliche\u00a0Qualit\u00e4t f\u00fcr Ihre Drucksorten bieten zu k\u00f6nnen, finden Sie hier\u00a0einige Tipps zum Thema Druckaufbereitung. Die unten angef\u00fchrten Hinweise und Anleitungen zur PDF-Erstellung garantieren nicht die richtige Erstellung Ihrer Druckdaten, sondern dienen nur als Hilfestellung. Die exakten Daten-Anforderungen zu Ihrem&hellip;<\/p>\n","protected":false},"author":1,"featured_media":0,"parent":0,"menu_order":0,"comment_status":"closed","ping_status":"closed","template":"","meta":{"footnotes":""},"class_list":["post-19","page","type-page","status-publish","hentry","description-off"],"_links":{"self":[{"href":"https:\/\/www.druckundwerbung.at\/wordpress\/wp-json\/wp\/v2\/pages\/19","targetHints":{"allow":["GET"]}}],"collection":[{"href":"https:\/\/www.druckundwerbung.at\/wordpress\/wp-json\/wp\/v2\/pages"}],"about":[{"href":"https:\/\/www.druckundwerbung.at\/wordpress\/wp-json\/wp\/v2\/types\/page"}],"author":[{"embeddable":true,"href":"https:\/\/www.druckundwerbung.at\/wordpress\/wp-json\/wp\/v2\/users\/1"}],"replies":[{"embeddable":true,"href":"https:\/\/www.druckundwerbung.at\/wordpress\/wp-json\/wp\/v2\/comments?post=19"}],"version-history":[{"count":1,"href":"https:\/\/www.druckundwerbung.at\/wordpress\/wp-json\/wp\/v2\/pages\/19\/revisions"}],"predecessor-version":[{"id":1240,"href":"https:\/\/www.druckundwerbung.at\/wordpress\/wp-json\/wp\/v2\/pages\/19\/revisions\/1240"}],"wp:attachment":[{"href":"https:\/\/www.druckundwerbung.at\/wordpress\/wp-json\/wp\/v2\/media?parent=19"}],"curies":[{"name":"wp","href":"https:\/\/api.w.org\/{rel}","templated":true}]}}