{"id":2,"date":"2016-02-03T04:08:41","date_gmt":"2016-02-03T04:08:41","guid":{"rendered":"http:\/\/wp442m.a10-52-158-154.qa.plesk.ru\/wordpress\/?page_id=2"},"modified":"2020-05-31T20:36:41","modified_gmt":"2020-05-31T18:36:41","slug":"sample-page","status":"publish","type":"page","link":"https:\/\/www.druckundwerbung.at\/wordpress\/","title":{"rendered":"Startseite"},"content":{"rendered":"<div class=\"wpb-content-wrapper\"><div class=\"gap\" style=\"line-height: 10px; height: 10px;\"><\/div>\n<p>[vc_custom_heading text=&#8220;<b>DRUCKundWERBUNG.at<\/b><br \/>\nKopieren, Drucken &amp; Werbung in Wiener Neustadt&#8220; font_container=&#8220;tag:h1|font_size:40|text_align:left&#8220; google_fonts=&#8220;font_family:Hind%3A300%2Cregular%2C500%2C600%2C700|font_style:400%20regular%3A400%3Anormal&#8220;][vc_row margin_bottom=&#8220;10&#8243; bg_type=&#8220;bg_color&#8220; bg_color_value=&#8220;#ffffff&#8220;][vc_column width=&#8220;2\/3&#8243;][vc_column_text]<\/p>\n<p style=\"text-align: left;\">Sie sind auf der Suche nach einem verl\u00e4sslichen Partner f\u00fcr Ihre Druck- und Kopierauftr\u00e4ge? Egal ob Offsetdruck oder Digitaldruck? Sie m\u00f6chten einen Berater und Gestalter f\u00fcr Ihre Werbetechnik? \u00a0Sie ben\u00f6tigen individuelle Textilien, Geschenk- und Werbeartikel? Oder m\u00f6chten Sie Ihren Webauftritt effektiver gestalten?<\/p>\n<p style=\"text-align: left;\">Wir sind Ihr verl\u00e4sslicher Werbetechniker und Druckdienstleister in Wiener Neustadt! Bei uns finden Sie alles rund um Druck und\u00a0Werbung. Unsere Produkte und Dienstleistungen reichen vom\u00a0Kopieren und Drucken von Klein- und Gro\u00dffl\u00e4chen \u00fcber Textilien, Geschenk- sowie Werbeartikel und Werbetechnik bis hin zu Web-Diensten.<\/p>\n<p>Lassen Sie sich von unseren Experten beraten oder st\u00f6bern Sie in unserem <a href=\"https:\/\/webshop.druckundwerbung.at\" target=\"_blank\" rel=\"noopener noreferrer\">Online Shop<\/a>!<\/p>\n<p>[\/vc_column_text][\/vc_column][vc_column width=&#8220;1\/3&#8243;][vc_single_image image=&#8220;452&#8243; img_size=&#8220;medium&#8220; alignment=&#8220;center&#8220; style=&#8220;vc_box_circle&#8220;][\/vc_column][\/vc_row][vc_row][vc_column][vc_empty_space height=&#8220;50px&#8220;][\/vc_column][\/vc_row][vc_row margin_bottom=&#8220;&#8220; anchor=&#8220;#leistungen&#8220;][vc_column width=&#8220;1\/3&#8243; animation=&#8220;pulse&#8220; css=&#8220;.vc_custom_1457011574622{margin-bottom: 20px !important;}&#8220;]<section class=\"shortcode-teaser img-full frame-on\"><div class=\"layzr-bg shortcode-teaser-img\"><img loading=\"lazy\" decoding=\"async\" class=\"lazy-load\" src=\"data:image\/svg+xml;charset=utf-8,%3Csvg xmlns%3D&#039;http%3A%2F%2Fwww.w3.org%2F2000%2Fsvg&#039; viewBox%3D&#039;0 0 601 401&#039;%2F%3E\" width=\"601\" height=\"401\" data-srcset=\"https:\/\/www.druckundwerbung.at\/wordpress\/wp-content\/uploads\/2016\/02\/Gruppenbild_01_Kopieren.png 601w\" data-src=\"https:\/\/www.druckundwerbung.at\/wordpress\/wp-content\/uploads\/2016\/02\/Gruppenbild_01_Kopieren.png\" \/><\/div><div class=\"shortcode-teaser-content text-big\"><h2 style=\"text-align: center;\">Kopieren<\/h2>\n<p style=\"text-align: center;\">Wir kopieren und scannen Ihre Dateien\u00a0in Farbe und SW. Auch gr\u00f6\u00dfer als A3. Sparen Sie Zeit und Geld: N\u00fctzen Sie unseren Gast-PC. Dort k\u00f6nnen Sie\u00a0Ihre Dateien selbst\u00a0bearbeiten und drucken!<\/p>\n<p style=\"text-align: center;\"><a href=\"https:\/\/www.druckundwerbung.at\/wordpress\/kopieren\/\" class=\"btn-shortcode dt-btn-m btn-link title-btn-color accent-btn-hover-color default-btn-bg-color default-btn-bg-hover-color fadeIn animate-element animation-builder\" id=\"dt-btn-1\"><i class=\"fa fa-chevron-circle-right\"><\/i><span>Mehr erfahren<\/span><\/a><\/p>\n<\/div><\/section>[\/vc_column][vc_column width=&#8220;1\/3&#8243; animation=&#8220;pulse&#8220; css=&#8220;.vc_custom_1457011016060{margin-bottom: 20px !important;}&#8220;]<section class=\"shortcode-teaser img-full frame-on\"><div class=\"layzr-bg shortcode-teaser-img\"><img loading=\"lazy\" decoding=\"async\" class=\"lazy-load\" src=\"data:image\/svg+xml;charset=utf-8,%3Csvg xmlns%3D&#039;http%3A%2F%2Fwww.w3.org%2F2000%2Fsvg&#039; viewBox%3D&#039;0 0 600 401&#039;%2F%3E\" width=\"600\" height=\"401\" data-srcset=\"https:\/\/www.druckundwerbung.at\/wordpress\/wp-content\/uploads\/2016\/02\/Gruppenbild_02_Druck-und-B\u00fcro.png 600w\" data-src=\"https:\/\/www.druckundwerbung.at\/wordpress\/wp-content\/uploads\/2016\/02\/Gruppenbild_02_Druck-und-B\u00fcro.png\" \/><\/div><div class=\"shortcode-teaser-content text-big\"><h2 style=\"text-align: center;\">Druck &amp; B\u00fcro<\/h2>\n<p style=\"text-align: center;\">Wir drucken Ihre Bl\u00f6cke, Briefpapiere, Brosch\u00fcren, Mappen, Flugbl\u00e4tter, Flyer, Folder, Kalender, Kataloge, Kuverts, Mailings, Preislisten, Stempel, Visiten- und Weihnachtskarten sowie Zeitungen!<\/p>\n<p style=\"text-align: center;\"><a href=\"https:\/\/www.druckundwerbung.at\/wordpress\/druck-buero\/\" class=\"btn-shortcode dt-btn-m btn-link title-btn-color accent-btn-hover-color default-btn-bg-color default-btn-bg-hover-color fadeIn animate-element animation-builder\" id=\"dt-btn-2\"><i class=\"fa fa-chevron-circle-right\"><\/i><span>Mehr erfahren<\/span><\/a><\/p>\n<\/div><\/section>[\/vc_column][vc_column width=&#8220;1\/3&#8243; animation=&#8220;pulse&#8220; css=&#8220;.vc_custom_1457011045301{margin-bottom: 20px !important;}&#8220;]<section class=\"shortcode-teaser img-full frame-on\"><div class=\"layzr-bg shortcode-teaser-img\"><img loading=\"lazy\" decoding=\"async\" class=\"lazy-load\" src=\"data:image\/svg+xml;charset=utf-8,%3Csvg xmlns%3D&#039;http%3A%2F%2Fwww.w3.org%2F2000%2Fsvg&#039; viewBox%3D&#039;0 0 601 401&#039;%2F%3E\" width=\"601\" height=\"401\" data-srcset=\"https:\/\/www.druckundwerbung.at\/wordpress\/wp-content\/uploads\/2016\/02\/Gruppenbild_03_Gro\u00dffl\u00e4che.png 601w\" data-src=\"https:\/\/www.druckundwerbung.at\/wordpress\/wp-content\/uploads\/2016\/02\/Gruppenbild_03_Gro\u00dffl\u00e4che.png\" \/><\/div><div class=\"shortcode-teaser-content text-big\"><h2 style=\"text-align: center;\">Gro\u00dffl\u00e4che<\/h2>\n<p style=\"text-align: center;\">Sie ben\u00f6tigen gro\u00dffl\u00e4chige Werbung\u00a0wie\u00a0Leinenbilder, Plakate, Plakatw\u00e4nde, Plankopien, Transparente oder T\u00fcrkleber? Wir Sind Ihr verl\u00e4sslicher Partner f\u00fcr Gro\u00dffl\u00e4chen-Auftr\u00e4ge.<\/p>\n<p style=\"text-align: center;\"><a href=\"https:\/\/www.druckundwerbung.at\/wordpress\/grossflaeche\/\" class=\"btn-shortcode dt-btn-m btn-link title-btn-color accent-btn-hover-color default-btn-bg-color default-btn-bg-hover-color fadeIn animate-element animation-builder\" id=\"dt-btn-3\"><i class=\"fa fa-chevron-circle-right\"><\/i><span>Mehr erfahren<\/span><\/a><\/p>\n<\/div><\/section>[\/vc_column][\/vc_row][vc_row][vc_column width=&#8220;1\/3&#8243; animation=&#8220;pulse&#8220; css=&#8220;.vc_custom_1457011258633{margin-top: 20px !important;margin-bottom: 20px !important;}&#8220;]<section class=\"shortcode-teaser img-full frame-on\"><div class=\"layzr-bg shortcode-teaser-img\"><img loading=\"lazy\" decoding=\"async\" class=\"lazy-load\" src=\"data:image\/svg+xml;charset=utf-8,%3Csvg xmlns%3D&#039;http%3A%2F%2Fwww.w3.org%2F2000%2Fsvg&#039; viewBox%3D&#039;0 0 601 400&#039;%2F%3E\" width=\"601\" height=\"400\" data-srcset=\"https:\/\/www.druckundwerbung.at\/wordpress\/wp-content\/uploads\/2016\/02\/Gruppenbild_04_Werbetechnik.png 601w\" data-src=\"https:\/\/www.druckundwerbung.at\/wordpress\/wp-content\/uploads\/2016\/02\/Gruppenbild_04_Werbetechnik.png\" \/><\/div><div class=\"shortcode-teaser-content text-big\"><h2 style=\"text-align: center;\">Werbetechnik<\/h2>\n<p style=\"text-align: center;\">Unsere Werbetechnik umfasst Aufkleber, Auslagen, Leuchtwerbung, KFZ-Beschriftungen, Messeausstattung, Rollups, Schilder, Tafeln, Transparente, T\u00fcrkleber und Werbet\u00fcrme.<\/p>\n<p style=\"text-align: center;\"><a href=\"https:\/\/www.druckundwerbung.at\/wordpress\/werbetechnik\/\" class=\"btn-shortcode dt-btn-m btn-link title-btn-color accent-btn-hover-color default-btn-bg-color default-btn-bg-hover-color fadeIn animate-element animation-builder\" id=\"dt-btn-4\"><i class=\"fa fa-chevron-circle-right\"><\/i><span>Mehr erfahren<\/span><\/a><\/p>\n<\/div><\/section>[\/vc_column][vc_column width=&#8220;1\/3&#8243; animation=&#8220;pulse&#8220; css=&#8220;.vc_custom_1457011273684{margin-top: 20px !important;margin-bottom: 20px !important;}&#8220;]<section class=\"shortcode-teaser img-full frame-on\"><div class=\"layzr-bg shortcode-teaser-img\"><img loading=\"lazy\" decoding=\"async\" class=\"lazy-load\" src=\"data:image\/svg+xml;charset=utf-8,%3Csvg xmlns%3D&#039;http%3A%2F%2Fwww.w3.org%2F2000%2Fsvg&#039; viewBox%3D&#039;0 0 600 400&#039;%2F%3E\" width=\"600\" height=\"400\" data-srcset=\"https:\/\/www.druckundwerbung.at\/wordpress\/wp-content\/uploads\/2016\/02\/Gruppenbild_05_Werbeartikel.png 600w\" data-src=\"https:\/\/www.druckundwerbung.at\/wordpress\/wp-content\/uploads\/2016\/02\/Gruppenbild_05_Werbeartikel.png\" \/><\/div><div class=\"shortcode-teaser-content text-big\"><h2 style=\"text-align: center;\">Werbeartikel<\/h2>\n<p style=\"text-align: center;\">Sie m\u00f6chten Ihre Kunden binden? Finden Sie passende Werbeartikel aus unserem Sortiment. Dieses umfasst Werbe-Elektronik, Feuerzeuge, Schreibger\u00e4te, S\u00fc\u00dfwaren, Tools und anderes N\u00fctzliches.<\/p>\n<p style=\"text-align: center;\"><a href=\"https:\/\/www.druckundwerbung.at\/wordpress\/werbeartikel\/\" class=\"btn-shortcode dt-btn-m btn-link title-btn-color accent-btn-hover-color default-btn-bg-color default-btn-bg-hover-color fadeIn animate-element animation-builder\" id=\"dt-btn-5\"><i class=\"fa fa-chevron-circle-right\"><\/i><span>Mehr erfahren<\/span><\/a><\/p>\n<\/div><\/section>[\/vc_column][vc_column width=&#8220;1\/3&#8243; animation=&#8220;pulse&#8220; css=&#8220;.vc_custom_1457011311215{margin-top: 20px !important;margin-bottom: 20px !important;}&#8220;]<section class=\"shortcode-teaser img-full frame-on\"><div class=\"layzr-bg shortcode-teaser-img\"><img loading=\"lazy\" decoding=\"async\" class=\"lazy-load\" src=\"data:image\/svg+xml;charset=utf-8,%3Csvg xmlns%3D&#039;http%3A%2F%2Fwww.w3.org%2F2000%2Fsvg&#039; viewBox%3D&#039;0 0 601 400&#039;%2F%3E\" width=\"601\" height=\"400\" data-srcset=\"https:\/\/www.druckundwerbung.at\/wordpress\/wp-content\/uploads\/2016\/02\/Gruppenbild_06_Geschenkartikel.png 601w\" data-src=\"https:\/\/www.druckundwerbung.at\/wordpress\/wp-content\/uploads\/2016\/02\/Gruppenbild_06_Geschenkartikel.png\" \/><\/div><div class=\"shortcode-teaser-content text-big\"><h2 style=\"text-align: center;\">Geschenkartikel<\/h2>\n<p style=\"text-align: center;\">Noch kein passendes Geschenk? Unsere Bestseller: Die\u00a0individuelle\u00a0Foto-Tasse und das Leinenbild &#8211; St\u00f6bern Sie auch durch unseren Abverkauf: Ob Grillzubeh\u00f6r, Mousepads oder B\u00fcrobedarf\u00a0&#8211; hier finden Sie f\u00fcr jeden etwas!<\/p>\n<p style=\"text-align: center;\"><a href=\"https:\/\/www.druckundwerbung.at\/wordpress\/geschenkartikel\/\" class=\"btn-shortcode dt-btn-m btn-link title-btn-color accent-btn-hover-color default-btn-bg-color default-btn-bg-hover-color fadeIn animate-element animation-builder\" id=\"dt-btn-6\"><i class=\"fa fa-chevron-circle-right\"><\/i><span>Mehr erfahren<\/span><\/a><\/p>\n<\/div><\/section>[\/vc_column][\/vc_row][vc_row][vc_column width=&#8220;1\/3&#8243; animation=&#8220;pulse&#8220; css=&#8220;.vc_custom_1457011329765{margin-top: 20px !important;margin-bottom: 20px !important;border-radius: 1px !important;}&#8220;]<section class=\"shortcode-teaser img-full frame-on\"><div class=\"layzr-bg shortcode-teaser-img\"><img loading=\"lazy\" decoding=\"async\" class=\"lazy-load\" src=\"data:image\/svg+xml;charset=utf-8,%3Csvg xmlns%3D&#039;http%3A%2F%2Fwww.w3.org%2F2000%2Fsvg&#039; viewBox%3D&#039;0 0 601 401&#039;%2F%3E\" width=\"601\" height=\"401\" data-srcset=\"https:\/\/www.druckundwerbung.at\/wordpress\/wp-content\/uploads\/2016\/02\/Gruppenbild_07_Textilien.png 601w\" data-src=\"https:\/\/www.druckundwerbung.at\/wordpress\/wp-content\/uploads\/2016\/02\/Gruppenbild_07_Textilien.png\" \/><\/div><div class=\"shortcode-teaser-content text-big\"><h2 style=\"text-align: center;\">Textilien<\/h2>\n<p style=\"text-align: center;\">In unserem Textilsortiment finden Sie Jacken, Kappen, Polos, Shirts und vieles mehr. Wir veredeln Ihre Arbeits- und Freizeit-Textilien verschiedener Marken\u00a0nach Wunsch individuell!<\/p>\n<p style=\"text-align: center;\"><a href=\"https:\/\/www.druckundwerbung.at\/wordpress\/textilien\/\" class=\"btn-shortcode dt-btn-m btn-link title-btn-color accent-btn-hover-color default-btn-bg-color default-btn-bg-hover-color fadeIn animate-element animation-builder\" id=\"dt-btn-7\"><i class=\"fa fa-chevron-circle-right\"><\/i><span>Mehr erfahren<\/span><\/a><\/p>\n<\/div><\/section>[\/vc_column]<!--\n[vc_column width=\"1\/3\" animation=\"pulse\" css=\".vc_custom_1457011343912{margin-top: 20px !important;margin-bottom: 20px !important;border-radius: 1px !important;}\"][dt_teaser image_id=\"514\" target=\"self\" background=\"plain\"]\n\n\n<h2 style=\"text-align: center;\">Web-Dienste<\/h2>\n\n\n\n\n<p style=\"text-align: center;\">Unsere Web-Dienste umfassen Domainregistrierungen, Hosting, Serverdienstleistungen sowie Text- und Webdesign von bestehenden oder neuen Websites.<\/p>\n\n\n\n\n<p style=\"text-align: center;\">[dt_button link=\"https:\/\/www.druckundwerbung.at\/wordpress\/webdienste\/\" target_blank=\"false\" button_alignment=\"default\" animation=\"fadeIn\" size=\"medium\" style=\"link\" text_color_style=\"context\" text_hover_color_style=\"accent\" icon=\"fa fa-chevron-circle-right\" icon_align=\"left\"]Mehr erfahren[\/dt_button]<\/p>\n\n\n[\/dt_teaser][\/vc_column]\n-->[vc_column width=&#8220;1\/3&#8243; animation=&#8220;pulse&#8220; css=&#8220;.vc_custom_1457011355701{margin-top: 20px !important;margin-bottom: 20px !important;border-radius: 1px !important;}&#8220;]<section class=\"shortcode-teaser img-full frame-on\"><div class=\"layzr-bg shortcode-teaser-img\"><img loading=\"lazy\" decoding=\"async\" class=\"lazy-load\" src=\"data:image\/svg+xml;charset=utf-8,%3Csvg xmlns%3D&#039;http%3A%2F%2Fwww.w3.org%2F2000%2Fsvg&#039; viewBox%3D&#039;0 0 601 401&#039;%2F%3E\" width=\"601\" height=\"401\" data-srcset=\"https:\/\/www.druckundwerbung.at\/wordpress\/wp-content\/uploads\/2016\/02\/Gruppenbild_09_Weiterverarbeitung.png 601w\" data-src=\"https:\/\/www.druckundwerbung.at\/wordpress\/wp-content\/uploads\/2016\/02\/Gruppenbild_09_Weiterverarbeitung.png\" \/><\/div><div class=\"shortcode-teaser-content text-big\"><h2 style=\"text-align: center;\">Weiterverarbeitung<\/h2>\n<p style=\"text-align: center;\">Wir verarbeiten Ihre Materialien weiter. Zu unseren Leistungen z\u00e4hlt das Binden, Falten, Folieren, Heften, Klebebinden, Kuvertieren, Laminieren, Lochen, Perforieren, Rillen und Schneiden.<\/p>\n<p style=\"text-align: center;\"><a href=\"https:\/\/www.druckundwerbung.at\/wordpress\/weiterverarbeitung\/\" class=\"btn-shortcode dt-btn-m btn-link title-btn-color accent-btn-hover-color default-btn-bg-color default-btn-bg-hover-color fadeIn animate-element animation-builder\" id=\"dt-btn-8\"><i class=\"fa fa-chevron-circle-right\"><\/i><span>Mehr erfahren<\/span><\/a><\/p>\n<\/div><\/section>[\/vc_column][\/vc_row][vc_row][vc_column][vc_empty_space][\/vc_column][\/vc_row][vc_row][vc_column][vc_empty_space][\/vc_column][\/vc_row]<\/p>\n<p style=\"text-align: center;\">\n<div class=\"hr-thick\"><\/div>\n<p style=\"text-align: center;\"><div class=\"gap\" style=\"line-height: 50px; height: 50px;\"><\/div>\n<h2 style=\"text-align: center;\">JETZT NEU: UNSER GRATIS E-BOOK<\/h2>\n<h3 style=\"text-align: center;\"><strong><span style=\"color: #ff0000;\">Ihr\u00a0pers\u00f6nlicher Werbe-Ratgeber!<\/span><\/strong><br \/>\n<strong>Mit Praxis-Leitfaden, hilfreichen Tipps und Ideen<\/strong><\/h3>\n<p style=\"text-align: center;\"><img decoding=\"async\" src=\"https:\/\/www.druckundwerbung.at\/wordpress\/wp-content\/uploads\/2016\/09\/Mockup_Cleverreach_frei_klein-e1474535847231.png\" \/><\/p>\n<p style=\"text-align: center;\"><a href=\"https:\/\/bit.ly\/e-book_ihr-persoenlicher-werberatgeber\" class=\"btn-shortcode dt-btn-m dt-btn default-btn-color default-btn-hover-color default-btn-bg-color default-btn-bg-hover-color fadeIn animate-element animation-builder\" target=\"_blank\" id=\"dt-btn-9\" rel=\"noopener\"><i class=\"fa fa-chevron-circle-right\"><\/i><span>Mehr Information<\/span><\/a><\/p>\n<p style=\"text-align: center;\"><div class=\"gap\" style=\"line-height: 50px; height: 50px;\"><\/div>\n<p>[vc_row margin_bottom=&#8220;60&#8243; bg_type=&#8220;bg_color&#8220; bg_override=&#8220;full&#8220; bg_color_value=&#8220;#fffce0&#8243;][vc_column width=&#8220;1\/2&#8243;][ultimate_spacer height=&#8220;60&#8243; height_on_mob=&#8220;10&#8243;][vc_column_text]<\/p>\n<h2>Was wir f\u00fcr Sie tun:<\/h2>\n<p>[\/vc_column_text][ultimate_spacer height=&#8220;25&#8243; height_on_mob=&#8220;20&#8243;][vc_column_text]<\/p>\n<ul>\n<li>Wir beraten Sie in Sachen Druck und Werbung<\/li>\n<li>Wir kopieren, drucken und scannen Ihre Dokumente<\/li>\n<li>Wir erstellen und drucken Ihre Werbematerialien und\u00a0Gro\u00dffl\u00e4chen<\/li>\n<li>Wir individualisieren\u00a0Ihre Werbe- und Geschenkartikel<\/li>\n<li>Wir verarbeiten Ihre Wunsch-Textilien<\/li>\n<li>Wir realisieren und optimieren Ihren Web-Auftritt<\/li>\n<li>Wir verarbeiten Ihre Materialien weiter<\/li>\n<\/ul>\n<p>[\/vc_column_text][ultimate_spacer height=&#8220;30&#8243; height_on_mob=&#8220;5&#8243;][\/vc_column][vc_column width=&#8220;1\/2&#8243;][ultimate_spacer height=&#8220;10&#8243; height_on_mob=&#8220;5&#8243;][vc_single_image image=&#8220;495&#8243; img_size=&#8220;350&#215;350&#8243; alignment=&#8220;center&#8220; style=&#8220;vc_box_circle&#8220;][ultimate_spacer height=&#8220;40&#8243;][\/vc_column][\/vc_row][vc_row margin_bottom=&#8220;60&#8243; bg_type=&#8220;bg_color&#8220; bg_override=&#8220;full&#8220; bg_color_value=&#8220;#fffce0&#8243;][vc_column width=&#8220;1\/2&#8243;][ultimate_spacer height=&#8220;10&#8243;][vc_single_image image=&#8220;496&#8243; img_size=&#8220;350&#215;350&#8243; style=&#8220;vc_box_circle&#8220;][ultimate_spacer height=&#8220;10&#8243; height_on_mob=&#8220;5&#8243;][\/vc_column][vc_column width=&#8220;1\/2&#8243;][ultimate_spacer height=&#8220;90&#8243; height_on_mob=&#8220;5&#8243;][vc_column_text]<\/p>\n<h2>Was f\u00fcr uns spricht:<\/h2>\n<p>[\/vc_column_text][ultimate_spacer height=&#8220;25&#8243; height_on_mob=&#8220;20&#8243;][vc_column_text]<\/p>\n<ul>\n<li>Erfahrung in der Werbebranche seit 1996<\/li>\n<li>Individuelle Gestaltung Ihrer Werbematerialen<\/li>\n<li>Pers\u00f6nliche Betreuung durch erfahrene Mitarbeiter<\/li>\n<li>Sowohl kleine als auch gro\u00dfe Projekte<\/li>\n<li>Alle Produkte auch online bestellbar<\/li>\n<\/ul>\n<p>[\/vc_column_text][ultimate_spacer height=&#8220;30&#8243; height_on_mob=&#8220;5&#8243;][\/vc_column][vc_column][\/vc_column][\/vc_row][vc_row bg_type=&#8220;bg_color&#8220; bg_override=&#8220;full&#8220; bg_color_value=&#8220;#fffce0&#8243;][vc_column width=&#8220;1\/2&#8243;][ultimate_spacer height=&#8220;80&#8243; height_on_mob=&#8220;5&#8243;][vc_column_text]<\/p>\n<h2>Besuchen Sie uns!<\/h2>\n<p>[\/vc_column_text][ultimate_spacer height=&#8220;25&#8243; height_on_mob=&#8220;20&#8243;][vc_column_text]Lassen Sie sich vor Ort von unseren kompetenten Mitarbeitern beraten!<\/p>\n<p>Wir ziehen um! Ab 12. Juni 2020 finden Sie uns am neuen Standort in der <strong>Molkereistra\u00dfe 6, 2700 Wiener Neustadt<\/strong> &#8211; bei <a href=\"https:\/\/www.meindrucker.net\">MeinDrucker.net<\/a><\/p>\n<p>Wir sind von <strong>Montag bis Freitag<\/strong> von <strong>8-12 Uhr<\/strong> und <strong>13-17 Uhr<\/strong> f\u00fcr Sie da.<\/p>\n<p><a href=\"https:\/\/www.druckundwerbung.at\/wordpress\/?page_id=15\" target=\"_blank\" rel=\"noopener noreferrer\">Hier<\/a> geht&#8217;s zu Kontakt und Anfahrtsplan.\u00a0Wir freuen uns auf Ihren Besuch![\/vc_column_text][ultimate_spacer height=&#8220;30&#8243; height_on_mob=&#8220;5&#8243;][\/vc_column][vc_column width=&#8220;1\/2&#8243;][ultimate_spacer height=&#8220;10&#8243; height_on_mob=&#8220;5&#8243;][vc_single_image image=&#8220;465&#8243; img_size=&#8220;350&#215;350&#8243; alignment=&#8220;center&#8220; style=&#8220;vc_box_circle&#8220;][ultimate_spacer height=&#8220;40&#8243;][\/vc_column][\/vc_row][vc_row][vc_column][ultimate_spacer height=&#8220;30&#8243;][\/vc_column][\/vc_row]<\/p>\n<\/div>","protected":false},"excerpt":{"rendered":"<p>[vc_custom_heading text=&#8220;DRUCKundWERBUNG.at Kopieren, Drucken &amp; Werbung in Wiener Neustadt&#8220; font_container=&#8220;tag:h1|font_size:40|text_align:left&#8220; google_fonts=&#8220;font_family:Hind%3A300%2Cregular%2C500%2C600%2C700|font_style:400%20regular%3A400%3Anormal&#8220;][vc_row margin_bottom=&#8220;10&#8243; bg_type=&#8220;bg_color&#8220; bg_color_value=&#8220;#ffffff&#8220;][vc_column width=&#8220;2\/3&#8243;][vc_column_text] Sie sind auf der Suche nach einem verl\u00e4sslichen Partner f\u00fcr Ihre Druck- und Kopierauftr\u00e4ge? Egal ob Offsetdruck oder Digitaldruck? Sie m\u00f6chten einen Berater und Gestalter f\u00fcr Ihre Werbetechnik? \u00a0Sie ben\u00f6tigen individuelle Textilien, Geschenk- und Werbeartikel? Oder m\u00f6chten Sie Ihren Webauftritt&hellip;<\/p>\n","protected":false},"author":1,"featured_media":0,"parent":0,"menu_order":0,"comment_status":"closed","ping_status":"open","template":"","meta":{"footnotes":""},"class_list":["post-2","page","type-page","status-publish","hentry","description-off"],"_links":{"self":[{"href":"https:\/\/www.druckundwerbung.at\/wordpress\/wp-json\/wp\/v2\/pages\/2","targetHints":{"allow":["GET"]}}],"collection":[{"href":"https:\/\/www.druckundwerbung.at\/wordpress\/wp-json\/wp\/v2\/pages"}],"about":[{"href":"https:\/\/www.druckundwerbung.at\/wordpress\/wp-json\/wp\/v2\/types\/page"}],"author":[{"embeddable":true,"href":"https:\/\/www.druckundwerbung.at\/wordpress\/wp-json\/wp\/v2\/users\/1"}],"replies":[{"embeddable":true,"href":"https:\/\/www.druckundwerbung.at\/wordpress\/wp-json\/wp\/v2\/comments?post=2"}],"version-history":[{"count":10,"href":"https:\/\/www.druckundwerbung.at\/wordpress\/wp-json\/wp\/v2\/pages\/2\/revisions"}],"predecessor-version":[{"id":1315,"href":"https:\/\/www.druckundwerbung.at\/wordpress\/wp-json\/wp\/v2\/pages\/2\/revisions\/1315"}],"wp:attachment":[{"href":"https:\/\/www.druckundwerbung.at\/wordpress\/wp-json\/wp\/v2\/media?parent=2"}],"curies":[{"name":"wp","href":"https:\/\/api.w.org\/{rel}","templated":true}]}}