{"id":221,"date":"2016-02-15T17:38:20","date_gmt":"2016-02-15T16:38:20","guid":{"rendered":"http:\/\/www.druckundwerbung.at\/wordpress\/?page_id=221"},"modified":"2018-03-02T15:09:47","modified_gmt":"2018-03-02T14:09:47","slug":"formatvorlagen","status":"publish","type":"page","link":"https:\/\/www.druckundwerbung.at\/wordpress\/formatvorlagen\/","title":{"rendered":"Formatvorlagen"},"content":{"rendered":"<div class=\"wpb-content-wrapper\"><p>[vc_row margin_top=&#8220;-50px&#8220;][vc_column][vc_column_text]<\/p>\n<h1>Formatvorlagen<\/h1>\n<p>[\/vc_column_text][\/vc_column][vc_column][ultimate_spacer height=&#8220;55&#8243;][\/vc_column][\/vc_row][vc_row][vc_column][vc_column_text]Hier finden Sie eine Auflistung der wichtigsten Layout-Vorlagen:[\/vc_column_text][ultimate_spacer height=&#8220;35&#8243;][\/vc_column][\/vc_row][vc_row][vc_column width=&#8220;1\/2&#8243;][vc_column_text]<strong>A<\/strong><br \/>\nAufkleber\u00a0| 50 x 50 mm<br \/>\n<a href=\"https:\/\/www.druckundwerbung.at\/wordpress\/wp-content\/uploads\/2016\/03\/Aufkleber_50x100_mm.pdf\" target=\"_blank\">Aufkleber | 50 x 100 mm<\/a><br \/>\n<a href=\"https:\/\/www.druckundwerbung.at\/wordpress\/wp-content\/uploads\/2016\/03\/Aufkleber_100x100_mm.pdf\" target=\"_blank\">Aufkleber\u00a0| 100 x 100 mm<\/a><br \/>\n<a href=\"https:\/\/www.druckundwerbung.at\/wordpress\/wp-content\/uploads\/2016\/03\/Aufkleber_100x150_mm.pdf\" target=\"_blank\">Aufkleber | 100 x 150 mm<\/a><\/p>\n<p>&nbsp;<\/p>\n<p><strong>B<\/strong><br \/>\n<a href=\"https:\/\/www.druckundwerbung.at\/wordpress\/wp-content\/uploads\/2016\/03\/Bloecke_A4.pdf\" target=\"_blank\">Bl\u00f6cke A4<\/a><br \/>\n<a href=\"https:\/\/www.druckundwerbung.at\/wordpress\/wp-content\/uploads\/2016\/03\/Bloecke_A5.pdf\" target=\"_blank\">Bl\u00f6cke A5<\/a><br \/>\n<a href=\"https:\/\/www.druckundwerbung.at\/wordpress\/wp-content\/uploads\/2016\/03\/Bloecke_A6.pdf\" target=\"_blank\">Bl\u00f6cke A6<\/a><\/p>\n<p>&nbsp;<\/p>\n<p><strong>F<\/strong><br \/>\n<a href=\"https:\/\/www.druckundwerbung.at\/wordpress\/wp-content\/uploads\/2016\/03\/Foto-Baumkugel.pdf\" target=\"_blank\">Foto-Baumkugel<\/a><br \/>\n<a href=\"https:\/\/www.druckundwerbung.at\/wordpress\/wp-content\/uploads\/2016\/03\/Foto-Kugel.pdf\" target=\"_blank\">Foto-Schneekugel<\/a><br \/>\n<a href=\"https:\/\/www.druckundwerbung.at\/wordpress\/wp-content\/uploads\/2016\/03\/Fotopolster_Classic.pdf\" target=\"_blank\">Foto-Polster | Classic<\/a><br \/>\n<a href=\"https:\/\/www.druckundwerbung.at\/wordpress\/wp-content\/uploads\/2016\/03\/Fotopolster_Herz.pdf\" target=\"_blank\">Foto-Polster | Herzform<\/a><br \/>\n<a href=\"https:\/\/www.druckundwerbung.at\/wordpress\/wp-content\/uploads\/2016\/03\/Fotopolster_Rahmen.pdf\" target=\"_blank\">Foto-Polster | Rahmen<\/a><br \/>\n<a href=\"https:\/\/www.druckundwerbung.at\/wordpress\/wp-content\/uploads\/2016\/03\/Foto-Puzzle.pdf\" target=\"_blank\">Foto-Puzzle<\/a><\/p>\n<p>&nbsp;<\/p>\n<p><strong>G<\/strong><br \/>\n<a href=\"https:\/\/www.druckundwerbung.at\/wordpress\/wp-content\/uploads\/2016\/03\/Gummibaeren.pdf\" target=\"_blank\">Gummib\u00e4ren<\/a><\/p>\n<p>&nbsp;<\/p>\n<p><strong>I<\/strong><br \/>\n<a href=\"https:\/\/www.druckundwerbung.at\/wordpress\/wp-content\/uploads\/2016\/03\/iPad-Cover.pdf\" target=\"_blank\">iPad-Cover<\/a><br \/>\n<a href=\"https:\/\/www.druckundwerbung.at\/wordpress\/wp-content\/uploads\/2016\/03\/iPhone-Cover.pdf\" target=\"_blank\">iPhone-Cover<\/a><\/p>\n<p>&nbsp;<\/p>\n<p><strong>L<\/strong><br \/>\n<a href=\"https:\/\/www.druckundwerbung.at\/wordpress\/wp-content\/uploads\/2016\/03\/Canvas_30.pdf\" target=\"_blank\">Leinenbild | 30<\/a><br \/>\n<a href=\"https:\/\/www.druckundwerbung.at\/wordpress\/wp-content\/uploads\/2016\/03\/Canvas_40.pdf\" target=\"_blank\">Leinenbild | 40<\/a><br \/>\n<a href=\"https:\/\/www.druckundwerbung.at\/wordpress\/wp-content\/uploads\/2016\/03\/Canvas_50.pdf\" target=\"_blank\">Leinenbild | 50<\/a><br \/>\n<a href=\"https:\/\/www.druckundwerbung.at\/wordpress\/wp-content\/uploads\/2016\/03\/Canvas_60.pdf\" target=\"_blank\">Leinenbild | 60<\/a><br \/>\n<a href=\"https:\/\/www.druckundwerbung.at\/wordpress\/wp-content\/uploads\/2016\/03\/Canvas_70.pdf\" target=\"_blank\">Leinenbild | 70<\/a><br \/>\n<a href=\"https:\/\/www.druckundwerbung.at\/wordpress\/wp-content\/uploads\/2016\/03\/Canvas_80.pdf\" target=\"_blank\">Leinenbild | 80<\/a><br \/>\n<a href=\"https:\/\/www.druckundwerbung.at\/wordpress\/wp-content\/uploads\/2016\/03\/Canvas_100.pdf\" target=\"_blank\">Leinenbild | 100<\/a><\/p>\n<p>&nbsp;<\/p>\n<p><strong>M<\/strong><br \/>\n<a href=\"https:\/\/www.druckundwerbung.at\/wordpress\/wp-content\/uploads\/2016\/03\/Magnetfolie.pdf\" target=\"_blank\">Magnetfolie<\/a><br \/>\n<a href=\"https:\/\/www.druckundwerbung.at\/wordpress\/wp-content\/uploads\/2016\/03\/Mousepad_Classic.pdf\" target=\"_blank\">Mousepad | Classic<\/a><br \/>\n<a href=\"https:\/\/www.druckundwerbung.at\/wordpress\/wp-content\/uploads\/2016\/03\/Mousepad_Rund.pdf\" target=\"_blank\">Mousepad | Rund<\/a><br \/>\nMousepad | XXL[\/vc_column_text][\/vc_column][vc_column width=&#8220;1\/2&#8243;][vc_column_text]<strong>P<\/strong><br \/>\n<a href=\"https:\/\/www.druckundwerbung.at\/wordpress\/wp-content\/uploads\/2016\/03\/Plakate_A2_A1_A0.pdf\" target=\"_blank\">Plakate<\/a><\/p>\n<p>&nbsp;<\/p>\n<p><strong>R<\/strong><br \/>\n<a href=\"https:\/\/www.druckundwerbung.at\/wordpress\/wp-content\/uploads\/2016\/03\/Rollup_Classic_85x200.pdf\" target=\"_blank\">Rollup Classic | 85 x 200 cm<\/a><br \/>\n<a href=\"https:\/\/www.druckundwerbung.at\/wordpress\/wp-content\/uploads\/2016\/03\/Rollup_Classic_100x200.pdf\" target=\"_blank\">Rollup Classic |100 x 200 cm<\/a><\/p>\n<p>&nbsp;<\/p>\n<p><strong>S<\/strong><br \/>\n<a href=\"https:\/\/www.druckundwerbung.at\/wordpress\/wp-content\/uploads\/2016\/03\/Schiebehuelle.pdf\" target=\"_blank\">Schiebeh\u00fclle f\u00fcr Handy<\/a><br \/>\n<a href=\"https:\/\/www.druckundwerbung.at\/wordpress\/wp-content\/uploads\/2016\/03\/Stiftebox.pdf\" target=\"_blank\">Stiftebox<\/a><\/p>\n<p>&nbsp;<\/p>\n<p><strong>T<\/strong><br \/>\n<a href=\"https:\/\/www.druckundwerbung.at\/wordpress\/wp-content\/uploads\/2016\/03\/Tasse_Classic.pdf\" target=\"_blank\">Tasse | Classic<\/a><br \/>\n<a href=\"https:\/\/www.druckundwerbung.at\/wordpress\/wp-content\/uploads\/2016\/03\/Tasse_Fussball.pdf\" target=\"_blank\">Tasse | Fu\u00dfball<\/a><br \/>\n<a href=\"https:\/\/www.druckundwerbung.at\/wordpress\/wp-content\/uploads\/2016\/03\/Tasse_Gold-Silber.pdf\" target=\"_blank\">Tasse | Gold o. Silber<\/a><br \/>\n<a href=\"https:\/\/www.druckundwerbung.at\/wordpress\/wp-content\/uploads\/2016\/03\/Tasse_mit_Loeffel.pdf\" target=\"_blank\">Tasse | L\u00f6ffel<\/a><br \/>\n<a href=\"https:\/\/www.druckundwerbung.at\/wordpress\/wp-content\/uploads\/2016\/03\/Tischuhr.pdf\" target=\"_blank\">Tischuhr<\/a><br \/>\n<a href=\"https:\/\/www.druckundwerbung.at\/wordpress\/wp-content\/uploads\/2016\/03\/Transparent_Banner_100x200cm.pdf\" target=\"_blank\">Transparent | 100 x 200 cm<\/a><br \/>\n<a href=\"https:\/\/www.druckundwerbung.at\/wordpress\/wp-content\/uploads\/2016\/03\/Transparent_Banner_100x250cm.pdf\" target=\"_blank\">Transparent | 100 x 250 cm<\/a><br \/>\n<a href=\"https:\/\/www.druckundwerbung.at\/wordpress\/wp-content\/uploads\/2016\/03\/Transparent_Banner_100x300cm_Classic.pdf\" target=\"_blank\">Transparent | 100 x 300 cm<\/a><br \/>\n<a href=\"https:\/\/www.druckundwerbung.at\/wordpress\/wp-content\/uploads\/2016\/03\/Transparent_Banner_100x400cm.pdf\" target=\"_blank\">Transparent | 100 x 400 cm<\/a><br \/>\n<a href=\"https:\/\/www.druckundwerbung.at\/wordpress\/wp-content\/uploads\/2016\/03\/Transparent_Banner_100x500cm.pdf\" target=\"_blank\">Transparent | 100 x 500 cm<\/a><\/p>\n<p>&nbsp;<\/p>\n<p><strong>V<\/strong><br \/>\n<a href=\"https:\/\/www.druckundwerbung.at\/wordpress\/wp-content\/uploads\/2016\/03\/Visitenkarten_Standard_54x85_50x90.pdf\" target=\"_blank\">Visitenkarten<\/a><\/p>\n<p>&nbsp;<\/p>\n<p><strong>W<\/strong><br \/>\n<a href=\"https:\/\/www.druckundwerbung.at\/wordpress\/wp-content\/uploads\/2016\/03\/Weihnachtskarten_A5-Klappkarten.pdf\" target=\"_blank\">Weihnachts-Klappkarte | A5<\/a><br \/>\n<a href=\"https:\/\/www.druckundwerbung.at\/wordpress\/wp-content\/uploads\/2016\/03\/Weihnachtskarten_A6-Klappkarten.pdf\" target=\"_blank\">Weihnachts-Klappkarte | A6<\/a><br \/>\n<a href=\"https:\/\/www.druckundwerbung.at\/wordpress\/wp-content\/uploads\/2016\/03\/Weihnachtskarten_A5-Postkarten.pdf\" target=\"_blank\">Weihnachts-Postkarte | A5<\/a><br \/>\n<a href=\"https:\/\/www.druckundwerbung.at\/wordpress\/wp-content\/uploads\/2016\/03\/Weihnachtskarten_A6-Postkarten.pdf\" target=\"_blank\">Weihnachts-Postkarte | A6<\/a>[\/vc_column_text][\/vc_column][\/vc_row]<\/p>\n<\/div>","protected":false},"excerpt":{"rendered":"<p>[vc_row margin_top=&#8220;-50px&#8220;][vc_column][vc_column_text] Formatvorlagen [\/vc_column_text][\/vc_column][vc_column][ultimate_spacer height=&#8220;55&#8243;][\/vc_column][\/vc_row][vc_row][vc_column][vc_column_text]Hier finden Sie eine Auflistung der wichtigsten Layout-Vorlagen:[\/vc_column_text][ultimate_spacer height=&#8220;35&#8243;][\/vc_column][\/vc_row][vc_row][vc_column width=&#8220;1\/2&#8243;][vc_column_text]A Aufkleber\u00a0| 50 x 50 mm Aufkleber | 50 x 100 mm Aufkleber\u00a0| 100 x 100 mm Aufkleber | 100 x 150 mm &nbsp; B Bl\u00f6cke A4 Bl\u00f6cke A5 Bl\u00f6cke A6 &nbsp; F Foto-Baumkugel Foto-Schneekugel Foto-Polster | Classic Foto-Polster | Herzform Foto-Polster&hellip;<\/p>\n","protected":false},"author":1,"featured_media":0,"parent":0,"menu_order":0,"comment_status":"closed","ping_status":"closed","template":"","meta":{"footnotes":""},"class_list":["post-221","page","type-page","status-publish","hentry","description-off"],"_links":{"self":[{"href":"https:\/\/www.druckundwerbung.at\/wordpress\/wp-json\/wp\/v2\/pages\/221","targetHints":{"allow":["GET"]}}],"collection":[{"href":"https:\/\/www.druckundwerbung.at\/wordpress\/wp-json\/wp\/v2\/pages"}],"about":[{"href":"https:\/\/www.druckundwerbung.at\/wordpress\/wp-json\/wp\/v2\/types\/page"}],"author":[{"embeddable":true,"href":"https:\/\/www.druckundwerbung.at\/wordpress\/wp-json\/wp\/v2\/users\/1"}],"replies":[{"embeddable":true,"href":"https:\/\/www.druckundwerbung.at\/wordpress\/wp-json\/wp\/v2\/comments?post=221"}],"version-history":[{"count":1,"href":"https:\/\/www.druckundwerbung.at\/wordpress\/wp-json\/wp\/v2\/pages\/221\/revisions"}],"predecessor-version":[{"id":1241,"href":"https:\/\/www.druckundwerbung.at\/wordpress\/wp-json\/wp\/v2\/pages\/221\/revisions\/1241"}],"wp:attachment":[{"href":"https:\/\/www.druckundwerbung.at\/wordpress\/wp-json\/wp\/v2\/media?parent=221"}],"curies":[{"name":"wp","href":"https:\/\/api.w.org\/{rel}","templated":true}]}}