{"id":298,"date":"2016-02-20T13:07:09","date_gmt":"2016-02-20T12:07:09","guid":{"rendered":"http:\/\/www.druckundwerbung.at\/wordpress\/?page_id=298"},"modified":"2018-03-02T15:02:33","modified_gmt":"2018-03-02T14:02:33","slug":"cookies","status":"publish","type":"page","link":"https:\/\/www.druckundwerbung.at\/wordpress\/cookies\/","title":{"rendered":"Cookies"},"content":{"rendered":"<div class=\"wpb-content-wrapper\"><p>[vc_row margin_top=&#8220;-50px&#8220;][vc_column][vc_column_text]<\/p>\n<h1>Informationen \u00fcber Cookies<\/h1>\n<p>[\/vc_column_text][\/vc_column][\/vc_row][vc_row][vc_column][ultimate_spacer height=&#8220;35&#8243;][vc_column_text]<\/p>\n<ol>\n<li>Was ist ein Cookie?<\/li>\n<li>Warum nutzen wir Cookies?<\/li>\n<li>Wie k\u00f6nnen Sie\u00a0Cookies deaktivieren?<\/li>\n<\/ol>\n<p>[\/vc_column_text][\/vc_column][\/vc_row][vc_row][vc_column][ultimate_spacer height=&#8220;50&#8243;][vc_column_text]<\/p>\n<h2>Was ist ein Cookie?<\/h2>\n<p>[\/vc_column_text][\/vc_column][\/vc_row][vc_row][vc_column][ultimate_spacer height=&#8220;20&#8243;][vc_column_text]Ein Cookie ist eine kleine Textdatei, die auf Ihrem Computer gespeichert wird, wenn Sie eine Webseite besuchen. Diese Textdatei speichert Informationen. Wenn Sie die Webseite zu einem sp\u00e4teren Zeitpunkt besuchen, kann diese die Informationen erneut lesen. Cookies dienen auch zur Optimierung der Performance einer Webseite. Einige Cookies sind deshalb notwendig, damit die Seite reibungslos funktionieren kann. Andere Cookies sind vorteilhaft f\u00fcr Sie als Besucher: Sie speichern z.B. den Usernamen oder die Spracheinstellungen. Diese Cookies dienen dazu, dass Sie dieselben Informationen nicht jedes Mal erneut eingeben m\u00fcssen, wenn Sie eine Webseite besuchen.[\/vc_column_text][\/vc_column][\/vc_row][vc_row][vc_column][ultimate_spacer height=&#8220;50&#8243;][vc_column_text]<\/p>\n<h2>Warum nutzen wir Cookies?<\/h2>\n<p>[\/vc_column_text][\/vc_column][\/vc_row][vc_row][vc_column][ultimate_spacer height=&#8220;20&#8243;][vc_column_text]Wir verwenden\u00a0Cookies, um auf Ihre Kundenbed\u00fcrfnisse optimal eingehen zu k\u00f6nnen.\u00a0<span class=\"s1\">Cookies sind die Voraussetzung f\u00fcr die Benutzung unseres Warenkorb-Systems. Unsere Cookies enthalten keine personenspezifischen Informationen, so dass Ihre Privatsph\u00e4re gesch\u00fctzt ist. Unsere Cookies bleiben auf Ihrem Computer auch nur solange existent, bis Sie ihren Web-Browser wieder schlie\u00dfen. Die meisten Web-Browser akzeptieren Cookies automatisch. Sie k\u00f6nnen die Einstellungen Ihres Browsers jedoch individuell \u00e4ndern, um dies zu vermeiden<\/span>.<\/p>\n<p>F\u00fcr weitere Informationen lesen Sie unsere <a href=\"https:\/\/www.druckundwerbung.at\/wordpress\/?page_id=113\" target=\"_blank\">Datenschutzerkl\u00e4rung<\/a>.[\/vc_column_text][\/vc_column][\/vc_row][vc_row][vc_column][ultimate_spacer height=&#8220;50&#8243;][vc_column_text]<\/p>\n<h2>Wie k\u00f6nnen Sie Cookies deaktivieren?<\/h2>\n<p>[\/vc_column_text][\/vc_column][\/vc_row][vc_row][vc_column][ultimate_spacer height=&#8220;20&#8243;][vc_column_text]Sie k\u00f6nnen ganz einfach Ihre Browser-Einstellungen anpassen, um alle Cookies abzuschalten.<\/p>\n<p>&nbsp;<\/p>\n<h3>Firefox:<\/h3>\n<ol>\n<li>\u00d6ffnen Sie Firefox<\/li>\n<li>Dr\u00fccken Sie die &#8222;Alt&#8220;-Taste auf Ihrer Tastatur<\/li>\n<li>W\u00e4hlen Sie &#8222;Men\u00fc&#8220; und dann &#8222;Optionen&#8220; in Ihrer Funktionsleiste<\/li>\n<li>W\u00e4hlen Sie den Reiter &#8222;Privatsph\u00e4re&#8220; aus<\/li>\n<li>W\u00e4hlen Sie &#8222;F\u00fcr Firefox wird eine Chronik:&#8220; &#8222;nach benutzerdefinierten Einstellungen anlegen&#8220; aus<\/li>\n<li>Entfernen Sie die Markierung &#8222;Cookies akzeptieren&#8220; und speichern Sie Ihre Einstellungen<\/li>\n<\/ol>\n<p>&nbsp;<\/p>\n<h3>Internet Explorer:<\/h3>\n<ol>\n<li>\u00d6ffnen Sie den Internet Explorer<\/li>\n<li>Klicken Sie auf die Schaltfl\u00e4che &#8222;Extras&#8220; und dann auf &#8222;Internetoptionen&#8220;<\/li>\n<li>W\u00e4hlen Sie die Registerkarte &#8222;Datenschutz&#8220;<\/li>\n<li>W\u00e4hlen Sie den Reiter &#8222;Cookies&#8220;<\/li>\n<li>Entfernen Sie die Markierung und speichern Sie Ihre Einstellungen<\/li>\n<\/ol>\n<p>&nbsp;<\/p>\n<h3>Google Chrome:<\/h3>\n<ol>\n<li>\u00d6ffnen Sie Google Chrome<\/li>\n<li>W\u00e4hlen Sie &#8222;Einstellungen&#8220;<\/li>\n<li>Klicken Sie auf die Schaltfl\u00e4che &#8222;Extras&#8220; und dann auf &#8222;Internetoptionen&#8220;<\/li>\n<li>W\u00e4hlen Sie die Registerkarte &#8222;Datenschutz&#8220;<\/li>\n<li>W\u00e4hlen Sie den Reiter &#8222;Cookies&#8220;<\/li>\n<li>Entfernen Sie die Markierung &#8222;Cookies akzeptieren&#8220; und speichern Sie Ihre Einstellungen<\/li>\n<\/ol>\n<p>&nbsp;<\/p>\n<h3>Safari:<\/h3>\n<ol>\n<li>\u00d6ffnen Sie Safai<\/li>\n<li>W\u00e4hlen Sie &#8222;Einstellungen&#8220; in der Funktionsliste (graues Zahnrad)<\/li>\n<li>Klicken Sie auf &#8222;Privatsph\u00e4re&#8220;<\/li>\n<li>Unter &#8222;Cookies akzeptieren&#8220; k\u00f6nnen Sie spezifizieren, ob und wann Safari Cookies von Webseiten akzeptieren soll. F\u00fcr mehr Informationen klicken Sie auf &#8222;Hilfe (?)&#8220;<\/li>\n<li>Wenn Sie mehr \u00fcber die Cookies erfahren wollen, die auf Ihrem Computer gespeichert sind, klicken Sie auf &#8222;Cookies anzeigen&#8220;<\/li>\n<\/ol>\n<p>[\/vc_column_text][\/vc_column][\/vc_row][vc_row][vc_column][\/vc_column][\/vc_row]<\/p>\n<\/div>","protected":false},"excerpt":{"rendered":"<p>[vc_row margin_top=&#8220;-50px&#8220;][vc_column][vc_column_text] Informationen \u00fcber Cookies [\/vc_column_text][\/vc_column][\/vc_row][vc_row][vc_column][ultimate_spacer height=&#8220;35&#8243;][vc_column_text] Was ist ein Cookie? Warum nutzen wir Cookies? Wie k\u00f6nnen Sie\u00a0Cookies deaktivieren? [\/vc_column_text][\/vc_column][\/vc_row][vc_row][vc_column][ultimate_spacer height=&#8220;50&#8243;][vc_column_text] Was ist ein Cookie? [\/vc_column_text][\/vc_column][\/vc_row][vc_row][vc_column][ultimate_spacer height=&#8220;20&#8243;][vc_column_text]Ein Cookie ist eine kleine Textdatei, die auf Ihrem Computer gespeichert wird, wenn Sie eine Webseite besuchen. Diese Textdatei speichert Informationen. Wenn Sie die Webseite zu einem sp\u00e4teren Zeitpunkt&hellip;<\/p>\n","protected":false},"author":1,"featured_media":0,"parent":0,"menu_order":0,"comment_status":"closed","ping_status":"closed","template":"","meta":{"footnotes":""},"class_list":["post-298","page","type-page","status-publish","hentry","description-off"],"_links":{"self":[{"href":"https:\/\/www.druckundwerbung.at\/wordpress\/wp-json\/wp\/v2\/pages\/298","targetHints":{"allow":["GET"]}}],"collection":[{"href":"https:\/\/www.druckundwerbung.at\/wordpress\/wp-json\/wp\/v2\/pages"}],"about":[{"href":"https:\/\/www.druckundwerbung.at\/wordpress\/wp-json\/wp\/v2\/types\/page"}],"author":[{"embeddable":true,"href":"https:\/\/www.druckundwerbung.at\/wordpress\/wp-json\/wp\/v2\/users\/1"}],"replies":[{"embeddable":true,"href":"https:\/\/www.druckundwerbung.at\/wordpress\/wp-json\/wp\/v2\/comments?post=298"}],"version-history":[{"count":1,"href":"https:\/\/www.druckundwerbung.at\/wordpress\/wp-json\/wp\/v2\/pages\/298\/revisions"}],"predecessor-version":[{"id":1225,"href":"https:\/\/www.druckundwerbung.at\/wordpress\/wp-json\/wp\/v2\/pages\/298\/revisions\/1225"}],"wp:attachment":[{"href":"https:\/\/www.druckundwerbung.at\/wordpress\/wp-json\/wp\/v2\/media?parent=298"}],"curies":[{"name":"wp","href":"https:\/\/api.w.org\/{rel}","templated":true}]}}