{"id":573,"date":"2016-03-26T10:33:15","date_gmt":"2016-03-26T09:33:15","guid":{"rendered":"http:\/\/www.druckundwerbung.at\/wordpress\/?page_id=573"},"modified":"2020-05-31T17:58:18","modified_gmt":"2020-05-31T15:58:18","slug":"kopieren","status":"publish","type":"page","link":"https:\/\/www.druckundwerbung.at\/wordpress\/kopieren\/","title":{"rendered":"Kopieren"},"content":{"rendered":"<div class=\"wpb-content-wrapper\"><p>[vc_row][vc_column][vc_column_text]<\/p>\n<h1>Kopieren, Scannen &amp; Drucken<\/h1>\n<p>[\/vc_column_text][ultimate_spacer height=&#8220;35&#8243;][vc_column_text]Sie ben\u00f6tigen <strong>Kopien, Scans oder Ausdrucke?<\/strong> Wir vervielf\u00e4ltigen Ihre Vorlagen in Schwarz\/Wei\u00df oder Vollfarbe!<\/p>\n<p>Bei uns vor Ort finden Sie Sitz- und Arbeitsm\u00f6glichkeiten in angenehmer Atmosph\u00e4re mit Kaffeeautomat.<\/p>\n<p>Mit mehr als <strong>20 Gratis-Parkpl\u00e4tzen<\/strong> direkt vor dem Shop an der Hauptstra\u00dfe, sind wir auch von den Autobahnzubringern leicht erreichbar.\u00a0Wir freuen uns auf Ihren Besuch![\/vc_column_text][ultimate_spacer height=&#8220;50&#8243;][\/vc_column][\/vc_row][vc_row][vc_column width=&#8220;2\/3&#8243;][vc_column_text]<\/p>\n<h2>Copy Shop<\/h2>\n<p>[\/vc_column_text][ultimate_spacer height=&#8220;25&#8243;][vc_column_text]Wir kopieren Ihre Dateien in A4 und A3 auf unterschiedlichsten Papieren und Kartonagen.<\/p>\n<p>Nat\u00fcrlich steht Ihnen auch unser kosteng\u00fcnstiger\u00a0<strong>Selbstbedienungsb<\/strong><strong>ereich<\/strong>\u00a0mit\u00a0<strong>3 Vollfarb-\/SW-Kopierer<\/strong><strong>n<\/strong><strong>\u00a0und<\/strong><strong>\u00a0Drucker<\/strong><strong>n<\/strong><strong>\u00a0<\/strong>mit gro\u00dfen Ablagefl\u00e4chen f\u00fcr Ihre Kopien zur Verf\u00fcgung.<\/p>\n<p>N\u00fctzen Sie auch die M\u00f6glichkeit und drucken Sie Ihre Dokumente selbst mit unserem\u00a0<strong>Gast-P<\/strong><strong>C\u00a0<\/strong>bis A3-Gr\u00f6\u00dfe.<\/p>\n<p>F\u00fcr &#8222;Vielkopierer&#8220; gibt es die vorteilhafte\u00a0<strong>Copycard<\/strong>\u00a0und f\u00fcr Sch\u00fcler- und Studenten nat\u00fcrlich auch Erm\u00e4\u00dfigungen mit unserem Sch\u00fcler- und Studenten-Tarif.[\/vc_column_text][ultimate_spacer height=&#8220;50&#8243;][\/vc_column][vc_column width=&#8220;1\/3&#8243;][vc_gmaps link=&#8220;#E-8_JTNDaWZyYW1lJTIwc3JjJTNEJTIyaHR0cHMlM0ElMkYlMkZ3d3cuZ29vZ2xlLmNvbSUyRm1hcHMlMkZlbWJlZCUzRnBiJTNEJTIxMW0xOCUyMTFtMTIlMjExbTMlMjExZDI2ODAuMzYwMDQ1MTYwMzA5JTIxMmQxNi4yMTk4NTk4MTU2MzcwODMlMjEzZDQ3Ljc5Mzg1NTk3OTE5NzQ5NSUyMTJtMyUyMTFmMCUyMTJmMCUyMTNmMCUyMTNtMiUyMTFpMTAyNCUyMTJpNzY4JTIxNGYxMy4xJTIxM20zJTIxMW0yJTIxMXMweDQ3NmRjYzZkNDNmMTg5YzMlMjUzQTB4N2Y3MTdlMTM5ZjhlODA5NyUyMTJzTWVpbkRydWNrZXIubmV0JTIxNWUwJTIxM20yJTIxMXNkZSUyMTJzYXQlMjE0djE1OTA5NDA0NjA1NTElMjE1bTIlMjExc2RlJTIxMnNhdCUyMiUyMHdpZHRoJTNEJTIyNjAwJTIyJTIwaGVpZ2h0JTNEJTIyNDUwJTIyJTIwZnJhbWVib3JkZXIlM0QlMjIwJTIyJTIwc3R5bGUlM0QlMjJib3JkZXIlM0EwJTNCJTIyJTIwYWxsb3dmdWxsc2NyZWVuJTNEJTIyJTIyJTIwYXJpYS1oaWRkZW4lM0QlMjJmYWxzZSUyMiUyMHRhYmluZGV4JTNEJTIyMCUyMiUzRSUzQyUyRmlmcmFtZSUzRQ==&#8220; size=&#8220;350&#8243; css_animation=&#8220;bounceIn&#8220;][ultimate_spacer height=&#8220;&#8220; height_on_tabs=&#8220;50&#8243; height_on_tabs_portrait=&#8220;50&#8243; height_on_mob_landscape=&#8220;50&#8243; height_on_mob=&#8220;50&#8243;][\/vc_column][\/vc_row][vc_row][vc_column][vc_column_text]<\/p>\n<h2>COPYCARD<\/h2>\n<p>[\/vc_column_text][ultimate_spacer height=&#8220;25&#8243;][vc_column_text]<\/p>\n<div class=\"categories_name\">\n<p><strong>Mit unserer Selbstbedienungs-COPYCARD sparen Sie bis zu -45 %!<\/strong><\/p>\n<p>Das absolute MUSS f\u00fcr jeden, der<\/p><\/div>\n<div class=\"categories_description\">\n<ul>\n<li>regelm\u00e4\u00dfig selbst kopiert<\/li>\n<li>unterschiedliche Mengen hat<\/li>\n<li>und vielleicht auch noch zwischen SW und Farbe variiert.<\/li>\n<\/ul>\n<p>Unsere Selbstbedienungs-COPYCARD ist leicht \u00fcberschaubar und in folgenden Staffelungen erh\u00e4ltlich (Berechnungsbasis: A4\/SW\/80g-wei\u00df):<\/p><\/div>\n<p>[\/vc_column_text][\/vc_column][\/vc_row][vc_row][vc_column width=&#8220;1\/2&#8243;]<div class=\"standard-arrow list-divider bullet-top\"><ul>\n<li>100<\/li>\n<li>250<\/li>\n<li>500<\/li>\n<\/ul>\n<\/div>[\/vc_column][vc_column width=&#8220;1\/2&#8243;]<div class=\"standard-arrow list-divider bullet-top\"><ul>\n<li>1.000<\/li>\n<li>2.500<\/li>\n<li>5.000<\/li>\n<\/ul>\n<\/div>[\/vc_column][\/vc_row][vc_row][vc_column][vc_column_text]<a href=\"shop.druckundwerbung.at\/product_info.php?info=p1084_copycard.html\" class=\"btn-shortcode dt-btn-m btn-link title-btn-color accent-btn-hover-color default-btn-bg-color default-btn-bg-hover-color fadeIn animate-element animation-builder\" target=\"_blank\" id=\"dt-btn-1\" rel=\"noopener\"><i class=\"fa fa-chevron-circle-right\"><\/i><span>Hier geht&#8217;s zum Online Shop<\/span><\/a>[\/vc_column_text][ultimate_spacer height=&#8220;50&#8243;][vc_column_text]<\/p>\n<h2>Gast-PC<\/h2>\n<p>[\/vc_column_text][ultimate_spacer height=&#8220;25&#8243;][vc_column_text]<\/p>\n<div class=\"categories_name\">\n<p>Drucken wie Zuhause mit unserem GAST-PC!<\/p>\n<p>N\u00fctzen Sie die M\u00f6glichkeit und drucken Sie Ihre Dokumente <strong>selbst<\/strong> in SW oder Vollfarbe bis A3.<\/p>\n<p>Speichern Sie Ihre Daten auf:<\/p>\n<ul>\n<li>USB-Stick<\/li>\n<li>CD\/DVD<\/li>\n<li>Externe Festplatte<\/li>\n<li>Speicherkarten (SMC\/XD, CF\/MD, SD\/MMC, MS)<\/li>\n<\/ul>\n<p>Es stehen Ihnen folgende Programme zur Verf\u00fcgung:<\/p>\n<ul>\n<li>Microsoft Word 2010<\/li>\n<li>Microsoft Excel 2010<\/li>\n<li>Microsoft Powerpoint 2010<\/li>\n<li>Acrobat Reader X<\/li>\n<li>Internet Explorer<\/li>\n<li>Windows 7 &#8211; Fotoanzeige<\/li>\n<li>Windows 7 &#8211; Standardschriften<\/li>\n<\/ul>\n<p>Um Schriftproblemen und Textverschiebungen vorzubeugen, empfehlen wir Ihnen, Ihre Daten bereits zu Hause als PDF abzuspeichern. Wie das geht, erfahren Sie <a href=\"https:\/\/www.druckundwerbung.at\/wordpress\/vorlagen-und-anleitungen\/#pdf\" target=\"_blank\" rel=\"noopener noreferrer\">hier<\/a>.<\/div>\n<p>[\/vc_column_text][ultimate_spacer height=&#8220;50&#8243;][vc_column_text]<\/p>\n<h2>Plankopien<\/h2>\n<p>[\/vc_column_text][ultimate_spacer height=&#8220;25&#8243;][vc_column_text]\u00dcberall wo es gr\u00f6\u00dfer wird als A3, kommen <strong>Plankopien oder Plakatdrucke<\/strong> ins Spiel.<\/p>\n<p>Ganz nach Ihren Vorstellungen kopieren wir Pl\u00e4ne und Plakate ab Vorlage in SW <strong>bis 90 cm Breite.<\/strong><\/p>\n<p>Planplots sind in SW und Farbe ab PDF, JPG oder TIFF auch in Sonderformaten m\u00f6glich.<\/p>\n<p>Auch Gro\u00dfformat-Scans sind in SW und Vollfarbe m\u00f6glich.[\/vc_column_text][ultimate_spacer height=&#8220;50&#8243;][vc_column_text]<\/p>\n<h2>Kontakt &amp; Anfrage<\/h2>\n<p>[\/vc_column_text][ultimate_spacer height=&#8220;25&#8243;][vc_column_text]<\/p>\n<div class=\"wpb_text_column wpb_content_element \">\n<div class=\"wpb_wrapper\">\n<p>Mehr erfahren oder bestellen? Senden Sie uns Ihre Anfrage einfach \u00fcber das <strong>untenstehende Formular<\/strong> oder auf\u00a0<a href=\"mailto:auftrag@druckundwerbung.at\">anfrage@druckundwerbung.at<\/a>. Sie erhalten prompt Ihr pers\u00f6nliches und unverbindliches Angebot.<\/p>\n<p><strong>Telefonisch<\/strong> sind wir unter <a href=\"tel:+432622 69467\">+43 2622 69467<\/a> erreichbar \u2013 oder besuchen Sie uns <strong>vor Ort<\/strong> in der <a href=\"https:\/\/www.google.at\/maps\/place\/Druck+%26+Werbung+Rauch\/@47.8221447,16.2181524,18z\/data=!4m7!1m4!3m3!1s0x476dcbe6f15ce4d3:0xf24f3ca361b5811f!2sFischauer+G.+209,+2700+Wiener+Neustadt!3b1!3m1!1s0x476dcbe6f0eb09b9:0x4e9f3f0c234d8d8a\" target=\"_blank\" rel=\"noopener noreferrer\">Molkereistra\u00dfe 6, 2700 Wiener Neustadt<\/a> (im Geb\u00e4ude von <a href=\"https:\/\/www.meindrucker.net\">MeinDrucker.net<\/a>). Wir freuen uns!<\/p>\n<p><strong>Um Ihre Anfrage rasch und ordnungsgem\u00e4\u00df bearbeiten zu k\u00f6nnen, sollte sie nachstehende Punkte beinhalten:<\/strong><\/p>\n<ul>\n<li>Bei Brosch\u00fcren udgl. bitte Seitenanzahl angeben<\/li>\n<li>Gew\u00fcnschtes offenes bzw. Endformat und Gr\u00f6\u00dfe<\/li>\n<li>Druck in Farbe oder SW<\/li>\n<li>Material und Grammatur<\/li>\n<li>Weiterverarbeitung (falzen, schneiden, binden etc.)<\/li>\n<li>Daten-Anlieferung (druckfertiges PDF, offene Daten oder Erstellung durch uns)<\/li>\n<li>St\u00fcckzahl<\/li>\n<\/ul>\n<\/div>\n<\/div>\n<p>[\/vc_column_text][ultimate_spacer height=&#8220;50&#8243;][\/vc_column][\/vc_row][vc_row][vc_column]\n<div class=\"wpcf7 no-js\" id=\"wpcf7-f580-o1\" lang=\"de-DE\" dir=\"ltr\" data-wpcf7-id=\"580\">\n<div class=\"screen-reader-response\"><p role=\"status\" aria-live=\"polite\" aria-atomic=\"true\"><\/p> <ul><\/ul><\/div>\n<form action=\"\/wordpress\/wp-json\/wp\/v2\/pages\/573#wpcf7-f580-o1\" method=\"post\" class=\"wpcf7-form init\" aria-label=\"Kontaktformular\" enctype=\"multipart\/form-data\" novalidate=\"novalidate\" data-status=\"init\">\n<fieldset class=\"hidden-fields-container\"><input type=\"hidden\" name=\"_wpcf7\" value=\"580\" \/><input type=\"hidden\" name=\"_wpcf7_version\" value=\"6.1.5\" \/><input type=\"hidden\" name=\"_wpcf7_locale\" value=\"de_DE\" \/><input type=\"hidden\" name=\"_wpcf7_unit_tag\" value=\"wpcf7-f580-o1\" \/><input type=\"hidden\" name=\"_wpcf7_container_post\" value=\"0\" \/><input type=\"hidden\" name=\"_wpcf7_posted_data_hash\" value=\"\" \/><input type=\"hidden\" name=\"_wpcf7_recaptcha_response\" value=\"\" \/>\n<\/fieldset>\n<p>Firma\n<\/p>\n<p><span class=\"wpcf7-form-control-wrap\" data-name=\"Firma\"><input size=\"40\" maxlength=\"400\" class=\"wpcf7-form-control wpcf7-text\" aria-invalid=\"false\" value=\"\" type=\"text\" name=\"Firma\" \/><\/span>\n<\/p>\n<p><span class=\"wpcf7-form-control-wrap\" data-name=\"Anrede\"><span class=\"wpcf7-form-control wpcf7-checkbox wpcf7-validates-as-required wpcf7-exclusive-checkbox\"><span class=\"wpcf7-list-item first\"><input type=\"checkbox\" name=\"Anrede\" value=\"Herr\" \/><span class=\"wpcf7-list-item-label\">Herr<\/span><\/span><span class=\"wpcf7-list-item last\"><input type=\"checkbox\" name=\"Anrede\" value=\"Frau*\" \/><span class=\"wpcf7-list-item-label\">Frau*<\/span><\/span><\/span><\/span>\n<\/p>\n<p>Titel\n<\/p>\n<p><span class=\"wpcf7-form-control-wrap\" data-name=\"Titel\"><input size=\"40\" maxlength=\"400\" class=\"wpcf7-form-control wpcf7-text\" aria-invalid=\"false\" value=\"\" type=\"text\" name=\"Titel\" \/><\/span>\n<\/p>\n<p>Vorname*\n<\/p>\n<p><span class=\"wpcf7-form-control-wrap\" data-name=\"Vorname\"><input size=\"40\" maxlength=\"400\" class=\"wpcf7-form-control wpcf7-text wpcf7-validates-as-required\" aria-required=\"true\" aria-invalid=\"false\" value=\"\" type=\"text\" name=\"Vorname\" \/><\/span>\n<\/p>\n<p>Nachname*\n<\/p>\n<p><span class=\"wpcf7-form-control-wrap\" data-name=\"Nachname\"><input size=\"40\" maxlength=\"400\" class=\"wpcf7-form-control wpcf7-text wpcf7-validates-as-required\" aria-required=\"true\" aria-invalid=\"false\" value=\"\" type=\"text\" name=\"Nachname\" \/><\/span>\n<\/p>\n<p>Stra\u00dfe\n<\/p>\n<p><span class=\"wpcf7-form-control-wrap\" data-name=\"Strasse\"><input size=\"40\" maxlength=\"400\" class=\"wpcf7-form-control wpcf7-text\" aria-invalid=\"false\" value=\"\" type=\"text\" name=\"Strasse\" \/><\/span>\n<\/p>\n<p>PLZ\n<\/p>\n<p><span class=\"wpcf7-form-control-wrap\" data-name=\"PLZ\"><input size=\"40\" maxlength=\"400\" class=\"wpcf7-form-control wpcf7-text\" aria-invalid=\"false\" value=\"\" type=\"text\" name=\"PLZ\" \/><\/span>\n<\/p>\n<p>Ort\n<\/p>\n<p><span class=\"wpcf7-form-control-wrap\" data-name=\"Ort\"><input size=\"40\" maxlength=\"400\" class=\"wpcf7-form-control wpcf7-text\" aria-invalid=\"false\" value=\"\" type=\"text\" name=\"Ort\" \/><\/span>\n<\/p>\n<p>Telefon\n<\/p>\n<p><span class=\"wpcf7-form-control-wrap\" data-name=\"Telefon\"><input size=\"40\" maxlength=\"400\" class=\"wpcf7-form-control wpcf7-text\" aria-invalid=\"false\" value=\"\" type=\"text\" name=\"Telefon\" \/><\/span>\n<\/p>\n<p>E-Mail*\n<\/p>\n<p><span class=\"wpcf7-form-control-wrap\" data-name=\"Email\"><input size=\"40\" maxlength=\"400\" class=\"wpcf7-form-control wpcf7-email wpcf7-validates-as-required wpcf7-text wpcf7-validates-as-email\" aria-required=\"true\" aria-invalid=\"false\" value=\"\" type=\"email\" name=\"Email\" \/><\/span>\n<\/p>\n<p>Produkt*\n<\/p>\n<p><span class=\"wpcf7-form-control-wrap\" data-name=\"Produkt\"><input size=\"40\" maxlength=\"400\" class=\"wpcf7-form-control wpcf7-text wpcf7-validates-as-required\" aria-required=\"true\" aria-invalid=\"false\" value=\"\" type=\"text\" name=\"Produkt\" \/><\/span>\n<\/p>\n<p>Ihre Anfrage*\n<\/p>\n<p><span class=\"wpcf7-form-control-wrap\" data-name=\"Anfrage\"><textarea cols=\"40\" rows=\"10\" maxlength=\"2000\" class=\"wpcf7-form-control wpcf7-textarea wpcf7-validates-as-required\" aria-required=\"true\" aria-invalid=\"false\" name=\"Anfrage\"><\/textarea><\/span>\n<\/p>\n<p>Menge*\n<\/p>\n<p><span class=\"wpcf7-form-control-wrap\" data-name=\"Menge\"><input size=\"40\" maxlength=\"400\" class=\"wpcf7-form-control wpcf7-text wpcf7-validates-as-required\" aria-required=\"true\" aria-invalid=\"false\" value=\"\" type=\"text\" name=\"Menge\" \/><\/span>\n<\/p>\n<p><span class=\"wpcf7-form-control-wrap\" data-name=\"Dateihochladen\"><input size=\"40\" class=\"wpcf7-form-control wpcf7-file\" accept=\"audio\/*,video\/*,image\/*\" aria-invalid=\"false\" type=\"file\" name=\"Dateihochladen\" \/><\/span>\n<\/p>\n<p><span class=\"wpcf7-form-control-wrap\" data-name=\"AndereMglichkeiten\"><select class=\"wpcf7-form-control wpcf7-select\" aria-invalid=\"false\" name=\"AndereMglichkeiten\"><option value=\"\">&#8211; Bitte ausw\u00e4hlen &#8211;<\/option><option value=\"per FTP (Dateiname)\">per FTP (Dateiname)<\/option><option value=\"Sonstiges\">Sonstiges<\/option><\/select><\/span>\n<\/p>\n<p><span class=\"wpcf7-form-control-wrap\" data-name=\"Dateiname\"><input size=\"40\" maxlength=\"400\" class=\"wpcf7-form-control wpcf7-text\" aria-invalid=\"false\" value=\"\" type=\"text\" name=\"Dateiname\" \/><\/span>\n<\/p>\n<p>Bitte beachten Sie, dass der Datenupload auf 1 Datei mit max. 25 MB beschr\u00e4nkt ist. Falls Sie mehrere Daten senden m\u00f6chten, erstellen Sie bitte eine .zip-Datei oder nutzen Sie unseren <a href=\"http:\/\/www.druckundwerbung.at\/wordpress\/kontakt\/\" target=\"_blank\">FTP-Zugang<\/a>.\n<\/p>\n<p><span class=\"wpcf7-form-control-wrap\" data-name=\"AGB\"><span class=\"wpcf7-form-control wpcf7-checkbox wpcf7-validates-as-required\"><span class=\"wpcf7-list-item first last\"><input type=\"checkbox\" name=\"AGB[]\" value=\"*Ich habe die AGB gelesen und akzeptiere diese.\" \/><span class=\"wpcf7-list-item-label\">*Ich habe die AGB gelesen und akzeptiere diese.<\/span><\/span><\/span><\/span>\n<\/p>\n<p>*Pflichtfelder\n<\/p>\n<div>\n<div class=\"wpcf7-turnstile cf-turnstile\" data-sitekey=\"0x4AAAAAACKJflP6DS0b8kCH\" data-response-field-name=\"_wpcf7_turnstile_response\"><\/div>\n<\/div>\n<p><input class=\"wpcf7-form-control wpcf7-submit has-spinner\" type=\"submit\" value=\"Senden\" \/>\n<\/p><div class=\"wpcf7-response-output\" aria-hidden=\"true\"><\/div>\n<\/form>\n<\/div>\n[\/vc_column][\/vc_row]<\/p>\n<\/div>","protected":false},"excerpt":{"rendered":"<p>[vc_row][vc_column][vc_column_text] Kopieren, Scannen &amp; Drucken [\/vc_column_text][ultimate_spacer height=&#8220;35&#8243;][vc_column_text]Sie ben\u00f6tigen Kopien, Scans oder Ausdrucke? Wir vervielf\u00e4ltigen Ihre Vorlagen in Schwarz\/Wei\u00df oder Vollfarbe! Bei uns vor Ort finden Sie Sitz- und Arbeitsm\u00f6glichkeiten in angenehmer Atmosph\u00e4re mit Kaffeeautomat. Mit mehr als 20 Gratis-Parkpl\u00e4tzen direkt vor dem Shop an der Hauptstra\u00dfe, sind wir auch von den Autobahnzubringern leicht erreichbar.\u00a0Wir freuen&hellip;<\/p>\n","protected":false},"author":1,"featured_media":0,"parent":0,"menu_order":0,"comment_status":"closed","ping_status":"closed","template":"","meta":{"footnotes":""},"class_list":["post-573","page","type-page","status-publish","hentry","description-off"],"_links":{"self":[{"href":"https:\/\/www.druckundwerbung.at\/wordpress\/wp-json\/wp\/v2\/pages\/573","targetHints":{"allow":["GET"]}}],"collection":[{"href":"https:\/\/www.druckundwerbung.at\/wordpress\/wp-json\/wp\/v2\/pages"}],"about":[{"href":"https:\/\/www.druckundwerbung.at\/wordpress\/wp-json\/wp\/v2\/types\/page"}],"author":[{"embeddable":true,"href":"https:\/\/www.druckundwerbung.at\/wordpress\/wp-json\/wp\/v2\/users\/1"}],"replies":[{"embeddable":true,"href":"https:\/\/www.druckundwerbung.at\/wordpress\/wp-json\/wp\/v2\/comments?post=573"}],"version-history":[{"count":3,"href":"https:\/\/www.druckundwerbung.at\/wordpress\/wp-json\/wp\/v2\/pages\/573\/revisions"}],"predecessor-version":[{"id":1296,"href":"https:\/\/www.druckundwerbung.at\/wordpress\/wp-json\/wp\/v2\/pages\/573\/revisions\/1296"}],"wp:attachment":[{"href":"https:\/\/www.druckundwerbung.at\/wordpress\/wp-json\/wp\/v2\/media?parent=573"}],"curies":[{"name":"wp","href":"https:\/\/api.w.org\/{rel}","templated":true}]}}