{"id":583,"date":"2016-03-26T13:09:20","date_gmt":"2016-03-26T12:09:20","guid":{"rendered":"http:\/\/www.druckundwerbung.at\/wordpress\/?page_id=583"},"modified":"2020-05-31T17:39:12","modified_gmt":"2020-05-31T15:39:12","slug":"druck-buero","status":"publish","type":"page","link":"https:\/\/www.druckundwerbung.at\/wordpress\/druck-buero\/","title":{"rendered":"Druck &#038; B\u00fcro"},"content":{"rendered":"<div class=\"wpb-content-wrapper\"><p>[vc_row][vc_column][vc_column_text]<\/p>\n<h1>Druck &amp; B\u00fcro<\/h1>\n<p>[\/vc_column_text][ultimate_spacer height=&#8220;35&#8243;][vc_column_text]Sie ben\u00f6tigen <strong>Werbematerialien<\/strong> und <strong>individuelles B\u00fcromaterial<\/strong>? Wir stellen Ihre\u00a0Bl\u00f6cke, Briefpapiere, Brosch\u00fcren, Mappen, Flugbl\u00e4tter, Flyer, Folder, Kalender, Kataloge, Kuverts, Mailings, Preislisten, Stempel, Visiten- und Weihnachtskarten sowie Zeitungen her!<\/p>\n<p>Bei der Produktion unterscheiden wir zwischen <strong>Offset<\/strong> und <strong>Digitaldruck.<\/strong> Die Produkte aus beiden Kategorien finden Sie unter Druck &amp; B\u00fcro in unserem <a href=\"https:\/\/shop.druckundwerbung.at\/index.php?cat=c380_DRUCK---BUeRO-DRUCK.html\" target=\"_blank\" rel=\"noopener noreferrer\">Online Shop<\/a>.[\/vc_column_text][ultimate_spacer height=&#8220;50&#8243;][vc_column_text]<\/p>\n<h2>Digitaldruck<\/h2>\n<p>[\/vc_column_text][ultimate_spacer height=&#8220;25&#8243;][vc_column_text]Unter der\u00a0Sektion <a href=\"https:\/\/shop.druckundwerbung.at\/index.php?cat=c186_DIGITALDRUCK-DIGITALDRUCK.html\" target=\"_blank\" rel=\"noopener noreferrer\">Digitaldruck<\/a>\u00a0finden Sie folgende Produkte:[\/vc_column_text][ultimate_spacer height=&#8220;35&#8243;][\/vc_column][\/vc_row][vc_row][vc_column width=&#8220;1\/2&#8243;]<div class=\"standard-arrow list-divider bullet-top\"><ul>\n<li><a style=\"text-decoration: none; color: #676b6d;\" href=\"https:\/\/www.druckundwerbung.at\/druck-buero\/bindungen\/\">Bindungen<\/a><\/li>\n<li><a style=\"text-decoration: none; color: #676b6d;\" href=\"https:\/\/www.druckundwerbung.at\/druck-buero\/bloecke\/\">Bl\u00f6cke<\/a><\/li>\n<li><a style=\"text-decoration: none; color: #676b6d;\" href=\"https:\/\/www.druckundwerbung.at\/druck-buero\/book-print-on-demand\/\">Book &amp; Print on Demand<\/a><\/li>\n<li><a style=\"text-decoration: none; color: #676b6d;\" href=\"https:\/\/www.druckundwerbung.at\/druck-buero\/broschueren-kataloge-preislisten\/\">Brosch\u00fcren<\/a><\/li>\n<li><a style=\"text-decoration: none; color: #676b6d;\" href=\"https:\/\/www.druckundwerbung.at\/druck-buero\/dokumentenmappen\/\">Dokumentenmappen<\/a><\/li>\n<li><a style=\"text-decoration: none; color: #676b6d;\" href=\"https:\/\/www.druckundwerbung.at\/druck-buero\/flyer\/\">Flyer<\/a><\/li>\n<li><a style=\"text-decoration: none; color: #676b6d;\" href=\"https:\/\/www.druckundwerbung.at\/druck-buero\/folder\/\">Folder<\/a><\/li>\n<\/ul>\n<\/div>[\/vc_column][vc_column width=&#8220;1\/2&#8243;]<div class=\"standard-arrow list-divider bullet-top\"><ul>\n<li><a style=\"text-decoration: none; color: #676b6d;\" href=\"https:\/\/www.druckundwerbung.at\/druck-buero\/kalender\/\">Kalender<\/a><\/li>\n<li><a style=\"text-decoration: none; color: #676b6d;\" href=\"https:\/\/www.druckundwerbung.at\/druck-buero\/broschueren-kataloge-preislisten\/\">Kataloge<\/a><\/li>\n<li><a style=\"text-decoration: none; color: #676b6d;\" href=\"https:\/\/www.druckundwerbung.at\/druck-buero\/mailings\/\">Mailings<\/a><\/li>\n<li><a style=\"text-decoration: none; color: #676b6d;\" href=\"https:\/\/www.druckundwerbung.at\/druck-buero\/broschueren-kataloge-preislisten\/\">Preislisten<\/a><\/li>\n<li><a style=\"text-decoration: none; color: #676b6d;\" href=\"https:\/\/www.druckundwerbung.at\/druck-buero\/visitenkarten\/\">Visitenkarten<\/a><\/li>\n<li><a style=\"text-decoration: none; color: #676b6d;\" href=\"https:\/\/www.druckundwerbung.at\/weiterverarbeitung\/\">Weiterverarbeitung<\/a><\/li>\n<li><a style=\"text-decoration: none; color: #676b6d;\" href=\"https:\/\/www.druckundwerbung.at\/druck-buero\/zeitungen\/\">Zeitungen<\/a><\/li>\n<\/ul>\n<\/div>[\/vc_column][\/vc_row][vc_row][vc_column][ultimate_spacer height=&#8220;50&#8243;][vc_column_text]<\/p>\n<h2>Offset<\/h2>\n<p>[\/vc_column_text][ultimate_spacer height=&#8220;25&#8243;][vc_column_text]Unsere Produkt- und Serviceleistung beinhaltet nat\u00fcrlich auch den klassischen <a href=\"https:\/\/shop.druckundwerbung.at\/index.php?cat=c217_OFFSET-OFFSET.html\" target=\"_blank\" rel=\"noopener noreferrer\">Offsetdruck<\/a>. So k\u00f6nnen wir f\u00fcr Ihre Drucksorten, abh\u00e4ngig von Auflage, Anwendung und Zeit, die optimale Druckvariante w\u00e4hlen. Unser Service-Team ber\u00e4t Sie gerne.<\/p>\n<p>Egal ob Briefpapier, Katalog, Prospekt oder \u00e4hnliches &#8211; einer Produktion von <strong>1 bis 1.000.000 St\u00fcck<\/strong> steht so nichts im Weg. Selbstverst\u00e4ndlich k\u00f6nnen Digital- und Offsetdruck kombiniert werden.[\/vc_column_text][ultimate_spacer height=&#8220;35&#8243;][\/vc_column][\/vc_row][vc_row][vc_column width=&#8220;1\/2&#8243;]<div class=\"standard-arrow list-divider bullet-top\"><ul>\n<li><a style=\"text-decoration: none; color: #676b6d;\" href=\"https:\/\/www.druckundwerbung.at\/wordpress\/druck-buero\/briefpapier\/\">Briefpapier<\/a><\/li>\n<li><a style=\"text-decoration: none; color: #676b6d;\" href=\"https:\/\/www.druckundwerbung.at\/wordpress\/druck-buero\/broschueren-kataloge-preislisten\/\">Brosch\u00fcren<\/a><\/li>\n<li><a style=\"text-decoration: none; color: #676b6d;\" href=\"https:\/\/www.druckundwerbung.at\/wordpress\/druck-buero\/flugblaetter\/\">Flugbl\u00e4tter<\/a><\/li>\n<\/ul>\n<\/div>[\/vc_column][vc_column width=&#8220;1\/2&#8243;]<div class=\"standard-arrow list-divider bullet-top\"><ul>\n<li><a style=\"text-decoration: none; color: #676b6d;\" href=\"https:\/\/www.druckundwerbung.at\/wordpress\/druck-buero\/broschueren-kataloge-preislisten\/\">Kataloge<\/a><\/li>\n<li><a style=\"text-decoration: none; color: #676b6d;\" href=\"https:\/\/www.druckundwerbung.at\/wordpress\/druck-buero\/kuverts\/\">Kuverts<\/a><\/li>\n<li><a style=\"text-decoration: none; color: #676b6d;\" href=\"https:\/\/www.druckundwerbung.at\/wordpress\/druck-buero\/broschueren-kataloge-preislisten\/\">Preislisten<\/a><\/li>\n<\/ul>\n<\/div>[\/vc_column][\/vc_row][vc_row][vc_column][ultimate_spacer height=&#8220;50&#8243;][vc_column_text]<\/p>\n<h2>Stempel<\/h2>\n<p>[\/vc_column_text][ultimate_spacer height=&#8220;25&#8243;][vc_column_text]Stempel sind kleine Helfer in jedem Betrieb.<\/p>\n<p>Das Stempelsortiment reicht von den rechteckigen, quadratischen, runden, ovalen Stempel \u00fcber Datumsstempel bis zu Kissen und Platten.<\/p>\n<p>Einen Auszug aus unserem Sortiment haben wir f\u00fcr Sie in unserem <a href=\"https:\/\/shop.druckundwerbung.at\/index.php?cat=c222_STEMPEL-STEMPEL-222.html\" target=\"_blank\" rel=\"noopener noreferrer\">Online-Shop<\/a> zusammengefasst.\u00a0Bestellen Sie Ihren Stempel direkt dort\u00a0oder senden Sie uns Ihre Anfrage auf <a href=\"&quot;mailto:anfrage@druckundwerbung.at\">anfrage@druckundwerbung.at<\/a> oder \u00fcber das Formular unten!<\/p>\n<p><a href=\"shop.druckundwerbung.at\/index.php?cat=c222_STEMPEL-STEMPEL-222.html\" class=\"btn-shortcode dt-btn-m btn-link title-btn-color accent-btn-hover-color default-btn-bg-color default-btn-bg-hover-color fadeIn animate-element animation-builder\" target=\"_blank\" id=\"dt-btn-1\" rel=\"noopener\"><i class=\"fa fa-chevron-circle-right\"><\/i><span>Hier geht&#8217;s zum Online Shop<\/span><\/a>[\/vc_column_text][\/vc_column][\/vc_row][vc_row][vc_column][ultimate_spacer height=&#8220;55&#8243;][vc_column_text]<\/p>\n<h2>Kontakt &amp; Anfrage<\/h2>\n<p>[\/vc_column_text][ultimate_spacer height=&#8220;35&#8243;][vc_column_text]<\/p>\n<div class=\"wpb_text_column wpb_content_element \">\n<div class=\"wpb_wrapper\">\n<p>Mehr erfahren oder bestellen? Senden Sie uns Ihre Anfrage einfach \u00fcber das <strong>untenstehende Formular<\/strong> oder auf\u00a0<a href=\"mailto:auftrag@druckundwerbug.at\">anfrage@druckundwerbung.at<\/a> oder <a href=\"mailto:hallo@meindrucker.net\">hallo@meindrucker.net<\/a>. Sie erhalten prompt Ihr pers\u00f6nliches und unverbindliches Angebot.<\/p>\n<p><strong>Telefonisch<\/strong> sind wir unter <a href=\"tel:+432622 69467\">+43 2622 69467<\/a> erreichbar \u2013 oder besuchen Sie uns <strong>vor Ort<\/strong> in der <a href=\"https:\/\/www.google.at\/maps\/place\/Druck+%26+Werbung+Rauch\/@47.8221447,16.2181524,18z\/data=!4m7!1m4!3m3!1s0x476dcbe6f15ce4d3:0xf24f3ca361b5811f!2sFischauer+G.+209,+2700+Wiener+Neustadt!3b1!3m1!1s0x476dcbe6f0eb09b9:0x4e9f3f0c234d8d8a\" target=\"_blank\" rel=\"noopener noreferrer\">Molkereistra\u00dfe 6, 2700 Wiener Neustadt<\/a> (Im selben Geb\u00e4ude wie <a href=\"https:\/\/www.meindrucker.net\">MeinDrucker.net<\/a>). Wir freuen uns!<\/p>\n<p><strong>Um Ihre Anfrage rasch und ordnungsgem\u00e4\u00df bearbeiten zu k\u00f6nnen, sollte sie nachstehende Punkte beinhalten:<\/strong><\/p>\n<ul>\n<li>Bei Brosch\u00fcren udgl. bitte Seitenanzahl angeben<\/li>\n<li>Gew\u00fcnschtes offenes bzw. Endformat und Gr\u00f6\u00dfe<\/li>\n<li>Druck in Farbe oder SW<\/li>\n<li>Material und Grammatur<\/li>\n<li>Weiterverarbeitung (falzen, schneiden, binden etc.)<\/li>\n<li>Daten-Anlieferung (druckfertiges PDF, offene Daten oder Erstellung durch uns)<\/li>\n<li>St\u00fcckzahl<\/li>\n<\/ul>\n<\/div>\n<\/div>\n<p>[\/vc_column_text][ultimate_spacer height=&#8220;55&#8243;]\n<div class=\"wpcf7 no-js\" id=\"wpcf7-f580-o1\" lang=\"de-DE\" dir=\"ltr\" data-wpcf7-id=\"580\">\n<div class=\"screen-reader-response\"><p role=\"status\" aria-live=\"polite\" aria-atomic=\"true\"><\/p> <ul><\/ul><\/div>\n<form action=\"\/wordpress\/wp-json\/wp\/v2\/pages\/583#wpcf7-f580-o1\" method=\"post\" class=\"wpcf7-form init\" aria-label=\"Kontaktformular\" enctype=\"multipart\/form-data\" novalidate=\"novalidate\" data-status=\"init\">\n<fieldset class=\"hidden-fields-container\"><input type=\"hidden\" name=\"_wpcf7\" value=\"580\" \/><input type=\"hidden\" name=\"_wpcf7_version\" value=\"6.1.5\" \/><input type=\"hidden\" name=\"_wpcf7_locale\" value=\"de_DE\" \/><input type=\"hidden\" name=\"_wpcf7_unit_tag\" value=\"wpcf7-f580-o1\" \/><input type=\"hidden\" name=\"_wpcf7_container_post\" value=\"0\" \/><input type=\"hidden\" name=\"_wpcf7_posted_data_hash\" value=\"\" \/><input type=\"hidden\" name=\"_wpcf7_recaptcha_response\" value=\"\" \/>\n<\/fieldset>\n<p>Firma\n<\/p>\n<p><span class=\"wpcf7-form-control-wrap\" data-name=\"Firma\"><input size=\"40\" maxlength=\"400\" class=\"wpcf7-form-control wpcf7-text\" aria-invalid=\"false\" value=\"\" type=\"text\" name=\"Firma\" \/><\/span>\n<\/p>\n<p><span class=\"wpcf7-form-control-wrap\" data-name=\"Anrede\"><span class=\"wpcf7-form-control wpcf7-checkbox wpcf7-validates-as-required wpcf7-exclusive-checkbox\"><span class=\"wpcf7-list-item first\"><input type=\"checkbox\" name=\"Anrede\" value=\"Herr\" \/><span class=\"wpcf7-list-item-label\">Herr<\/span><\/span><span class=\"wpcf7-list-item last\"><input type=\"checkbox\" name=\"Anrede\" value=\"Frau*\" \/><span class=\"wpcf7-list-item-label\">Frau*<\/span><\/span><\/span><\/span>\n<\/p>\n<p>Titel\n<\/p>\n<p><span class=\"wpcf7-form-control-wrap\" data-name=\"Titel\"><input size=\"40\" maxlength=\"400\" class=\"wpcf7-form-control wpcf7-text\" aria-invalid=\"false\" value=\"\" type=\"text\" name=\"Titel\" \/><\/span>\n<\/p>\n<p>Vorname*\n<\/p>\n<p><span class=\"wpcf7-form-control-wrap\" data-name=\"Vorname\"><input size=\"40\" maxlength=\"400\" class=\"wpcf7-form-control wpcf7-text wpcf7-validates-as-required\" aria-required=\"true\" aria-invalid=\"false\" value=\"\" type=\"text\" name=\"Vorname\" \/><\/span>\n<\/p>\n<p>Nachname*\n<\/p>\n<p><span class=\"wpcf7-form-control-wrap\" data-name=\"Nachname\"><input size=\"40\" maxlength=\"400\" class=\"wpcf7-form-control wpcf7-text wpcf7-validates-as-required\" aria-required=\"true\" aria-invalid=\"false\" value=\"\" type=\"text\" name=\"Nachname\" \/><\/span>\n<\/p>\n<p>Stra\u00dfe\n<\/p>\n<p><span class=\"wpcf7-form-control-wrap\" data-name=\"Strasse\"><input size=\"40\" maxlength=\"400\" class=\"wpcf7-form-control wpcf7-text\" aria-invalid=\"false\" value=\"\" type=\"text\" name=\"Strasse\" \/><\/span>\n<\/p>\n<p>PLZ\n<\/p>\n<p><span class=\"wpcf7-form-control-wrap\" data-name=\"PLZ\"><input size=\"40\" maxlength=\"400\" class=\"wpcf7-form-control wpcf7-text\" aria-invalid=\"false\" value=\"\" type=\"text\" name=\"PLZ\" \/><\/span>\n<\/p>\n<p>Ort\n<\/p>\n<p><span class=\"wpcf7-form-control-wrap\" data-name=\"Ort\"><input size=\"40\" maxlength=\"400\" class=\"wpcf7-form-control wpcf7-text\" aria-invalid=\"false\" value=\"\" type=\"text\" name=\"Ort\" \/><\/span>\n<\/p>\n<p>Telefon\n<\/p>\n<p><span class=\"wpcf7-form-control-wrap\" data-name=\"Telefon\"><input size=\"40\" maxlength=\"400\" class=\"wpcf7-form-control wpcf7-text\" aria-invalid=\"false\" value=\"\" type=\"text\" name=\"Telefon\" \/><\/span>\n<\/p>\n<p>E-Mail*\n<\/p>\n<p><span class=\"wpcf7-form-control-wrap\" data-name=\"Email\"><input size=\"40\" maxlength=\"400\" class=\"wpcf7-form-control wpcf7-email wpcf7-validates-as-required wpcf7-text wpcf7-validates-as-email\" aria-required=\"true\" aria-invalid=\"false\" value=\"\" type=\"email\" name=\"Email\" \/><\/span>\n<\/p>\n<p>Produkt*\n<\/p>\n<p><span class=\"wpcf7-form-control-wrap\" data-name=\"Produkt\"><input size=\"40\" maxlength=\"400\" class=\"wpcf7-form-control wpcf7-text wpcf7-validates-as-required\" aria-required=\"true\" aria-invalid=\"false\" value=\"\" type=\"text\" name=\"Produkt\" \/><\/span>\n<\/p>\n<p>Ihre Anfrage*\n<\/p>\n<p><span class=\"wpcf7-form-control-wrap\" data-name=\"Anfrage\"><textarea cols=\"40\" rows=\"10\" maxlength=\"2000\" class=\"wpcf7-form-control wpcf7-textarea wpcf7-validates-as-required\" aria-required=\"true\" aria-invalid=\"false\" name=\"Anfrage\"><\/textarea><\/span>\n<\/p>\n<p>Menge*\n<\/p>\n<p><span class=\"wpcf7-form-control-wrap\" data-name=\"Menge\"><input size=\"40\" maxlength=\"400\" class=\"wpcf7-form-control wpcf7-text wpcf7-validates-as-required\" aria-required=\"true\" aria-invalid=\"false\" value=\"\" type=\"text\" name=\"Menge\" \/><\/span>\n<\/p>\n<p><span class=\"wpcf7-form-control-wrap\" data-name=\"Dateihochladen\"><input size=\"40\" class=\"wpcf7-form-control wpcf7-file\" accept=\"audio\/*,video\/*,image\/*\" aria-invalid=\"false\" type=\"file\" name=\"Dateihochladen\" \/><\/span>\n<\/p>\n<p><span class=\"wpcf7-form-control-wrap\" data-name=\"AndereMglichkeiten\"><select class=\"wpcf7-form-control wpcf7-select\" aria-invalid=\"false\" name=\"AndereMglichkeiten\"><option value=\"\">&#8211; Bitte ausw\u00e4hlen &#8211;<\/option><option value=\"per FTP (Dateiname)\">per FTP (Dateiname)<\/option><option value=\"Sonstiges\">Sonstiges<\/option><\/select><\/span>\n<\/p>\n<p><span class=\"wpcf7-form-control-wrap\" data-name=\"Dateiname\"><input size=\"40\" maxlength=\"400\" class=\"wpcf7-form-control wpcf7-text\" aria-invalid=\"false\" value=\"\" type=\"text\" name=\"Dateiname\" \/><\/span>\n<\/p>\n<p>Bitte beachten Sie, dass der Datenupload auf 1 Datei mit max. 25 MB beschr\u00e4nkt ist. Falls Sie mehrere Daten senden m\u00f6chten, erstellen Sie bitte eine .zip-Datei oder nutzen Sie unseren <a href=\"http:\/\/www.druckundwerbung.at\/wordpress\/kontakt\/\" target=\"_blank\">FTP-Zugang<\/a>.\n<\/p>\n<p><span class=\"wpcf7-form-control-wrap\" data-name=\"AGB\"><span class=\"wpcf7-form-control wpcf7-checkbox wpcf7-validates-as-required\"><span class=\"wpcf7-list-item first last\"><input type=\"checkbox\" name=\"AGB[]\" value=\"*Ich habe die AGB gelesen und akzeptiere diese.\" \/><span class=\"wpcf7-list-item-label\">*Ich habe die AGB gelesen und akzeptiere diese.<\/span><\/span><\/span><\/span>\n<\/p>\n<p>*Pflichtfelder\n<\/p>\n<div>\n<div class=\"wpcf7-turnstile cf-turnstile\" data-sitekey=\"0x4AAAAAACKJflP6DS0b8kCH\" data-response-field-name=\"_wpcf7_turnstile_response\"><\/div>\n<\/div>\n<p><input class=\"wpcf7-form-control wpcf7-submit has-spinner\" type=\"submit\" value=\"Senden\" \/>\n<\/p><div class=\"wpcf7-response-output\" aria-hidden=\"true\"><\/div>\n<\/form>\n<\/div>\n[\/vc_column][\/vc_row]<\/p>\n<\/div>","protected":false},"excerpt":{"rendered":"<p>[vc_row][vc_column][vc_column_text] Druck &amp; B\u00fcro [\/vc_column_text][ultimate_spacer height=&#8220;35&#8243;][vc_column_text]Sie ben\u00f6tigen Werbematerialien und individuelles B\u00fcromaterial? Wir stellen Ihre\u00a0Bl\u00f6cke, Briefpapiere, Brosch\u00fcren, Mappen, Flugbl\u00e4tter, Flyer, Folder, Kalender, Kataloge, Kuverts, Mailings, Preislisten, Stempel, Visiten- und Weihnachtskarten sowie Zeitungen her! Bei der Produktion unterscheiden wir zwischen Offset und Digitaldruck. Die Produkte aus beiden Kategorien finden Sie unter Druck &amp; B\u00fcro in unserem Online&hellip;<\/p>\n","protected":false},"author":1,"featured_media":0,"parent":0,"menu_order":0,"comment_status":"closed","ping_status":"closed","template":"","meta":{"footnotes":""},"class_list":["post-583","page","type-page","status-publish","hentry","description-off"],"_links":{"self":[{"href":"https:\/\/www.druckundwerbung.at\/wordpress\/wp-json\/wp\/v2\/pages\/583","targetHints":{"allow":["GET"]}}],"collection":[{"href":"https:\/\/www.druckundwerbung.at\/wordpress\/wp-json\/wp\/v2\/pages"}],"about":[{"href":"https:\/\/www.druckundwerbung.at\/wordpress\/wp-json\/wp\/v2\/types\/page"}],"author":[{"embeddable":true,"href":"https:\/\/www.druckundwerbung.at\/wordpress\/wp-json\/wp\/v2\/users\/1"}],"replies":[{"embeddable":true,"href":"https:\/\/www.druckundwerbung.at\/wordpress\/wp-json\/wp\/v2\/comments?post=583"}],"version-history":[{"count":2,"href":"https:\/\/www.druckundwerbung.at\/wordpress\/wp-json\/wp\/v2\/pages\/583\/revisions"}],"predecessor-version":[{"id":1292,"href":"https:\/\/www.druckundwerbung.at\/wordpress\/wp-json\/wp\/v2\/pages\/583\/revisions\/1292"}],"wp:attachment":[{"href":"https:\/\/www.druckundwerbung.at\/wordpress\/wp-json\/wp\/v2\/media?parent=583"}],"curies":[{"name":"wp","href":"https:\/\/api.w.org\/{rel}","templated":true}]}}