{"id":651,"date":"2016-03-27T15:32:06","date_gmt":"2016-03-27T14:32:06","guid":{"rendered":"http:\/\/www.druckundwerbung.at\/wordpress\/?page_id=651"},"modified":"2020-05-31T21:30:03","modified_gmt":"2020-05-31T19:30:03","slug":"weiterverarbeitung","status":"publish","type":"page","link":"https:\/\/www.druckundwerbung.at\/wordpress\/weiterverarbeitung\/","title":{"rendered":"Weiterverarbeitung"},"content":{"rendered":"<div class=\"wpb-content-wrapper\"><p>[vc_row][vc_column][vc_column_text]<\/p>\n<h1>Weiterverarbeitung<\/h1>\n<p>[\/vc_column_text][ultimate_spacer height=&#8220;35&#8243;][vc_column_text]Viele Drucksorten m\u00fcssen, um das gew\u00fcnschte Endformat bzw. Aussehen zu erlangen, weiterverarbeitet werden. Auch hier k\u00f6nnen wir Ihnen so viel wie m\u00f6glich Komfort bieten und Ihnen zeitraubende Arbeiten abnehmen.[\/vc_column_text][ultimate_spacer height=&#8220;20&#8243;][vc_column_text]<strong>Zu unseren Weiterverarbeitungs-Dienstleistungen z\u00e4hlt:<\/strong>[\/vc_column_text][ultimate_spacer height=&#8220;30&#8243;][\/vc_column][\/vc_row][vc_row][vc_column width=&#8220;1\/2&#8243;]<div class=\"standard-arrow list-divider bullet-top\"><ul>\n<li>Binden<\/li>\n<li>Falten<\/li>\n<li>Folieren<\/li>\n<li>Heften<\/li>\n<li>Klebebinden<\/li>\n<li>Kuvertieren<\/li>\n<\/ul>\n<\/div>[\/vc_column][vc_column width=&#8220;1\/2&#8243;]<div class=\"standard-arrow list-divider bullet-top\"><ul>\n<li>Laminieren<\/li>\n<li>Lochen<\/li>\n<li>Perforieren<\/li>\n<li>Rillen<\/li>\n<li>Schneiden<\/li>\n<li>Textilveredelung<\/li>\n<\/ul>\n<\/div>[\/vc_column][\/vc_row][vc_row][vc_column][ultimate_spacer height=&#8220;50&#8243;][vc_column_text]<\/p>\n<h2>Weiterverarbeitung bis A3<\/h2>\n<p>[\/vc_column_text][ultimate_spacer height=&#8220;25&#8243;][vc_column_text]Neben dem Falten, Schneiden und Spiralbinden bieten wir noch viele weitere M\u00f6glichkeiten Ihre Drucksorten aufwerten zu lassen.<\/p>\n<p>Senden Sie uns diesbez\u00fcglich einfach Ihre Anfrage auf\u00a0<a href=\"mailto:anfrage@druckundwerbung.at\">anfrage@druckundwerbung.at<\/a>\u00a0oder \u00fcber das untenstehende Kontaktformular.[\/vc_column_text][\/vc_column][\/vc_row][vc_row][vc_column][ultimate_spacer height=&#8220;50&#8243;][vc_column_text]<\/p>\n<h2>Weiterverarbeitung Gro\u00dffl\u00e4che (gr\u00f6\u00dfer als A3)<\/h2>\n<p>[\/vc_column_text][ultimate_spacer height=&#8220;25&#8243;][vc_column_text]Sie m\u00f6chten Ihre Poster pr\u00e4sentieren? Wir laminieren bis A0 quer (ca. 120 cm).<\/p>\n<p>Selbstverst\u00e4ndlich auch mit Kleber\u00fccken zur Montage vor Ort erh\u00e4ltlich. Oder lassen Sie sie durch uns auf Platten aufwalzen.<\/p>\n<p>Senden Sie uns diesbez\u00fcglich einfach Ihre Anfrage auf\u00a0<a href=\"mailto:anfrage@druckundwerbung.at\">anfrage@druckundwerbung.at<\/a>\u00a0oder \u00fcber das untenstehende Kontaktformular.[\/vc_column_text][\/vc_column][\/vc_row][vc_row][vc_column][ultimate_spacer height=&#8220;50&#8243;][vc_column_text]<\/p>\n<h2>Textilveredelung<\/h2>\n<p>[\/vc_column_text][ultimate_spacer height=&#8220;25&#8243;][vc_column_text]Sie m\u00f6chten <strong>individuelle Textilien<\/strong> mit Ihrem Firmennamen, Logo, einem eigenen Schriftzug oder Bild? Wir veredeln Textilien nach Ihrem Wunsch!<\/p>\n<p>Senden Sie uns diesbez\u00fcglich einfach Ihre Anfrage auf\u00a0<a href=\"mailto:anfrage@druckundwerbung.at\">anfrage@druckundwerbung.at<\/a>\u00a0oder \u00fcber das untenstehende Kontaktformular.<\/p>\n<p><strong>Wir bieten folgende Veredelungs-Varianten:<\/strong>[\/vc_column_text][ultimate_spacer height=&#8220;25&#8243;][\/vc_column][\/vc_row][vc_row][vc_column width=&#8220;1\/2&#8243;]<div class=\"standard-arrow list-divider bullet-top\"><ul>\n<li>Digiflex<\/li>\n<li>Flex<\/li>\n<li>Flock<\/li>\n<\/ul>\n<\/div>[\/vc_column][vc_column width=&#8220;1\/2&#8243;]<div class=\"standard-arrow list-divider bullet-top\"><ul>\n<li>Siebdruck<\/li>\n<li>Stick<\/li>\n<li>Thermotransfer-Druck<\/li>\n<\/ul>\n<\/div>[\/vc_column][\/vc_row][vc_row][vc_column][ultimate_spacer height=&#8220;50&#8243;][vc_column_text]<\/p>\n<h3>Begriffe<\/h3>\n<p>[\/vc_column_text][ultimate_spacer height=&#8220;25&#8243;][vc_column_text]<strong>Digiflex<\/strong><br \/>\nDurch den Digiflex ist es auch m\u00f6glich, dunkle Textilien mit Fotos und mehrf\u00e4rbigen Logos zu Beschriften.<\/p>\n<p><strong>Flex<\/strong><br \/>\nNeben der Beschriftung von Sport-, Freizeit- und Arbeitsbekleidung, k\u00f6nnen auch Windjacken, Anoraks, Nylonwaren, Sporttaschen, Schirme beschriftet werden.<\/p>\n<p><strong>Flock<br \/>\n<\/strong>Eine tolle Variante um Textilien mit Logos &amp; Texten ein- &amp; mehrf\u00e4rbig zu Beschriften.\u00a0Dieses Material ist sehr robust und sieht sehr elegant aus.\u00a0Der Einsatzbereich von Flock reicht von Blusen, Hemden, Shirts, Sweater bis zu Jacken und Trainingsanz\u00fcge usw.<\/p>\n<p><strong>Siebdruck<\/strong><br \/>\nDer klassische Textildruck ist oft und gerne gesehen.\u00a0Gerade bei gr\u00f6\u00dferen St\u00fcckzahlen ist der Siebdruck sehr empfehlenswert.\u00a0Arbeits-, Sport- &amp; Freizeitkleidungen wie Kappen, Jacken, Shirts, Pullis und vieles mehr kann man so schnell und kosteng\u00fcnstig mit Firmen- bzw. Werbedrucken versehen.<\/p>\n<p><strong>Stick<\/strong><br \/>\nWertet Ihre Textilien wie Kappen, Shirts, Jacken, Sweater auf und bringt Ihre Werbung stichgenau ins richtige Licht.\u00a0Es k\u00f6nnen nat\u00fcrlich auch Aufn\u00e4her angefertigt werden.<\/p>\n<p><strong>Thermotransfer-Druck<\/strong><br \/>\nDiese Aufbringungsvariante erlaubt eine schnelle, kosteng\u00fcnstige Werbe- oder Gaginformation auf hellen, glatten Textilien. Optimal f\u00fcr Messen oder im Eventbereich. Ein perfektes Feld bieten auch Geschenke, da hier sehr pers\u00f6nlich variiert werden kann.[\/vc_column_text][\/vc_column][\/vc_row][vc_row][vc_column][ultimate_spacer height=&#8220;50&#8243;][vc_column_text]<\/p>\n<h3>Pflegehinweise<\/h3>\n<p>[\/vc_column_text][ultimate_spacer height=&#8220;25&#8243;][vc_column_text]<strong>Bitte beachten Sie:<\/strong>\u00a0Sobald ein Artikel mit einem Druck versehen worden ist, gelten die im Etikett aufgef\u00fchrten Vorgaben nicht mehr. Bitte in diesem Fall, die Textilien nur nach unserer\u00a0<a href=\"https:\/\/www.druckundwerbung.at\/wordpress\/wp-content\/uploads\/2016\/03\/Textilien-Pflegeanleitung.pdf\" target=\"_blank\" rel=\"noopener noreferrer\">Pflegeanleitung<\/a>\u00a0behandeln.[\/vc_column_text][\/vc_column][\/vc_row][vc_row][vc_column][ultimate_spacer height=&#8220;50&#8243;][vc_column_text]<\/p>\n<h2>Kontakt &amp; Anfrage<\/h2>\n<p>[\/vc_column_text][ultimate_spacer height=&#8220;25&#8243;][vc_column_text]<\/p>\n<div class=\"wpb_text_column wpb_content_element \">\n<div class=\"wpb_wrapper\">\n<p>Mehr erfahren oder bestellen? Senden Sie uns Ihre Anfrage einfach \u00fcber das <strong>untenstehende Formular<\/strong> oder auf\u00a0<a href=\"mailto:auftrag@druckundwerbug.at\">anfrage@druckundwerbung.at<\/a>. Sie erhalten prompt Ihr pers\u00f6nliches und unverbindliches Angebot.<\/p>\n<p><strong>Telefonisch<\/strong> sind wir unter <a href=\"tel:+432622 69467\">+43 2622 69467<\/a> erreichbar \u2013 oder besuchen Sie uns <strong>vor Ort<\/strong> in der <a href=\"https:\/\/www.google.at\/maps\/place\/MeinDrucker.net\/@47.793856,16.2198598,17z\/data=!4m12!1m6!3m5!1s0x476dcc6d43f189c3:0x7f717e139f8e8097!2sMeinDrucker.net!8m2!3d47.793856!4d16.2220485!3m4!1s0x476dcc6d43f189c3:0x7f717e139f8e8097!8m2!3d47.793856!4d16.2220485\" target=\"_blank\" rel=\"noopener noreferrer\">Molkereistra\u00dfe 6, 2700 Wiener Neustadt<\/a> (im Geb\u00e4ude von MeinDrucker.net). Wir freuen uns!<\/p>\n<p><strong>Um Ihre Anfrage rasch und ordnungsgem\u00e4\u00df bearbeiten zu k\u00f6nnen, sollte sie nachstehende Punkte beinhalten:<\/strong><\/p>\n<ul>\n<li>Bei Brosch\u00fcren udgl. bitte Seitenanzahl angeben<\/li>\n<li>Gew\u00fcnschtes offenes bzw. Endformat und Gr\u00f6\u00dfe<\/li>\n<li>Druck in Farbe oder SW<\/li>\n<li>Material und Grammatur<\/li>\n<li>Weiterverarbeitung (falzen, schneiden, binden etc.)<\/li>\n<li>Daten-Anlieferung (druckfertiges PDF, offene Daten oder Erstellung durch uns)<\/li>\n<li>St\u00fcckzahl<\/li>\n<\/ul>\n<\/div>\n<\/div>\n<p>[\/vc_column_text][ultimate_spacer height=&#8220;50&#8243;]\n<div class=\"wpcf7 no-js\" id=\"wpcf7-f580-o1\" lang=\"de-DE\" dir=\"ltr\" data-wpcf7-id=\"580\">\n<div class=\"screen-reader-response\"><p role=\"status\" aria-live=\"polite\" aria-atomic=\"true\"><\/p> <ul><\/ul><\/div>\n<form action=\"\/wordpress\/wp-json\/wp\/v2\/pages\/651#wpcf7-f580-o1\" method=\"post\" class=\"wpcf7-form init\" aria-label=\"Kontaktformular\" enctype=\"multipart\/form-data\" novalidate=\"novalidate\" data-status=\"init\">\n<fieldset class=\"hidden-fields-container\"><input type=\"hidden\" name=\"_wpcf7\" value=\"580\" \/><input type=\"hidden\" name=\"_wpcf7_version\" value=\"6.1.5\" \/><input type=\"hidden\" name=\"_wpcf7_locale\" value=\"de_DE\" \/><input type=\"hidden\" name=\"_wpcf7_unit_tag\" value=\"wpcf7-f580-o1\" \/><input type=\"hidden\" name=\"_wpcf7_container_post\" value=\"0\" \/><input type=\"hidden\" name=\"_wpcf7_posted_data_hash\" value=\"\" \/><input type=\"hidden\" name=\"_wpcf7_recaptcha_response\" value=\"\" \/>\n<\/fieldset>\n<p>Firma\n<\/p>\n<p><span class=\"wpcf7-form-control-wrap\" data-name=\"Firma\"><input size=\"40\" maxlength=\"400\" class=\"wpcf7-form-control wpcf7-text\" aria-invalid=\"false\" value=\"\" type=\"text\" name=\"Firma\" \/><\/span>\n<\/p>\n<p><span class=\"wpcf7-form-control-wrap\" data-name=\"Anrede\"><span class=\"wpcf7-form-control wpcf7-checkbox wpcf7-validates-as-required wpcf7-exclusive-checkbox\"><span class=\"wpcf7-list-item first\"><input type=\"checkbox\" name=\"Anrede\" value=\"Herr\" \/><span class=\"wpcf7-list-item-label\">Herr<\/span><\/span><span class=\"wpcf7-list-item last\"><input type=\"checkbox\" name=\"Anrede\" value=\"Frau*\" \/><span class=\"wpcf7-list-item-label\">Frau*<\/span><\/span><\/span><\/span>\n<\/p>\n<p>Titel\n<\/p>\n<p><span class=\"wpcf7-form-control-wrap\" data-name=\"Titel\"><input size=\"40\" maxlength=\"400\" class=\"wpcf7-form-control wpcf7-text\" aria-invalid=\"false\" value=\"\" type=\"text\" name=\"Titel\" \/><\/span>\n<\/p>\n<p>Vorname*\n<\/p>\n<p><span class=\"wpcf7-form-control-wrap\" data-name=\"Vorname\"><input size=\"40\" maxlength=\"400\" class=\"wpcf7-form-control wpcf7-text wpcf7-validates-as-required\" aria-required=\"true\" aria-invalid=\"false\" value=\"\" type=\"text\" name=\"Vorname\" \/><\/span>\n<\/p>\n<p>Nachname*\n<\/p>\n<p><span class=\"wpcf7-form-control-wrap\" data-name=\"Nachname\"><input size=\"40\" maxlength=\"400\" class=\"wpcf7-form-control wpcf7-text wpcf7-validates-as-required\" aria-required=\"true\" aria-invalid=\"false\" value=\"\" type=\"text\" name=\"Nachname\" \/><\/span>\n<\/p>\n<p>Stra\u00dfe\n<\/p>\n<p><span class=\"wpcf7-form-control-wrap\" data-name=\"Strasse\"><input size=\"40\" maxlength=\"400\" class=\"wpcf7-form-control wpcf7-text\" aria-invalid=\"false\" value=\"\" type=\"text\" name=\"Strasse\" \/><\/span>\n<\/p>\n<p>PLZ\n<\/p>\n<p><span class=\"wpcf7-form-control-wrap\" data-name=\"PLZ\"><input size=\"40\" maxlength=\"400\" class=\"wpcf7-form-control wpcf7-text\" aria-invalid=\"false\" value=\"\" type=\"text\" name=\"PLZ\" \/><\/span>\n<\/p>\n<p>Ort\n<\/p>\n<p><span class=\"wpcf7-form-control-wrap\" data-name=\"Ort\"><input size=\"40\" maxlength=\"400\" class=\"wpcf7-form-control wpcf7-text\" aria-invalid=\"false\" value=\"\" type=\"text\" name=\"Ort\" \/><\/span>\n<\/p>\n<p>Telefon\n<\/p>\n<p><span class=\"wpcf7-form-control-wrap\" data-name=\"Telefon\"><input size=\"40\" maxlength=\"400\" class=\"wpcf7-form-control wpcf7-text\" aria-invalid=\"false\" value=\"\" type=\"text\" name=\"Telefon\" \/><\/span>\n<\/p>\n<p>E-Mail*\n<\/p>\n<p><span class=\"wpcf7-form-control-wrap\" data-name=\"Email\"><input size=\"40\" maxlength=\"400\" class=\"wpcf7-form-control wpcf7-email wpcf7-validates-as-required wpcf7-text wpcf7-validates-as-email\" aria-required=\"true\" aria-invalid=\"false\" value=\"\" type=\"email\" name=\"Email\" \/><\/span>\n<\/p>\n<p>Produkt*\n<\/p>\n<p><span class=\"wpcf7-form-control-wrap\" data-name=\"Produkt\"><input size=\"40\" maxlength=\"400\" class=\"wpcf7-form-control wpcf7-text wpcf7-validates-as-required\" aria-required=\"true\" aria-invalid=\"false\" value=\"\" type=\"text\" name=\"Produkt\" \/><\/span>\n<\/p>\n<p>Ihre Anfrage*\n<\/p>\n<p><span class=\"wpcf7-form-control-wrap\" data-name=\"Anfrage\"><textarea cols=\"40\" rows=\"10\" maxlength=\"2000\" class=\"wpcf7-form-control wpcf7-textarea wpcf7-validates-as-required\" aria-required=\"true\" aria-invalid=\"false\" name=\"Anfrage\"><\/textarea><\/span>\n<\/p>\n<p>Menge*\n<\/p>\n<p><span class=\"wpcf7-form-control-wrap\" data-name=\"Menge\"><input size=\"40\" maxlength=\"400\" class=\"wpcf7-form-control wpcf7-text wpcf7-validates-as-required\" aria-required=\"true\" aria-invalid=\"false\" value=\"\" type=\"text\" name=\"Menge\" \/><\/span>\n<\/p>\n<p><span class=\"wpcf7-form-control-wrap\" data-name=\"Dateihochladen\"><input size=\"40\" class=\"wpcf7-form-control wpcf7-file\" accept=\"audio\/*,video\/*,image\/*\" aria-invalid=\"false\" type=\"file\" name=\"Dateihochladen\" \/><\/span>\n<\/p>\n<p><span class=\"wpcf7-form-control-wrap\" data-name=\"AndereMglichkeiten\"><select class=\"wpcf7-form-control wpcf7-select\" aria-invalid=\"false\" name=\"AndereMglichkeiten\"><option value=\"\">&#8211; Bitte ausw\u00e4hlen &#8211;<\/option><option value=\"per FTP (Dateiname)\">per FTP (Dateiname)<\/option><option value=\"Sonstiges\">Sonstiges<\/option><\/select><\/span>\n<\/p>\n<p><span class=\"wpcf7-form-control-wrap\" data-name=\"Dateiname\"><input size=\"40\" maxlength=\"400\" class=\"wpcf7-form-control wpcf7-text\" aria-invalid=\"false\" value=\"\" type=\"text\" name=\"Dateiname\" \/><\/span>\n<\/p>\n<p>Bitte beachten Sie, dass der Datenupload auf 1 Datei mit max. 25 MB beschr\u00e4nkt ist. Falls Sie mehrere Daten senden m\u00f6chten, erstellen Sie bitte eine .zip-Datei oder nutzen Sie unseren <a href=\"http:\/\/www.druckundwerbung.at\/wordpress\/kontakt\/\" target=\"_blank\">FTP-Zugang<\/a>.\n<\/p>\n<p><span class=\"wpcf7-form-control-wrap\" data-name=\"AGB\"><span class=\"wpcf7-form-control wpcf7-checkbox wpcf7-validates-as-required\"><span class=\"wpcf7-list-item first last\"><input type=\"checkbox\" name=\"AGB[]\" value=\"*Ich habe die AGB gelesen und akzeptiere diese.\" \/><span class=\"wpcf7-list-item-label\">*Ich habe die AGB gelesen und akzeptiere diese.<\/span><\/span><\/span><\/span>\n<\/p>\n<p>*Pflichtfelder\n<\/p>\n<div>\n<div class=\"wpcf7-turnstile cf-turnstile\" data-sitekey=\"0x4AAAAAACKJflP6DS0b8kCH\" data-response-field-name=\"_wpcf7_turnstile_response\"><\/div>\n<\/div>\n<p><input class=\"wpcf7-form-control wpcf7-submit has-spinner\" type=\"submit\" value=\"Senden\" \/>\n<\/p><div class=\"wpcf7-response-output\" aria-hidden=\"true\"><\/div>\n<\/form>\n<\/div>\n[\/vc_column][\/vc_row]<\/p>\n<\/div>","protected":false},"excerpt":{"rendered":"<p>[vc_row][vc_column][vc_column_text] Weiterverarbeitung [\/vc_column_text][ultimate_spacer height=&#8220;35&#8243;][vc_column_text]Viele Drucksorten m\u00fcssen, um das gew\u00fcnschte Endformat bzw. Aussehen zu erlangen, weiterverarbeitet werden. Auch hier k\u00f6nnen wir Ihnen so viel wie m\u00f6glich Komfort bieten und Ihnen zeitraubende Arbeiten abnehmen.[\/vc_column_text][ultimate_spacer height=&#8220;20&#8243;][vc_column_text]Zu unseren Weiterverarbeitungs-Dienstleistungen z\u00e4hlt:[\/vc_column_text][ultimate_spacer height=&#8220;30&#8243;][\/vc_column][\/vc_row][vc_row][vc_column width=&#8220;1\/2&#8243;][\/vc_column][vc_column width=&#8220;1\/2&#8243;][\/vc_column][\/vc_row][vc_row][vc_column][ultimate_spacer height=&#8220;50&#8243;][vc_column_text] Weiterverarbeitung bis A3 [\/vc_column_text][ultimate_spacer height=&#8220;25&#8243;][vc_column_text]Neben dem Falten, Schneiden und Spiralbinden bieten wir noch viele weitere&hellip;<\/p>\n","protected":false},"author":1,"featured_media":0,"parent":0,"menu_order":0,"comment_status":"closed","ping_status":"closed","template":"","meta":{"footnotes":""},"class_list":["post-651","page","type-page","status-publish","hentry","description-off"],"_links":{"self":[{"href":"https:\/\/www.druckundwerbung.at\/wordpress\/wp-json\/wp\/v2\/pages\/651","targetHints":{"allow":["GET"]}}],"collection":[{"href":"https:\/\/www.druckundwerbung.at\/wordpress\/wp-json\/wp\/v2\/pages"}],"about":[{"href":"https:\/\/www.druckundwerbung.at\/wordpress\/wp-json\/wp\/v2\/types\/page"}],"author":[{"embeddable":true,"href":"https:\/\/www.druckundwerbung.at\/wordpress\/wp-json\/wp\/v2\/users\/1"}],"replies":[{"embeddable":true,"href":"https:\/\/www.druckundwerbung.at\/wordpress\/wp-json\/wp\/v2\/comments?post=651"}],"version-history":[{"count":2,"href":"https:\/\/www.druckundwerbung.at\/wordpress\/wp-json\/wp\/v2\/pages\/651\/revisions"}],"predecessor-version":[{"id":1349,"href":"https:\/\/www.druckundwerbung.at\/wordpress\/wp-json\/wp\/v2\/pages\/651\/revisions\/1349"}],"wp:attachment":[{"href":"https:\/\/www.druckundwerbung.at\/wordpress\/wp-json\/wp\/v2\/media?parent=651"}],"curies":[{"name":"wp","href":"https:\/\/api.w.org\/{rel}","templated":true}]}}