{"id":731,"date":"2016-03-29T09:16:16","date_gmt":"2016-03-29T08:16:16","guid":{"rendered":"http:\/\/www.druckundwerbung.at\/wordpress\/?page_id=731"},"modified":"2020-05-31T21:07:36","modified_gmt":"2020-05-31T19:07:36","slug":"visitenkarten","status":"publish","type":"page","link":"https:\/\/www.druckundwerbung.at\/wordpress\/druck-buero\/visitenkarten\/","title":{"rendered":"Visitenkarten"},"content":{"rendered":"<div class=\"wpb-content-wrapper\"><p>[vc_row][vc_column][vc_column_text]<\/p>\n<h1>Visitenkarten<\/h1>\n<p>[\/vc_column_text][ultimate_spacer height=&#8220;35&#8243;][vc_column_text]Visiten sind das Aush\u00e4ngeschild Ihrer Person bzw. Ihres Unternehmens. Es gibt keine zweite Chance f\u00fcr den ersten Eindruck.<\/p>\n<p>Gerade\u00a0Visitenkarten<strong> spiegeln ein Unternehmen sofort wieder<\/strong>.<br \/>\nDeshalb gibt es f\u00fcr uns <strong>Standartvisitenkarten<\/strong> und aber auch<strong> individuelle Karten<\/strong>.<\/p>\n<p>Ihre Visitenkarten werden nach Ihren Vorgaben produziert und bei uns f\u00fcr Sie <strong>archiviert,<\/strong> um einen<strong> raschen Nachdruck<\/strong> zu erm\u00f6glichen.<\/p>\n<p>Alle unsere Digitaldruck-Visitenkarten werden auf speziellem 300g-Visitenkartenkarton produziert. Nat\u00fcrlich fertigen wir auch <strong>Klappkarten<\/strong> oder <strong>eigene Formate<\/strong> an.<\/p>\n<p>Bestellen Sie Ihre Visitenkarten direkt im <a href=\"https:\/\/shop.druckundwerbung.at\/index.php?cat=c193_VISITENKARTEN-VISITENKARTEN-193.html\" target=\"_blank\" rel=\"noopener noreferrer\">Online-Shop<\/a> oder senden Sie uns Ihre Anfrage.[\/vc_column_text][ultimate_spacer height=&#8220;25&#8243;][vc_column_text]<a href=\"https:\/\/shop.druckundwerbung.at\/index.php?cat=c193_VISITENKARTEN-VISITENKARTEN-193.html\" class=\"btn-shortcode dt-btn-m btn-link title-btn-color accent-btn-hover-color default-btn-bg-color default-btn-bg-hover-color fadeIn animate-element animation-builder\" target=\"_blank\" id=\"dt-btn-1\" rel=\"noopener\"><i class=\"fa fa-chevron-circle-right\"><\/i><span>Hier geht&#8217;s zum Online Shop<\/span><\/a>[\/vc_column_text][ultimate_spacer height=&#8220;50&#8243;][\/vc_column][\/vc_row][vc_row][vc_column][vc_column_text]<\/p>\n<h2>Kontakt &amp; Anfrage<\/h2>\n<p>[\/vc_column_text][ultimate_spacer height=&#8220;25&#8243;][vc_column_text]<\/p>\n<div class=\"wpb_text_column wpb_content_element \">\n<div class=\"wpb_wrapper\">\n<p>Mehr erfahren oder bestellen? Senden Sie uns Ihre Anfrage einfach \u00fcber das <strong>untenstehende Formular<\/strong> oder auf\u00a0<a href=\"mailto:auftrag@druckundwerbug.at\">anfrage@druckundwerbung.at<\/a>. Sie erhalten prompt Ihr pers\u00f6nliches und unverbindliches Angebot.<\/p>\n<p><strong>Telefonisch<\/strong> sind wir unter <a href=\"tel:+432622 69467\">+43 2622 69467<\/a> erreichbar \u2013 oder besuchen Sie uns <strong>vor Ort<\/strong> in der <a href=\"https:\/\/www.google.at\/maps\/place\/MeinDrucker.net\/@47.793856,16.2198598,17z\/data=!4m12!1m6!3m5!1s0x476dcc6d43f189c3:0x7f717e139f8e8097!2sMeinDrucker.net!8m2!3d47.793856!4d16.2220485!3m4!1s0x476dcc6d43f189c3:0x7f717e139f8e8097!8m2!3d47.793856!4d16.2220485\" target=\"_blank\" rel=\"noopener noreferrer\">Molkereistra\u00dfe 6, 2700 Wiener Neustadt<\/a>. Wir freuen uns!<\/p>\n<p><strong>Um Ihre Anfrage rasch und ordnungsgem\u00e4\u00df bearbeiten zu k\u00f6nnen, sollte sie nachstehende Punkte beinhalten:<\/strong><\/p>\n<ul>\n<li>Bei Brosch\u00fcren udgl. bitte Seitenanzahl angeben<\/li>\n<li>Gew\u00fcnschtes offenes bzw. Endformat und Gr\u00f6\u00dfe<\/li>\n<li>Druck in Farbe oder SW<\/li>\n<li>Material und Grammatur<\/li>\n<li>Weiterverarbeitung (falzen, schneiden, binden etc.)<\/li>\n<li>Daten-Anlieferung (druckfertiges PDF, offene Daten oder Erstellung durch uns)<\/li>\n<li>St\u00fcckzahl<\/li>\n<\/ul>\n<\/div>\n<\/div>\n<p>[\/vc_column_text][ultimate_spacer height=&#8220;50&#8243;][\/vc_column][\/vc_row][vc_row][vc_column]\n<div class=\"wpcf7 no-js\" id=\"wpcf7-f580-o1\" lang=\"de-DE\" dir=\"ltr\" data-wpcf7-id=\"580\">\n<div class=\"screen-reader-response\"><p role=\"status\" aria-live=\"polite\" aria-atomic=\"true\"><\/p> <ul><\/ul><\/div>\n<form action=\"\/wordpress\/wp-json\/wp\/v2\/pages\/731#wpcf7-f580-o1\" method=\"post\" class=\"wpcf7-form init\" aria-label=\"Kontaktformular\" enctype=\"multipart\/form-data\" novalidate=\"novalidate\" data-status=\"init\">\n<fieldset class=\"hidden-fields-container\"><input type=\"hidden\" name=\"_wpcf7\" value=\"580\" \/><input type=\"hidden\" name=\"_wpcf7_version\" value=\"6.1.5\" \/><input type=\"hidden\" name=\"_wpcf7_locale\" value=\"de_DE\" \/><input type=\"hidden\" name=\"_wpcf7_unit_tag\" value=\"wpcf7-f580-o1\" \/><input type=\"hidden\" name=\"_wpcf7_container_post\" value=\"0\" \/><input type=\"hidden\" name=\"_wpcf7_posted_data_hash\" value=\"\" \/><input type=\"hidden\" name=\"_wpcf7_recaptcha_response\" value=\"\" \/>\n<\/fieldset>\n<p>Firma\n<\/p>\n<p><span class=\"wpcf7-form-control-wrap\" data-name=\"Firma\"><input size=\"40\" maxlength=\"400\" class=\"wpcf7-form-control wpcf7-text\" aria-invalid=\"false\" value=\"\" type=\"text\" name=\"Firma\" \/><\/span>\n<\/p>\n<p><span class=\"wpcf7-form-control-wrap\" data-name=\"Anrede\"><span class=\"wpcf7-form-control wpcf7-checkbox wpcf7-validates-as-required wpcf7-exclusive-checkbox\"><span class=\"wpcf7-list-item first\"><input type=\"checkbox\" name=\"Anrede\" value=\"Herr\" \/><span class=\"wpcf7-list-item-label\">Herr<\/span><\/span><span class=\"wpcf7-list-item last\"><input type=\"checkbox\" name=\"Anrede\" value=\"Frau*\" \/><span class=\"wpcf7-list-item-label\">Frau*<\/span><\/span><\/span><\/span>\n<\/p>\n<p>Titel\n<\/p>\n<p><span class=\"wpcf7-form-control-wrap\" data-name=\"Titel\"><input size=\"40\" maxlength=\"400\" class=\"wpcf7-form-control wpcf7-text\" aria-invalid=\"false\" value=\"\" type=\"text\" name=\"Titel\" \/><\/span>\n<\/p>\n<p>Vorname*\n<\/p>\n<p><span class=\"wpcf7-form-control-wrap\" data-name=\"Vorname\"><input size=\"40\" maxlength=\"400\" class=\"wpcf7-form-control wpcf7-text wpcf7-validates-as-required\" aria-required=\"true\" aria-invalid=\"false\" value=\"\" type=\"text\" name=\"Vorname\" \/><\/span>\n<\/p>\n<p>Nachname*\n<\/p>\n<p><span class=\"wpcf7-form-control-wrap\" data-name=\"Nachname\"><input size=\"40\" maxlength=\"400\" class=\"wpcf7-form-control wpcf7-text wpcf7-validates-as-required\" aria-required=\"true\" aria-invalid=\"false\" value=\"\" type=\"text\" name=\"Nachname\" \/><\/span>\n<\/p>\n<p>Stra\u00dfe\n<\/p>\n<p><span class=\"wpcf7-form-control-wrap\" data-name=\"Strasse\"><input size=\"40\" maxlength=\"400\" class=\"wpcf7-form-control wpcf7-text\" aria-invalid=\"false\" value=\"\" type=\"text\" name=\"Strasse\" \/><\/span>\n<\/p>\n<p>PLZ\n<\/p>\n<p><span class=\"wpcf7-form-control-wrap\" data-name=\"PLZ\"><input size=\"40\" maxlength=\"400\" class=\"wpcf7-form-control wpcf7-text\" aria-invalid=\"false\" value=\"\" type=\"text\" name=\"PLZ\" \/><\/span>\n<\/p>\n<p>Ort\n<\/p>\n<p><span class=\"wpcf7-form-control-wrap\" data-name=\"Ort\"><input size=\"40\" maxlength=\"400\" class=\"wpcf7-form-control wpcf7-text\" aria-invalid=\"false\" value=\"\" type=\"text\" name=\"Ort\" \/><\/span>\n<\/p>\n<p>Telefon\n<\/p>\n<p><span class=\"wpcf7-form-control-wrap\" data-name=\"Telefon\"><input size=\"40\" maxlength=\"400\" class=\"wpcf7-form-control wpcf7-text\" aria-invalid=\"false\" value=\"\" type=\"text\" name=\"Telefon\" \/><\/span>\n<\/p>\n<p>E-Mail*\n<\/p>\n<p><span class=\"wpcf7-form-control-wrap\" data-name=\"Email\"><input size=\"40\" maxlength=\"400\" class=\"wpcf7-form-control wpcf7-email wpcf7-validates-as-required wpcf7-text wpcf7-validates-as-email\" aria-required=\"true\" aria-invalid=\"false\" value=\"\" type=\"email\" name=\"Email\" \/><\/span>\n<\/p>\n<p>Produkt*\n<\/p>\n<p><span class=\"wpcf7-form-control-wrap\" data-name=\"Produkt\"><input size=\"40\" maxlength=\"400\" class=\"wpcf7-form-control wpcf7-text wpcf7-validates-as-required\" aria-required=\"true\" aria-invalid=\"false\" value=\"\" type=\"text\" name=\"Produkt\" \/><\/span>\n<\/p>\n<p>Ihre Anfrage*\n<\/p>\n<p><span class=\"wpcf7-form-control-wrap\" data-name=\"Anfrage\"><textarea cols=\"40\" rows=\"10\" maxlength=\"2000\" class=\"wpcf7-form-control wpcf7-textarea wpcf7-validates-as-required\" aria-required=\"true\" aria-invalid=\"false\" name=\"Anfrage\"><\/textarea><\/span>\n<\/p>\n<p>Menge*\n<\/p>\n<p><span class=\"wpcf7-form-control-wrap\" data-name=\"Menge\"><input size=\"40\" maxlength=\"400\" class=\"wpcf7-form-control wpcf7-text wpcf7-validates-as-required\" aria-required=\"true\" aria-invalid=\"false\" value=\"\" type=\"text\" name=\"Menge\" \/><\/span>\n<\/p>\n<p><span class=\"wpcf7-form-control-wrap\" data-name=\"Dateihochladen\"><input size=\"40\" class=\"wpcf7-form-control wpcf7-file\" accept=\"audio\/*,video\/*,image\/*\" aria-invalid=\"false\" type=\"file\" name=\"Dateihochladen\" \/><\/span>\n<\/p>\n<p><span class=\"wpcf7-form-control-wrap\" data-name=\"AndereMglichkeiten\"><select class=\"wpcf7-form-control wpcf7-select\" aria-invalid=\"false\" name=\"AndereMglichkeiten\"><option value=\"\">&#8211; Bitte ausw\u00e4hlen &#8211;<\/option><option value=\"per FTP (Dateiname)\">per FTP (Dateiname)<\/option><option value=\"Sonstiges\">Sonstiges<\/option><\/select><\/span>\n<\/p>\n<p><span class=\"wpcf7-form-control-wrap\" data-name=\"Dateiname\"><input size=\"40\" maxlength=\"400\" class=\"wpcf7-form-control wpcf7-text\" aria-invalid=\"false\" value=\"\" type=\"text\" name=\"Dateiname\" \/><\/span>\n<\/p>\n<p>Bitte beachten Sie, dass der Datenupload auf 1 Datei mit max. 25 MB beschr\u00e4nkt ist. Falls Sie mehrere Daten senden m\u00f6chten, erstellen Sie bitte eine .zip-Datei oder nutzen Sie unseren <a href=\"http:\/\/www.druckundwerbung.at\/wordpress\/kontakt\/\" target=\"_blank\">FTP-Zugang<\/a>.\n<\/p>\n<p><span class=\"wpcf7-form-control-wrap\" data-name=\"AGB\"><span class=\"wpcf7-form-control wpcf7-checkbox wpcf7-validates-as-required\"><span class=\"wpcf7-list-item first last\"><input type=\"checkbox\" name=\"AGB[]\" value=\"*Ich habe die AGB gelesen und akzeptiere diese.\" \/><span class=\"wpcf7-list-item-label\">*Ich habe die AGB gelesen und akzeptiere diese.<\/span><\/span><\/span><\/span>\n<\/p>\n<p>*Pflichtfelder\n<\/p>\n<div>\n<div class=\"wpcf7-turnstile cf-turnstile\" data-sitekey=\"0x4AAAAAACKJflP6DS0b8kCH\" data-response-field-name=\"_wpcf7_turnstile_response\"><\/div>\n<\/div>\n<p><input class=\"wpcf7-form-control wpcf7-submit has-spinner\" type=\"submit\" value=\"Senden\" \/>\n<\/p><div class=\"wpcf7-response-output\" aria-hidden=\"true\"><\/div>\n<\/form>\n<\/div>\n[\/vc_column][\/vc_row]<\/p>\n<\/div>","protected":false},"excerpt":{"rendered":"<p>[vc_row][vc_column][vc_column_text] Visitenkarten [\/vc_column_text][ultimate_spacer height=&#8220;35&#8243;][vc_column_text]Visiten sind das Aush\u00e4ngeschild Ihrer Person bzw. Ihres Unternehmens. Es gibt keine zweite Chance f\u00fcr den ersten Eindruck. Gerade\u00a0Visitenkarten spiegeln ein Unternehmen sofort wieder. Deshalb gibt es f\u00fcr uns Standartvisitenkarten und aber auch individuelle Karten. Ihre Visitenkarten werden nach Ihren Vorgaben produziert und bei uns f\u00fcr Sie archiviert, um einen raschen Nachdruck&hellip;<\/p>\n","protected":false},"author":1,"featured_media":0,"parent":583,"menu_order":0,"comment_status":"closed","ping_status":"closed","template":"","meta":{"footnotes":""},"class_list":["post-731","page","type-page","status-publish","hentry","description-off"],"_links":{"self":[{"href":"https:\/\/www.druckundwerbung.at\/wordpress\/wp-json\/wp\/v2\/pages\/731","targetHints":{"allow":["GET"]}}],"collection":[{"href":"https:\/\/www.druckundwerbung.at\/wordpress\/wp-json\/wp\/v2\/pages"}],"about":[{"href":"https:\/\/www.druckundwerbung.at\/wordpress\/wp-json\/wp\/v2\/types\/page"}],"author":[{"embeddable":true,"href":"https:\/\/www.druckundwerbung.at\/wordpress\/wp-json\/wp\/v2\/users\/1"}],"replies":[{"embeddable":true,"href":"https:\/\/www.druckundwerbung.at\/wordpress\/wp-json\/wp\/v2\/comments?post=731"}],"version-history":[{"count":3,"href":"https:\/\/www.druckundwerbung.at\/wordpress\/wp-json\/wp\/v2\/pages\/731\/revisions"}],"predecessor-version":[{"id":1334,"href":"https:\/\/www.druckundwerbung.at\/wordpress\/wp-json\/wp\/v2\/pages\/731\/revisions\/1334"}],"up":[{"embeddable":true,"href":"https:\/\/www.druckundwerbung.at\/wordpress\/wp-json\/wp\/v2\/pages\/583"}],"wp:attachment":[{"href":"https:\/\/www.druckundwerbung.at\/wordpress\/wp-json\/wp\/v2\/media?parent=731"}],"curies":[{"name":"wp","href":"https:\/\/api.w.org\/{rel}","templated":true}]}}