{"id":768,"date":"2016-03-29T10:07:32","date_gmt":"2016-03-29T09:07:32","guid":{"rendered":"http:\/\/www.druckundwerbung.at\/wordpress\/?page_id=768"},"modified":"2016-03-29T10:07:32","modified_gmt":"2016-03-29T09:07:32","slug":"auslagen","status":"publish","type":"page","link":"https:\/\/www.druckundwerbung.at\/wordpress\/werbetechnik\/auslagen\/","title":{"rendered":"Auslagen"},"content":{"rendered":"<div class=\"wpb-content-wrapper\"><p>[vc_row][vc_column][vc_column_text]<\/p>\n<h1>Auslagen<\/h1>\n<p>[\/vc_column_text][ultimate_spacer height=&#8220;35&#8243;][vc_column_text]Sie m\u00f6chten Ihre <strong>Auslagen als Werbefl\u00e4che und Blickfang<\/strong> n\u00fctzen?<\/p>\n<p>Es gibt viele verschiedene M\u00f6glichkeiten Ihre Auslage zu bekleben. Von einfachen Klebebuchstaben bis hin zur Vollverklebung. Hier k\u00f6nnen Sie eine elegante <strong>Glasdekorfolie<\/strong> oder eine <strong>transluzente Folie<\/strong> w\u00e4hlen.<\/p>\n<p>Eine weitere Variante f\u00fcr Auslagenbeschriftung ist die Beklebung mit einer <strong>Fensterlochfolie<\/strong>. Der Hauptvorteil der Fensterlochfolie ist die vollst\u00e4ndige Durchsicht von Innen und die trotzdem gute Sichtbarkeit der Grafik von au\u00dfen.[\/vc_column_text][ultimate_spacer height=&#8220;50&#8243;][\/vc_column][\/vc_row][vc_row][vc_column][vc_column_text]<\/p>\n<h2>Kontakt &amp; Anfrage<\/h2>\n<p>[\/vc_column_text][ultimate_spacer height=&#8220;25&#8243;][vc_column_text]<\/p>\n<div class=\"wpb_text_column wpb_content_element \">\n<div class=\"wpb_wrapper\">\n<p>Mehr erfahren oder bestellen? Senden Sie uns Ihre Anfrage einfach \u00fcber das <strong>untenstehende Formular<\/strong> oder auf\u00a0<a href=\"mailto:auftrag@druckundwerbug.at\">anfrage@druckundwerbung.at<\/a>. Sie erhalten prompt Ihr pers\u00f6nliches und unverbindliches Angebot.<\/p>\n<p><strong>Telefonisch<\/strong> sind wir unter <a href=\"tel:+432622 69467\">+43 2622 69467<\/a> erreichbar \u2013 oder besuchen Sie uns <strong>vor Ort<\/strong> in der <a href=\"https:\/\/www.google.at\/maps\/place\/Druck+%26+Werbung+Rauch\/@47.8221447,16.2181524,18z\/data=!4m7!1m4!3m3!1s0x476dcbe6f15ce4d3:0xf24f3ca361b5811f!2sFischauer+G.+209,+2700+Wiener+Neustadt!3b1!3m1!1s0x476dcbe6f0eb09b9:0x4e9f3f0c234d8d8a\" target=\"_blank\">Fischauergasse 209, 2700 Wiener Neustadt<\/a>. Wir freuen uns!<\/p>\n<p><strong>Um Ihre Anfrage rasch und ordnungsgem\u00e4\u00df bearbeiten zu k\u00f6nnen, sollte sie nachstehende Punkte beinhalten:<\/strong><\/p>\n<ul>\n<li>Bei Brosch\u00fcren udgl. bitte Seitenanzahl angeben<\/li>\n<li>Gew\u00fcnschtes offenes bzw. Endformat und Gr\u00f6\u00dfe<\/li>\n<li>Druck in Farbe oder SW<\/li>\n<li>Material und Grammatur<\/li>\n<li>Weiterverarbeitung (falzen, schneiden, binden etc.)<\/li>\n<li>Daten-Anlieferung (druckfertiges PDF, offene Daten oder Erstellung durch uns)<\/li>\n<li>St\u00fcckzahl<\/li>\n<\/ul>\n<\/div>\n<\/div>\n<p>[\/vc_column_text][ultimate_spacer height=&#8220;50&#8243;][\/vc_column][\/vc_row][vc_row][vc_column]\n<div class=\"wpcf7 no-js\" id=\"wpcf7-f580-o1\" lang=\"de-DE\" dir=\"ltr\" data-wpcf7-id=\"580\">\n<div class=\"screen-reader-response\"><p role=\"status\" aria-live=\"polite\" aria-atomic=\"true\"><\/p> <ul><\/ul><\/div>\n<form action=\"\/wordpress\/wp-json\/wp\/v2\/pages\/768#wpcf7-f580-o1\" method=\"post\" class=\"wpcf7-form init\" aria-label=\"Kontaktformular\" enctype=\"multipart\/form-data\" novalidate=\"novalidate\" data-status=\"init\">\n<fieldset class=\"hidden-fields-container\"><input type=\"hidden\" name=\"_wpcf7\" value=\"580\" \/><input type=\"hidden\" name=\"_wpcf7_version\" value=\"6.1.5\" \/><input type=\"hidden\" name=\"_wpcf7_locale\" value=\"de_DE\" \/><input type=\"hidden\" name=\"_wpcf7_unit_tag\" value=\"wpcf7-f580-o1\" \/><input type=\"hidden\" name=\"_wpcf7_container_post\" value=\"0\" \/><input type=\"hidden\" name=\"_wpcf7_posted_data_hash\" value=\"\" \/><input type=\"hidden\" name=\"_wpcf7_recaptcha_response\" value=\"\" \/>\n<\/fieldset>\n<p>Firma\n<\/p>\n<p><span class=\"wpcf7-form-control-wrap\" data-name=\"Firma\"><input size=\"40\" maxlength=\"400\" class=\"wpcf7-form-control wpcf7-text\" aria-invalid=\"false\" value=\"\" type=\"text\" name=\"Firma\" \/><\/span>\n<\/p>\n<p><span class=\"wpcf7-form-control-wrap\" data-name=\"Anrede\"><span class=\"wpcf7-form-control wpcf7-checkbox wpcf7-validates-as-required wpcf7-exclusive-checkbox\"><span class=\"wpcf7-list-item first\"><input type=\"checkbox\" name=\"Anrede\" value=\"Herr\" \/><span class=\"wpcf7-list-item-label\">Herr<\/span><\/span><span class=\"wpcf7-list-item last\"><input type=\"checkbox\" name=\"Anrede\" value=\"Frau*\" \/><span class=\"wpcf7-list-item-label\">Frau*<\/span><\/span><\/span><\/span>\n<\/p>\n<p>Titel\n<\/p>\n<p><span class=\"wpcf7-form-control-wrap\" data-name=\"Titel\"><input size=\"40\" maxlength=\"400\" class=\"wpcf7-form-control wpcf7-text\" aria-invalid=\"false\" value=\"\" type=\"text\" name=\"Titel\" \/><\/span>\n<\/p>\n<p>Vorname*\n<\/p>\n<p><span class=\"wpcf7-form-control-wrap\" data-name=\"Vorname\"><input size=\"40\" maxlength=\"400\" class=\"wpcf7-form-control wpcf7-text wpcf7-validates-as-required\" aria-required=\"true\" aria-invalid=\"false\" value=\"\" type=\"text\" name=\"Vorname\" \/><\/span>\n<\/p>\n<p>Nachname*\n<\/p>\n<p><span class=\"wpcf7-form-control-wrap\" data-name=\"Nachname\"><input size=\"40\" maxlength=\"400\" class=\"wpcf7-form-control wpcf7-text wpcf7-validates-as-required\" aria-required=\"true\" aria-invalid=\"false\" value=\"\" type=\"text\" name=\"Nachname\" \/><\/span>\n<\/p>\n<p>Stra\u00dfe\n<\/p>\n<p><span class=\"wpcf7-form-control-wrap\" data-name=\"Strasse\"><input size=\"40\" maxlength=\"400\" class=\"wpcf7-form-control wpcf7-text\" aria-invalid=\"false\" value=\"\" type=\"text\" name=\"Strasse\" \/><\/span>\n<\/p>\n<p>PLZ\n<\/p>\n<p><span class=\"wpcf7-form-control-wrap\" data-name=\"PLZ\"><input size=\"40\" maxlength=\"400\" class=\"wpcf7-form-control wpcf7-text\" aria-invalid=\"false\" value=\"\" type=\"text\" name=\"PLZ\" \/><\/span>\n<\/p>\n<p>Ort\n<\/p>\n<p><span class=\"wpcf7-form-control-wrap\" data-name=\"Ort\"><input size=\"40\" maxlength=\"400\" class=\"wpcf7-form-control wpcf7-text\" aria-invalid=\"false\" value=\"\" type=\"text\" name=\"Ort\" \/><\/span>\n<\/p>\n<p>Telefon\n<\/p>\n<p><span class=\"wpcf7-form-control-wrap\" data-name=\"Telefon\"><input size=\"40\" maxlength=\"400\" class=\"wpcf7-form-control wpcf7-text\" aria-invalid=\"false\" value=\"\" type=\"text\" name=\"Telefon\" \/><\/span>\n<\/p>\n<p>E-Mail*\n<\/p>\n<p><span class=\"wpcf7-form-control-wrap\" data-name=\"Email\"><input size=\"40\" maxlength=\"400\" class=\"wpcf7-form-control wpcf7-email wpcf7-validates-as-required wpcf7-text wpcf7-validates-as-email\" aria-required=\"true\" aria-invalid=\"false\" value=\"\" type=\"email\" name=\"Email\" \/><\/span>\n<\/p>\n<p>Produkt*\n<\/p>\n<p><span class=\"wpcf7-form-control-wrap\" data-name=\"Produkt\"><input size=\"40\" maxlength=\"400\" class=\"wpcf7-form-control wpcf7-text wpcf7-validates-as-required\" aria-required=\"true\" aria-invalid=\"false\" value=\"\" type=\"text\" name=\"Produkt\" \/><\/span>\n<\/p>\n<p>Ihre Anfrage*\n<\/p>\n<p><span class=\"wpcf7-form-control-wrap\" data-name=\"Anfrage\"><textarea cols=\"40\" rows=\"10\" maxlength=\"2000\" class=\"wpcf7-form-control wpcf7-textarea wpcf7-validates-as-required\" aria-required=\"true\" aria-invalid=\"false\" name=\"Anfrage\"><\/textarea><\/span>\n<\/p>\n<p>Menge*\n<\/p>\n<p><span class=\"wpcf7-form-control-wrap\" data-name=\"Menge\"><input size=\"40\" maxlength=\"400\" class=\"wpcf7-form-control wpcf7-text wpcf7-validates-as-required\" aria-required=\"true\" aria-invalid=\"false\" value=\"\" type=\"text\" name=\"Menge\" \/><\/span>\n<\/p>\n<p><span class=\"wpcf7-form-control-wrap\" data-name=\"Dateihochladen\"><input size=\"40\" class=\"wpcf7-form-control wpcf7-file\" accept=\"audio\/*,video\/*,image\/*\" aria-invalid=\"false\" type=\"file\" name=\"Dateihochladen\" \/><\/span>\n<\/p>\n<p><span class=\"wpcf7-form-control-wrap\" data-name=\"AndereMglichkeiten\"><select class=\"wpcf7-form-control wpcf7-select\" aria-invalid=\"false\" name=\"AndereMglichkeiten\"><option value=\"\">&#8211; Bitte ausw\u00e4hlen &#8211;<\/option><option value=\"per FTP (Dateiname)\">per FTP (Dateiname)<\/option><option value=\"Sonstiges\">Sonstiges<\/option><\/select><\/span>\n<\/p>\n<p><span class=\"wpcf7-form-control-wrap\" data-name=\"Dateiname\"><input size=\"40\" maxlength=\"400\" class=\"wpcf7-form-control wpcf7-text\" aria-invalid=\"false\" value=\"\" type=\"text\" name=\"Dateiname\" \/><\/span>\n<\/p>\n<p>Bitte beachten Sie, dass der Datenupload auf 1 Datei mit max. 25 MB beschr\u00e4nkt ist. Falls Sie mehrere Daten senden m\u00f6chten, erstellen Sie bitte eine .zip-Datei oder nutzen Sie unseren <a href=\"http:\/\/www.druckundwerbung.at\/wordpress\/kontakt\/\" target=\"_blank\">FTP-Zugang<\/a>.\n<\/p>\n<p><span class=\"wpcf7-form-control-wrap\" data-name=\"AGB\"><span class=\"wpcf7-form-control wpcf7-checkbox wpcf7-validates-as-required\"><span class=\"wpcf7-list-item first last\"><input type=\"checkbox\" name=\"AGB[]\" value=\"*Ich habe die AGB gelesen und akzeptiere diese.\" \/><span class=\"wpcf7-list-item-label\">*Ich habe die AGB gelesen und akzeptiere diese.<\/span><\/span><\/span><\/span>\n<\/p>\n<p>*Pflichtfelder\n<\/p>\n<div>\n<div class=\"wpcf7-turnstile cf-turnstile\" data-sitekey=\"0x4AAAAAACKJflP6DS0b8kCH\" data-response-field-name=\"_wpcf7_turnstile_response\"><\/div>\n<\/div>\n<p><input class=\"wpcf7-form-control wpcf7-submit has-spinner\" type=\"submit\" value=\"Senden\" \/>\n<\/p><div class=\"wpcf7-response-output\" aria-hidden=\"true\"><\/div>\n<\/form>\n<\/div>\n[\/vc_column][\/vc_row]<\/p>\n<\/div>","protected":false},"excerpt":{"rendered":"<p>[vc_row][vc_column][vc_column_text] Auslagen [\/vc_column_text][ultimate_spacer height=&#8220;35&#8243;][vc_column_text]Sie m\u00f6chten Ihre Auslagen als Werbefl\u00e4che und Blickfang n\u00fctzen? Es gibt viele verschiedene M\u00f6glichkeiten Ihre Auslage zu bekleben. Von einfachen Klebebuchstaben bis hin zur Vollverklebung. Hier k\u00f6nnen Sie eine elegante Glasdekorfolie oder eine transluzente Folie w\u00e4hlen. Eine weitere Variante f\u00fcr Auslagenbeschriftung ist die Beklebung mit einer Fensterlochfolie. Der Hauptvorteil der Fensterlochfolie ist&hellip;<\/p>\n","protected":false},"author":1,"featured_media":0,"parent":620,"menu_order":0,"comment_status":"closed","ping_status":"closed","template":"","meta":{"footnotes":""},"class_list":["post-768","page","type-page","status-publish","hentry","description-off"],"_links":{"self":[{"href":"https:\/\/www.druckundwerbung.at\/wordpress\/wp-json\/wp\/v2\/pages\/768","targetHints":{"allow":["GET"]}}],"collection":[{"href":"https:\/\/www.druckundwerbung.at\/wordpress\/wp-json\/wp\/v2\/pages"}],"about":[{"href":"https:\/\/www.druckundwerbung.at\/wordpress\/wp-json\/wp\/v2\/types\/page"}],"author":[{"embeddable":true,"href":"https:\/\/www.druckundwerbung.at\/wordpress\/wp-json\/wp\/v2\/users\/1"}],"replies":[{"embeddable":true,"href":"https:\/\/www.druckundwerbung.at\/wordpress\/wp-json\/wp\/v2\/comments?post=768"}],"version-history":[{"count":0,"href":"https:\/\/www.druckundwerbung.at\/wordpress\/wp-json\/wp\/v2\/pages\/768\/revisions"}],"up":[{"embeddable":true,"href":"https:\/\/www.druckundwerbung.at\/wordpress\/wp-json\/wp\/v2\/pages\/620"}],"wp:attachment":[{"href":"https:\/\/www.druckundwerbung.at\/wordpress\/wp-json\/wp\/v2\/media?parent=768"}],"curies":[{"name":"wp","href":"https:\/\/api.w.org\/{rel}","templated":true}]}}